{"id":11464,"date":"2020-06-29T08:40:26","date_gmt":"2020-06-29T08:40:26","guid":{"rendered":"https:\/\/terraminoika.com\/superior-apartment\/"},"modified":"2025-10-16T10:37:18","modified_gmt":"2025-10-16T10:37:18","slug":"superior-apartment","status":"publish","type":"page","link":"https:\/\/terraminoika.com\/fr\/superior-apartment\/","title":{"rendered":"Appartement sup\u00e9rieur"},"content":{"rendered":"\t\t<div data-elementor-type=\"wp-page\" data-elementor-id=\"11464\" class=\"elementor elementor-11464 elementor-5695\">\n\t\t\t\t\t\t<section class=\"elementor-section elementor-top-section elementor-element elementor-element-b524934 elementor-section-full_width qodef-elementor-content-grid elementor-section-stretched elementor-section-height-default elementor-section-height-default magic-button-disabled-no\" data-id=\"b524934\" data-element_type=\"section\" data-settings=\"{&quot;stretch_section&quot;:&quot;section-stretched&quot;}\">\n\t\t\t\t\t\t<div class=\"elementor-container elementor-column-gap-no\">\n\t\t\t\t\t<div class=\"elementor-column elementor-col-33 elementor-top-column elementor-element elementor-element-09f25e9\" data-id=\"09f25e9\" data-element_type=\"column\">\n\t\t\t<div class=\"elementor-widget-wrap elementor-element-populated\">\n\t\t\t\t\t\t<div class=\"elementor-element elementor-element-9b82a04 elementor-widget elementor-widget-text-editor\" data-id=\"9b82a04\" data-element_type=\"widget\" data-widget_type=\"text-editor.default\">\n\t\t\t\t<div class=\"elementor-widget-container\">\n\t\t\t\t\t\t\t<p style=\"text-align: right; font-size: 34px; line-height: 40px;\">Vue panoramique sur mer prise de la zone priv\u00e9e voisine.<\/p>\t\t\t\t\t\t<\/div>\n\t\t\t\t<\/div>\n\t\t\t\t\t<\/div>\n\t\t<\/div>\n\t\t\t\t<div class=\"elementor-column elementor-col-66 elementor-top-column elementor-element elementor-element-c7767ca\" data-id=\"c7767ca\" data-element_type=\"column\">\n\t\t\t<div class=\"elementor-widget-wrap elementor-element-populated\">\n\t\t\t\t\t\t<div class=\"elementor-element elementor-element-68f42e6 elementor-widget elementor-widget-alloggio_core_dropcaps\" data-id=\"68f42e6\" data-element_type=\"widget\" data-widget_type=\"alloggio_core_dropcaps.default\">\n\t\t\t\t<div class=\"elementor-widget-container\">\n\t\t\t<div class=\"qodef-shortcode qodef-m  qodef-dropcaps qodef-type--simple\">\n\t<span class=\"qodef-m-letter\" style=\"color: #56C4C4\">L<\/span>\n\t\t\t<p class=\"qodef-m-text\" >e complexe Terra Minoika se compose de cinq b\u00e2timents de deux \u00e9tages qui abritent les suites, les appartements familiaux et une salle de sport. De nombreux coins salons confortables y sont am\u00e9nag\u00e9s. Ils offrent une vue sur la baie de Kato Zakros et sur le jardin, cr\u00e9\u00e9 en totale harmonie avec son environnement naturel.\n<\/p>\n\t<\/div>\t\t<\/div>\n\t\t\t\t<\/div>\n\t\t\t\t<div class=\"elementor-element elementor-element-fd5b3d9 elementor-widget elementor-widget-alloggio_core_dropcaps\" data-id=\"fd5b3d9\" data-element_type=\"widget\" data-widget_type=\"alloggio_core_dropcaps.default\">\n\t\t\t\t<div class=\"elementor-widget-container\">\n\t\t\t<div class=\"qodef-shortcode qodef-m  qodef-dropcaps qodef-type--simple\">\n\t<span class=\"qodef-m-letter\" style=\"color: #56C4C4\"><\/span>\n\t\t\t<p class=\"qodef-m-text\" >\nL&#039;architecture des b\u00e2timents a \u00e9t\u00e9 con\u00e7ue par le propri\u00e9taire, Elias Pagiannidis, qui a fabriqu\u00e9 de ses mains la plupart des meubles. Les cr\u00e9ations artistiques et les petits d\u00e9tails que les visiteurs d\u00e9couvrent en se promenant dans les b\u00e2timents et les recoins du complexe t\u00e9moignent du soin, du go\u00fbt et de la passion qu\u2019ont mis les propri\u00e9taires au service de l\u2019hospitalit\u00e9.\n<\/p>\n\t<\/div>\t\t<\/div>\n\t\t\t\t<\/div>\n\t\t\t\t\t<\/div>\n\t\t<\/div>\n\t\t\t\t\t<\/div>\n\t\t<\/section>\n\t\t\t\t<section class=\"elementor-section elementor-top-section elementor-element elementor-element-46c74d01 elementor-section-full_width elementor-section-stretched elementor-section-height-default elementor-section-height-default magic-button-disabled-no qodef-elementor-content-no\" data-id=\"46c74d01\" data-element_type=\"section\" data-settings=\"{&quot;stretch_section&quot;:&quot;section-stretched&quot;}\">\n\t\t\t\t\t\t<div class=\"elementor-container elementor-column-gap-no\">\n\t\t\t\t\t<div class=\"elementor-column elementor-col-100 elementor-top-column elementor-element elementor-element-46f89bcc\" data-id=\"46f89bcc\" data-element_type=\"column\">\n\t\t\t<div class=\"elementor-widget-wrap elementor-element-populated\">\n\t\t\t\t\t\t<div class=\"elementor-element elementor-element-720c10d2 elementor-widget elementor-widget-alloggio_core_info_card\" data-id=\"720c10d2\" data-element_type=\"widget\" data-widget_type=\"alloggio_core_info_card.default\">\n\t\t\t\t<div class=\"elementor-widget-container\">\n\t\t\t<div class=\"qodef-shortcode qodef-m qodef-button-inverted-hover qodef-info-card qodef-image--right qodef--has-parallax\">\n\t<div class=\"qodef-m-image\">\n\t<img fetchpriority=\"high\" decoding=\"async\" src=\"https:\/\/terraminoika.com\/wp-content\/uploads\/2024\/07\/9-Crop-620x787.jpg\" alt=\"\" width=\"620\" height=\"787\" \/><\/div>\t<div class=\"qodef-m-content\" style=\"background-color: #FFFFFF\">\n\t\t\t<h2 class=\"qodef-m-title\" style=\"color: #3D3D3D\">Appartement sup\u00e9rieur<\/h2>\n\t\t\t\t\t<p class=\"qodef-m-text\" style=\"margin-top: 24px;color: #9F9F9F\">Appartement Une Chambre (40 m\u00b2)\n\nCet appartement comprend une chambre s\u00e9par\u00e9e avec lit queen-size, ainsi qu\u2019un coin salon \u00e9quip\u00e9 d\u2019un canap\u00e9-lit et d\u2019un lit simple suppl\u00e9mentaire, offrant confort et flexibilit\u00e9.\nIl dispose d\u2019une cuisine enti\u00e8rement \u00e9quip\u00e9e, d\u2019une v\u00e9randa priv\u00e9e avec table \u00e0 manger et d\u2019une cour avec balan\u00e7oire et transats de plage, id\u00e9ale pour des moments de d\u00e9tente.\n\nProfitez d\u2019une vue sur la montagne depuis l\u2019appartement et d\u2019une vue imprenable sur la mer depuis un espace salon priv\u00e9 situ\u00e9 \u00e0 seulement quelques pas.\nCapacit\u00e9 d\u2019accueil : jusqu\u2019\u00e0 4 personnes.<\/p>\n\t\t\t<div class=\"qodef-m-button\">\n\t\t<a class=\"qodef-shortcode qodef-m  qodef-button qodef-layout--filled  qodef-html--link\" href=\"https:\/\/terraminoika.reserve-online.net\/\" target=\"_self\" data-hover-background-color=\"#56C4C4\" style=\"color: #FFFFFF;background-color: #56C4C4;margin: -5px 0 0 0\">\t<span class=\"qodef-m-text\">RESERVEZ<\/span>\t<span class=\"qodef-m-background-holder\" style=\"background-color: #56C4C4\"><\/span><\/a>\t<\/div>\n\t\t\t<\/div>\n<\/div>\t\t<\/div>\n\t\t\t\t<\/div>\n\t\t\t\t\t<\/div>\n\t\t<\/div>\n\t\t\t\t\t<\/div>\n\t\t<\/section>\n\t\t\t\t<section class=\"elementor-section elementor-top-section elementor-element elementor-element-64e97b0 elementor-section-boxed elementor-section-height-default elementor-section-height-default magic-button-disabled-no qodef-elementor-content-no\" data-id=\"64e97b0\" data-element_type=\"section\">\n\t\t\t\t\t\t<div class=\"elementor-container elementor-column-gap-default\">\n\t\t\t\t\t<div class=\"elementor-column elementor-col-100 elementor-top-column elementor-element elementor-element-d52fb4e\" data-id=\"d52fb4e\" data-element_type=\"column\">\n\t\t\t<div class=\"elementor-widget-wrap elementor-element-populated\">\n\t\t\t\t\t\t<div class=\"elementor-element elementor-element-fa76291 elementor-widget elementor-widget-heading\" data-id=\"fa76291\" data-element_type=\"widget\" data-widget_type=\"heading.default\">\n\t\t\t\t<div class=\"elementor-widget-container\">\n\t\t\t<h2 class=\"elementor-heading-title elementor-size-default\">Equipements et services<\/h2>\t\t<\/div>\n\t\t\t\t<\/div>\n\t\t\t\t<div class=\"elementor-element elementor-element-f56d1f5 elementor-widget elementor-widget-spacer\" data-id=\"f56d1f5\" data-element_type=\"widget\" data-widget_type=\"spacer.default\">\n\t\t\t\t<div class=\"elementor-widget-container\">\n\t\t\t\t\t<div class=\"elementor-spacer\">\n\t\t\t<div class=\"elementor-spacer-inner\"><\/div>\n\t\t<\/div>\n\t\t\t\t<\/div>\n\t\t\t\t<\/div>\n\t\t\t\t\t<\/div>\n\t\t<\/div>\n\t\t\t\t\t<\/div>\n\t\t<\/section>\n\t\t\t\t<section class=\"elementor-section elementor-top-section elementor-element elementor-element-1285be8 elementor-section-boxed elementor-section-height-default elementor-section-height-default magic-button-disabled-no qodef-elementor-content-no\" data-id=\"1285be8\" data-element_type=\"section\">\n\t\t\t\t\t\t<div class=\"elementor-container elementor-column-gap-default\">\n\t\t\t\t\t<div class=\"elementor-column elementor-col-50 elementor-top-column elementor-element elementor-element-27b702c\" data-id=\"27b702c\" data-element_type=\"column\">\n\t\t\t<div class=\"elementor-widget-wrap elementor-element-populated\">\n\t\t\t\t\t\t<div class=\"elementor-element elementor-element-c3149e6 elementor-widget elementor-widget-text-editor\" data-id=\"c3149e6\" data-element_type=\"widget\" data-widget_type=\"text-editor.default\">\n\t\t\t\t<div class=\"elementor-widget-container\">\n\t\t\t\t\t\t\t<ul>\n \t<li>Vue sur la montagne<\/li>\n \t<li>Vue sur la mer depuis un salon priv\u00e9<\/li>\n \t<li>balcon priv\u00e9 avec table \u00e0 manger<\/li>\n \t<li>Cour priv\u00e9e avec balan\u00e7oire et coin salon<\/li>\n \t<li>Climatisation<\/li>\n \t<li>Serviettes de plage<\/li>\n \t<li>T\u00e9l\u00e9vision connect\u00e9e \u00e0 \u00e9cran plat<\/li>\n \t<li>Table \u00e0 manger<\/li>\n \t<li>Petite cuisine enti\u00e8rement \u00e9quip\u00e9e<\/li>\n \t<li>Machine \u00e0 caf\u00e9 \u00e0 capsules, cafeti\u00e8re, bouilloire, grille-pain et th\u00e9i\u00e8re<\/li>\n \t<li>Caf\u00e9 et th\u00e9 offerts<\/li>\n \t<li>Huile d&rsquo;olive, eau de source de Zakros<\/li>\n \t<li>R\u00e9frig\u00e9rateur<\/li>\n \t<li>Savons, shampoings et lotions offerts<\/li>\n<li>Parking gratuit<\/li>\n<\/ul>\t\t\t\t\t\t<\/div>\n\t\t\t\t<\/div>\n\t\t\t\t\t<\/div>\n\t\t<\/div>\n\t\t\t\t<div class=\"elementor-column elementor-col-50 elementor-top-column elementor-element elementor-element-241afc2\" data-id=\"241afc2\" data-element_type=\"column\">\n\t\t\t<div class=\"elementor-widget-wrap elementor-element-populated\">\n\t\t\t\t\t\t<div class=\"elementor-element elementor-element-2691729 elementor-widget elementor-widget-text-editor\" data-id=\"2691729\" data-element_type=\"widget\" data-widget_type=\"text-editor.default\">\n\t\t\t\t<div class=\"elementor-widget-container\">\n\t\t\t\t\t\t\t<ul><li>Service de m\u00e9nage quotidien<\/li><li>Articles de toilette gratuits<\/li><li>Peignoirs et chaussons<\/li><li>S\u00e8che-cheveux<\/li><li>Service de blanchisserie (en suppl\u00e9ment)<\/li><li>Fer \u00e0 repasser<\/li><li>Miroir grossissant<\/li><li>Coffre-fort<\/li><li>Salon<\/li><li>Canap\u00e9-lit<\/li><li>Penderie<\/li><li>Armoire<\/li><li>Bureau<\/li><li>Fen\u00eatres insonorisantes, moustiquaires<\/li><li>S\u00e9choir \u00e0 linge<\/li><li>Wifi (gratuit)<\/li><\/ul>\t\t\t\t\t\t<\/div>\n\t\t\t\t<\/div>\n\t\t\t\t\t<\/div>\n\t\t<\/div>\n\t\t\t\t\t<\/div>\n\t\t<\/section>\n\t\t\t\t<section class=\"elementor-section elementor-top-section elementor-element elementor-element-6ff99d3a elementor-section-full_width elementor-section-stretched elementor-section-height-default elementor-section-height-default magic-button-disabled-no qodef-elementor-content-no\" data-id=\"6ff99d3a\" data-element_type=\"section\" data-settings=\"{&quot;stretch_section&quot;:&quot;section-stretched&quot;}\">\n\t\t\t\t\t\t<div class=\"elementor-container elementor-column-gap-no\">\n\t\t\t\t\t<div class=\"elementor-column elementor-col-100 elementor-top-column elementor-element elementor-element-4b074c7f\" data-id=\"4b074c7f\" data-element_type=\"column\">\n\t\t\t<div class=\"elementor-widget-wrap elementor-element-populated\">\n\t\t\t\t\t\t<div class=\"elementor-element elementor-element-e4e2f81 elementor-widget elementor-widget-spacer\" data-id=\"e4e2f81\" data-element_type=\"widget\" data-widget_type=\"spacer.default\">\n\t\t\t\t<div class=\"elementor-widget-container\">\n\t\t\t\t\t<div class=\"elementor-spacer\">\n\t\t\t<div class=\"elementor-spacer-inner\"><\/div>\n\t\t<\/div>\n\t\t\t\t<\/div>\n\t\t\t\t<\/div>\n\t\t\t\t<div class=\"elementor-element elementor-element-db5c988 elementor-widget elementor-widget-alloggio_core_centered_slider\" data-id=\"db5c988\" data-element_type=\"widget\" data-widget_type=\"alloggio_core_centered_slider.default\">\n\t\t\t\t<div class=\"elementor-widget-container\">\n\t\t\t<div class=\"qodef-shortcode qodef-m  qodef-centered-slider qodef-swiper-container qodef---has-hover\" data-options=\"{&quot;slidesPerView&quot;:&quot;auto&quot;,&quot;slidesPerView1440&quot;:&quot;auto&quot;,&quot;slidesPerView1366&quot;:&quot;auto&quot;,&quot;slidesPerView1024&quot;:&quot;auto&quot;,&quot;slidesPerView768&quot;:&quot;1&quot;,&quot;centeredSlides&quot;:&quot;true&quot;}\">\n\t<div class=\"swiper-wrapper\">\n\t\t\t\t\t<div class=\"qodef-m-item swiper-slide\">\n\t\t\t\t\t\t\t\t\t<div class=\"qodef-m-image-holder\"><div class=\"qodef-m-image\">\n\t\t\t\t\t\t<img decoding=\"async\" src=\"https:\/\/terraminoika.com\/wp-content\/uploads\/2024\/07\/1-Copy-4.jpg\" alt=\"\"\/>\n\t\t\t\t\t<\/div><\/div>\n\t\t\t\t\t\t\t\t\t\t\t\t\t\t\t<\/div>\n\t\t\t\t\t<div class=\"qodef-m-item swiper-slide\">\n\t\t\t\t\t\t\t\t\t<div class=\"qodef-m-image-holder\"><div class=\"qodef-m-image\">\n\t\t\t\t\t\t<img decoding=\"async\" src=\"https:\/\/terraminoika.com\/wp-content\/uploads\/2024\/07\/2-Copy-3.jpg\" alt=\"\"\/>\n\t\t\t\t\t<\/div><\/div>\n\t\t\t\t\t\t\t\t\t\t\t\t\t\t\t<\/div>\n\t\t\t\t\t<div class=\"qodef-m-item swiper-slide\">\n\t\t\t\t\t\t\t\t\t<div class=\"qodef-m-image-holder\"><div class=\"qodef-m-image\">\n\t\t\t\t\t\t<img decoding=\"async\" src=\"https:\/\/terraminoika.com\/wp-content\/uploads\/2024\/07\/3-Copy-3.jpg\" alt=\"\"\/>\n\t\t\t\t\t<\/div><\/div>\n\t\t\t\t\t\t\t\t\t\t\t\t\t\t\t<\/div>\n\t\t\t\t\t<div class=\"qodef-m-item swiper-slide\">\n\t\t\t\t\t\t\t\t\t<div class=\"qodef-m-image-holder\"><div class=\"qodef-m-image\">\n\t\t\t\t\t\t<img decoding=\"async\" src=\"https:\/\/terraminoika.com\/wp-content\/uploads\/2024\/07\/4-Copy-3.jpg\" alt=\"\"\/>\n\t\t\t\t\t<\/div><\/div>\n\t\t\t\t\t\t\t\t\t\t\t\t\t\t\t<\/div>\n\t\t\t\t\t<div class=\"qodef-m-item swiper-slide\">\n\t\t\t\t\t\t\t\t\t<div class=\"qodef-m-image-holder\"><div class=\"qodef-m-image\">\n\t\t\t\t\t\t<img decoding=\"async\" src=\"https:\/\/terraminoika.com\/wp-content\/uploads\/2024\/07\/13-Copy-3.jpg\" alt=\"\"\/>\n\t\t\t\t\t<\/div><\/div>\n\t\t\t\t\t\t\t\t\t\t\t\t\t\t\t<\/div>\n\t\t\t\t\t<div class=\"qodef-m-item swiper-slide\">\n\t\t\t\t\t\t\t\t\t<div class=\"qodef-m-image-holder\"><div class=\"qodef-m-image\">\n\t\t\t\t\t\t<img decoding=\"async\" src=\"https:\/\/terraminoika.com\/wp-content\/uploads\/2024\/07\/12-Copy-3-e1719394819471.jpg\" alt=\"\"\/>\n\t\t\t\t\t<\/div><\/div>\n\t\t\t\t\t\t\t\t\t\t\t\t\t\t\t<\/div>\n\t\t\t\t\t<div class=\"qodef-m-item swiper-slide\">\n\t\t\t\t\t\t\t\t\t<div class=\"qodef-m-image-holder\"><div class=\"qodef-m-image\">\n\t\t\t\t\t\t<img decoding=\"async\" src=\"https:\/\/terraminoika.com\/wp-content\/uploads\/2024\/07\/23-Copy-1.jpg\" alt=\"\"\/>\n\t\t\t\t\t<\/div><\/div>\n\t\t\t\t\t\t\t\t\t\t\t\t\t\t\t<\/div>\n\t\t\t\t\t<div class=\"qodef-m-item swiper-slide\">\n\t\t\t\t\t\t\t\t\t<div class=\"qodef-m-image-holder\"><div class=\"qodef-m-image\">\n\t\t\t\t\t\t<img decoding=\"async\" src=\"https:\/\/terraminoika.com\/wp-content\/uploads\/2024\/07\/11-Copy-3.jpg\" alt=\"\"\/>\n\t\t\t\t\t<\/div><\/div>\n\t\t\t\t\t\t\t\t\t\t\t\t\t\t\t<\/div>\n\t\t\t\t\t<div class=\"qodef-m-item swiper-slide\">\n\t\t\t\t\t\t\t\t\t<div class=\"qodef-m-image-holder\"><div class=\"qodef-m-image\">\n\t\t\t\t\t\t<img decoding=\"async\" src=\"https:\/\/terraminoika.com\/wp-content\/uploads\/2024\/07\/5-Copy-3.jpg\" alt=\"\"\/>\n\t\t\t\t\t<\/div><\/div>\n\t\t\t\t\t\t\t\t\t\t\t\t\t\t\t<\/div>\n\t\t\t\t\t<div class=\"qodef-m-item swiper-slide\">\n\t\t\t\t\t\t\t\t\t<div class=\"qodef-m-image-holder\"><div class=\"qodef-m-image\">\n\t\t\t\t\t\t<img decoding=\"async\" src=\"https:\/\/terraminoika.com\/wp-content\/uploads\/2024\/07\/6-Copy-3-1.jpg\" alt=\"\"\/>\n\t\t\t\t\t<\/div><\/div>\n\t\t\t\t\t\t\t\t\t\t\t\t\t\t\t<\/div>\n\t\t\t\t\t<div class=\"qodef-m-item swiper-slide\">\n\t\t\t\t\t\t\t\t\t<div class=\"qodef-m-image-holder\"><div class=\"qodef-m-image\">\n\t\t\t\t\t\t<img decoding=\"async\" src=\"https:\/\/terraminoika.com\/wp-content\/uploads\/2024\/07\/7-Copy-3.jpg\" alt=\"\"\/>\n\t\t\t\t\t<\/div><\/div>\n\t\t\t\t\t\t\t\t\t\t\t\t\t\t\t<\/div>\n\t\t\t\t\t<div class=\"qodef-m-item swiper-slide\">\n\t\t\t\t\t\t\t\t\t<div class=\"qodef-m-image-holder\"><div class=\"qodef-m-image\">\n\t\t\t\t\t\t<img decoding=\"async\" src=\"https:\/\/terraminoika.com\/wp-content\/uploads\/2024\/07\/8-Copy-3.jpg\" alt=\"\"\/>\n\t\t\t\t\t<\/div><\/div>\n\t\t\t\t\t\t\t\t\t\t\t\t\t\t\t<\/div>\n\t\t\t\t\t<div class=\"qodef-m-item swiper-slide\">\n\t\t\t\t\t\t\t\t\t<div class=\"qodef-m-image-holder\"><div class=\"qodef-m-image\">\n\t\t\t\t\t\t<img decoding=\"async\" src=\"https:\/\/terraminoika.com\/wp-content\/uploads\/2024\/07\/9-Copy-3.jpg\" alt=\"\"\/>\n\t\t\t\t\t<\/div><\/div>\n\t\t\t\t\t\t\t\t\t\t\t\t\t\t\t<\/div>\n\t\t\t<\/div>\n\t\t<div class=\"swiper-pagination\"><\/div><\/div>\t\t<\/div>\n\t\t\t\t<\/div>\n\t\t\t\t\t<\/div>\n\t\t<\/div>\n\t\t\t\t\t<\/div>\n\t\t<\/section>\n\t\t\t\t<\/div>\n\t\t","protected":false},"excerpt":{"rendered":"<p>Vue panoramique sur mer prise de la zone priv\u00e9e voisine. L e complexe Terra Minoika se compose de cinq b\u00e2timents de deux \u00e9tages qui abritent les suites, les appartements familiaux et une salle de sport. De nombreux coins salons confortables y sont am\u00e9nag\u00e9s. Ils offrent une vue sur la baie de Kato Zakros et sur [&hellip;]<\/p>\n","protected":false},"author":1,"featured_media":0,"parent":0,"menu_order":60,"comment_status":"closed","ping_status":"closed","template":"","meta":{"footnotes":""},"yoast_head":"<!-- This site is optimized with the Yoast SEO plugin v22.9 - https:\/\/yoast.com\/wordpress\/plugins\/seo\/ -->\n<title>Appartement sup\u00e9rieur - Terra Minoika<\/title>\n<meta name=\"robots\" content=\"index, follow, max-snippet:-1, max-image-preview:large, max-video-preview:-1\" \/>\n<link rel=\"canonical\" href=\"https:\/\/terraminoika.com\/superior-apartment\/\" \/>\n<meta property=\"og:locale\" content=\"fr_FR\" \/>\n<meta property=\"og:type\" content=\"article\" \/>\n<meta property=\"og:title\" content=\"Appartement sup\u00e9rieur - Terra Minoika\" \/>\n<meta property=\"og:description\" content=\"Vue panoramique sur mer prise de la zone priv\u00e9e voisine. L e complexe Terra Minoika se compose de cinq b\u00e2timents de deux \u00e9tages qui abritent les suites, les appartements familiaux et une salle de sport. De nombreux coins salons confortables y sont am\u00e9nag\u00e9s. Ils offrent une vue sur la baie de Kato Zakros et sur [&hellip;]\" \/>\n<meta property=\"og:url\" content=\"https:\/\/terraminoika.com\/superior-apartment\/\" \/>\n<meta property=\"og:site_name\" content=\"Terra Minoika\" \/>\n<meta property=\"article:modified_time\" content=\"2025-10-16T10:37:18+00:00\" \/>\n<meta property=\"og:image\" content=\"https:\/\/terraminoika.com\/wp-content\/uploads\/2024\/07\/9-Crop-620x787.jpg\" \/>\n<meta name=\"twitter:card\" content=\"summary_large_image\" \/>\n<meta name=\"twitter:label1\" content=\"Dur\u00e9e de lecture estim\u00e9e\" \/>\n\t<meta name=\"twitter:data1\" content=\"10 minutes\" \/>\n<script type=\"application\/ld+json\" class=\"yoast-schema-graph\">{\"@context\":\"https:\/\/schema.org\",\"@graph\":[{\"@type\":\"WebPage\",\"@id\":\"https:\/\/terraminoika.com\/superior-apartment\/\",\"url\":\"https:\/\/terraminoika.com\/superior-apartment\/\",\"name\":\"Appartement sup\u00e9rieur - Terra Minoika\",\"isPartOf\":{\"@id\":\"https:\/\/terraminoika.com\/#website\"},\"primaryImageOfPage\":{\"@id\":\"https:\/\/terraminoika.com\/superior-apartment\/#primaryimage\"},\"image\":{\"@id\":\"https:\/\/terraminoika.com\/superior-apartment\/#primaryimage\"},\"thumbnailUrl\":\"https:\/\/terraminoika.com\/wp-content\/uploads\/2024\/07\/9-Crop-620x787.jpg\",\"datePublished\":\"2020-06-29T08:40:26+00:00\",\"dateModified\":\"2025-10-16T10:37:18+00:00\",\"breadcrumb\":{\"@id\":\"https:\/\/terraminoika.com\/superior-apartment\/#breadcrumb\"},\"inLanguage\":\"fr-FR\",\"potentialAction\":[{\"@type\":\"ReadAction\",\"target\":[\"https:\/\/terraminoika.com\/superior-apartment\/\"]}]},{\"@type\":\"ImageObject\",\"inLanguage\":\"fr-FR\",\"@id\":\"https:\/\/terraminoika.com\/superior-apartment\/#primaryimage\",\"url\":\"https:\/\/terraminoika.com\/wp-content\/uploads\/2024\/07\/9-Crop-620x787.jpg\",\"contentUrl\":\"https:\/\/terraminoika.com\/wp-content\/uploads\/2024\/07\/9-Crop-620x787.jpg\"},{\"@type\":\"BreadcrumbList\",\"@id\":\"https:\/\/terraminoika.com\/superior-apartment\/#breadcrumb\",\"itemListElement\":[{\"@type\":\"ListItem\",\"position\":1,\"name\":\"\u0391\u03c1\u03c7\u03b9\u03ba\u03ae\",\"item\":\"https:\/\/terraminoika.com\/\"},{\"@type\":\"ListItem\",\"position\":2,\"name\":\"Appartement sup\u00e9rieur\"}]},{\"@type\":\"WebSite\",\"@id\":\"https:\/\/terraminoika.com\/#website\",\"url\":\"https:\/\/terraminoika.com\/\",\"name\":\"Terra Minoika\",\"description\":\"Kato Zakros, East Crete\",\"potentialAction\":[{\"@type\":\"SearchAction\",\"target\":{\"@type\":\"EntryPoint\",\"urlTemplate\":\"https:\/\/terraminoika.com\/?s={search_term_string}\"},\"query-input\":\"required name=search_term_string\"}],\"inLanguage\":\"fr-FR\"}]}<\/script>\n<!-- \/ Yoast SEO plugin. -->","yoast_head_json":{"title":"Appartement sup\u00e9rieur - Terra Minoika","robots":{"index":"index","follow":"follow","max-snippet":"max-snippet:-1","max-image-preview":"max-image-preview:large","max-video-preview":"max-video-preview:-1"},"canonical":"https:\/\/terraminoika.com\/superior-apartment\/","og_locale":"fr_FR","og_type":"article","og_title":"Appartement sup\u00e9rieur - Terra Minoika","og_description":"Vue panoramique sur mer prise de la zone priv\u00e9e voisine. L e complexe Terra Minoika se compose de cinq b\u00e2timents de deux \u00e9tages qui abritent les suites, les appartements familiaux et une salle de sport. De nombreux coins salons confortables y sont am\u00e9nag\u00e9s. Ils offrent une vue sur la baie de Kato Zakros et sur [&hellip;]","og_url":"https:\/\/terraminoika.com\/superior-apartment\/","og_site_name":"Terra Minoika","article_modified_time":"2025-10-16T10:37:18+00:00","og_image":[{"url":"https:\/\/terraminoika.com\/wp-content\/uploads\/2024\/07\/9-Crop-620x787.jpg"}],"twitter_card":"summary_large_image","twitter_misc":{"Dur\u00e9e de lecture estim\u00e9e":"10 minutes"},"schema":{"@context":"https:\/\/schema.org","@graph":[{"@type":"WebPage","@id":"https:\/\/terraminoika.com\/superior-apartment\/","url":"https:\/\/terraminoika.com\/superior-apartment\/","name":"Appartement sup\u00e9rieur - Terra Minoika","isPartOf":{"@id":"https:\/\/terraminoika.com\/#website"},"primaryImageOfPage":{"@id":"https:\/\/terraminoika.com\/superior-apartment\/#primaryimage"},"image":{"@id":"https:\/\/terraminoika.com\/superior-apartment\/#primaryimage"},"thumbnailUrl":"https:\/\/terraminoika.com\/wp-content\/uploads\/2024\/07\/9-Crop-620x787.jpg","datePublished":"2020-06-29T08:40:26+00:00","dateModified":"2025-10-16T10:37:18+00:00","breadcrumb":{"@id":"https:\/\/terraminoika.com\/superior-apartment\/#breadcrumb"},"inLanguage":"fr-FR","potentialAction":[{"@type":"ReadAction","target":["https:\/\/terraminoika.com\/superior-apartment\/"]}]},{"@type":"ImageObject","inLanguage":"fr-FR","@id":"https:\/\/terraminoika.com\/superior-apartment\/#primaryimage","url":"https:\/\/terraminoika.com\/wp-content\/uploads\/2024\/07\/9-Crop-620x787.jpg","contentUrl":"https:\/\/terraminoika.com\/wp-content\/uploads\/2024\/07\/9-Crop-620x787.jpg"},{"@type":"BreadcrumbList","@id":"https:\/\/terraminoika.com\/superior-apartment\/#breadcrumb","itemListElement":[{"@type":"ListItem","position":1,"name":"\u0391\u03c1\u03c7\u03b9\u03ba\u03ae","item":"https:\/\/terraminoika.com\/"},{"@type":"ListItem","position":2,"name":"Appartement sup\u00e9rieur"}]},{"@type":"WebSite","@id":"https:\/\/terraminoika.com\/#website","url":"https:\/\/terraminoika.com\/","name":"Terra Minoika","description":"Kato Zakros, East Crete","potentialAction":[{"@type":"SearchAction","target":{"@type":"EntryPoint","urlTemplate":"https:\/\/terraminoika.com\/?s={search_term_string}"},"query-input":"required name=search_term_string"}],"inLanguage":"fr-FR"}]}},"_links":{"self":[{"href":"https:\/\/terraminoika.com\/fr\/wp-json\/wp\/v2\/pages\/11464"}],"collection":[{"href":"https:\/\/terraminoika.com\/fr\/wp-json\/wp\/v2\/pages"}],"about":[{"href":"https:\/\/terraminoika.com\/fr\/wp-json\/wp\/v2\/types\/page"}],"author":[{"embeddable":true,"href":"https:\/\/terraminoika.com\/fr\/wp-json\/wp\/v2\/users\/1"}],"replies":[{"embeddable":true,"href":"https:\/\/terraminoika.com\/fr\/wp-json\/wp\/v2\/comments?post=11464"}],"version-history":[{"count":59,"href":"https:\/\/terraminoika.com\/fr\/wp-json\/wp\/v2\/pages\/11464\/revisions"}],"predecessor-version":[{"id":15989,"href":"https:\/\/terraminoika.com\/fr\/wp-json\/wp\/v2\/pages\/11464\/revisions\/15989"}],"wp:attachment":[{"href":"https:\/\/terraminoika.com\/fr\/wp-json\/wp\/v2\/media?parent=11464"}],"curies":[{"name":"wp","href":"https:\/\/api.w.org\/{rel}","templated":true}]}}