{"id":11463,"date":"2020-06-29T09:14:39","date_gmt":"2020-06-29T09:14:39","guid":{"rendered":"https:\/\/terraminoika.com\/family-apartment-base-floor\/"},"modified":"2025-10-16T10:23:49","modified_gmt":"2025-10-16T10:23:49","slug":"family-apartment-base-floor","status":"publish","type":"page","link":"https:\/\/terraminoika.com\/fr\/family-apartment-base-floor\/","title":{"rendered":"Appartement familial au rez-de-chauss\u00e9e"},"content":{"rendered":"\t\t<div data-elementor-type=\"wp-page\" data-elementor-id=\"11463\" class=\"elementor elementor-11463 elementor-5693\">\n\t\t\t\t\t\t<section class=\"elementor-section elementor-top-section elementor-element elementor-element-145a3ca3 elementor-section-full_width elementor-section-stretched elementor-section-height-default elementor-section-height-default magic-button-disabled-no qodef-elementor-content-no\" data-id=\"145a3ca3\" data-element_type=\"section\" data-settings=\"{&quot;stretch_section&quot;:&quot;section-stretched&quot;}\">\n\t\t\t\t\t\t<div class=\"elementor-container elementor-column-gap-no\">\n\t\t\t\t\t<div class=\"elementor-column elementor-col-100 elementor-top-column elementor-element elementor-element-2babe269\" data-id=\"2babe269\" data-element_type=\"column\">\n\t\t\t<div class=\"elementor-widget-wrap elementor-element-populated\">\n\t\t\t\t\t\t<div class=\"elementor-element elementor-element-69eb8432 elementor-widget elementor-widget-alloggio_core_info_card\" data-id=\"69eb8432\" data-element_type=\"widget\" data-widget_type=\"alloggio_core_info_card.default\">\n\t\t\t\t<div class=\"elementor-widget-container\">\n\t\t\t<div class=\"qodef-shortcode qodef-m qodef-button-inverted-hover qodef-info-card qodef-image--right qodef--has-parallax\">\n\t<div class=\"qodef-m-image\">\n\t<img fetchpriority=\"high\" decoding=\"async\" src=\"https:\/\/terraminoika.com\/wp-content\/uploads\/2024\/07\/6-Crop-620x787.jpg\" alt=\"\" width=\"620\" height=\"787\" \/><\/div>\t<div class=\"qodef-m-content\" style=\"background-color: #FFFFFF\">\n\t\t\t<h2 class=\"qodef-m-title\" style=\"color: #3D3D3D\">L\u2019appartement familial<\/h2>\n\t\t\t\t\t<p class=\"qodef-m-text\" style=\"margin-top: 24px;color: #9F9F9F\">Appartement Deux Chambres (40 m\u00b2) avec Terrasse Priv\u00e9e\n\nCet appartement chaleureux et accueillant dispose de deux chambres s\u00e9par\u00e9es \u2014 l\u2019une avec un lit double, l\u2019autre avec deux lits simples \u2014 ce qui en fait un choix id\u00e9al pour les familles ou les groupes d\u2019amis.\nIl comprend \u00e9galement un coin salon confortable avec canap\u00e9-lit, une cuisine enti\u00e8rement \u00e9quip\u00e9e et un WC pratique.\n\nD\u00e9gustez vos repas ou votre caf\u00e9 du matin sur la terrasse priv\u00e9e avec table \u00e0 manger, ou d\u00e9tendez-vous dans l\u2019espace salon ext\u00e9rieur situ\u00e9 juste devant le b\u00e2timent.\nL\u2019appartement offre une vue charmante sur les jardins paysagers environnants, am\u00e9nag\u00e9s avec soin et caract\u00e8re cr\u00e9tois.\n\nPour ceux qui souhaitent profiter de la vue sur la mer, un espace salon priv\u00e9 avec treillis, situ\u00e9 \u00e0 quelques pas, constitue un lieu paisible pour admirer la beaut\u00e9 du littoral.\nCapacit\u00e9 d\u2019accueil : jusqu\u2019\u00e0 4 adultes.<\/p>\n\t\t\t<div class=\"qodef-m-button\">\n\t\t<a class=\"qodef-shortcode qodef-m  qodef-button qodef-layout--filled  qodef-html--link\" href=\"https:\/\/terraminoika.reserve-online.net\/\" target=\"_self\" data-hover-background-color=\"#56C4C4\" style=\"color: #FFFFFF;background-color: #56C4C4;margin: -5px 0 0 0\">\t<span class=\"qodef-m-text\">RESERVEZ<\/span>\t<span class=\"qodef-m-background-holder\" style=\"background-color: #56C4C4\"><\/span><\/a>\t<\/div>\n\t\t\t<\/div>\n<\/div>\t\t<\/div>\n\t\t\t\t<\/div>\n\t\t\t\t\t<\/div>\n\t\t<\/div>\n\t\t\t\t\t<\/div>\n\t\t<\/section>\n\t\t\t\t<section class=\"elementor-section elementor-top-section elementor-element elementor-element-c453e77 elementor-section-boxed elementor-section-height-default elementor-section-height-default magic-button-disabled-no qodef-elementor-content-no\" data-id=\"c453e77\" data-element_type=\"section\">\n\t\t\t\t\t\t<div class=\"elementor-container elementor-column-gap-default\">\n\t\t\t\t\t<div class=\"elementor-column elementor-col-100 elementor-top-column elementor-element elementor-element-ac6a6ad\" data-id=\"ac6a6ad\" data-element_type=\"column\">\n\t\t\t<div class=\"elementor-widget-wrap elementor-element-populated\">\n\t\t\t\t\t\t<div class=\"elementor-element elementor-element-50350e2 elementor-widget elementor-widget-heading\" data-id=\"50350e2\" data-element_type=\"widget\" data-widget_type=\"heading.default\">\n\t\t\t\t<div class=\"elementor-widget-container\">\n\t\t\t<h2 class=\"elementor-heading-title elementor-size-default\">Equipements et services<\/h2>\t\t<\/div>\n\t\t\t\t<\/div>\n\t\t\t\t<div class=\"elementor-element elementor-element-704a605 elementor-widget elementor-widget-spacer\" data-id=\"704a605\" data-element_type=\"widget\" data-widget_type=\"spacer.default\">\n\t\t\t\t<div class=\"elementor-widget-container\">\n\t\t\t\t\t<div class=\"elementor-spacer\">\n\t\t\t<div class=\"elementor-spacer-inner\"><\/div>\n\t\t<\/div>\n\t\t\t\t<\/div>\n\t\t\t\t<\/div>\n\t\t\t\t\t<\/div>\n\t\t<\/div>\n\t\t\t\t\t<\/div>\n\t\t<\/section>\n\t\t\t\t<section class=\"elementor-section elementor-top-section elementor-element elementor-element-7f762ab elementor-section-boxed elementor-section-height-default elementor-section-height-default magic-button-disabled-no qodef-elementor-content-no\" data-id=\"7f762ab\" data-element_type=\"section\">\n\t\t\t\t\t\t<div class=\"elementor-container elementor-column-gap-default\">\n\t\t\t\t\t<div class=\"elementor-column elementor-col-50 elementor-top-column elementor-element elementor-element-40ea676\" data-id=\"40ea676\" data-element_type=\"column\">\n\t\t\t<div class=\"elementor-widget-wrap elementor-element-populated\">\n\t\t\t\t\t\t<div class=\"elementor-element elementor-element-342b978 elementor-widget elementor-widget-text-editor\" data-id=\"342b978\" data-element_type=\"widget\" data-widget_type=\"text-editor.default\">\n\t\t\t\t<div class=\"elementor-widget-container\">\n\t\t\t\t\t\t\t<ul><li>Vue sur la cour et les environs<\/li><li>Vue sur la mer depuis un espace priv\u00e9<\/li><li>V\u00e9randa priv\u00e9e avec table \u00e0 manger<\/li><li>Cour priv\u00e9e avec balan\u00e7oire et coin salon<\/li><li>Climatisation<\/li><li>Serviettes de plage<\/li><li>T\u00e9l\u00e9vision connect\u00e9e \u00e0 \u00e9cran plat<\/li><li>Table \u00e0 manger<\/li><li>Petite cuisine enti\u00e8rement \u00e9quip\u00e9e<\/li><li>Machine \u00e0 caf\u00e9 \u00e0 capsules, cafeti\u00e8re, bouilloire, grille-pain et th\u00e9i\u00e8re<\/li><li>Caf\u00e9 et th\u00e9 offerts<\/li><li>Huile d&rsquo;olive, eau de source de Zakros<\/li><li>R\u00e9frig\u00e9rateur<\/li><li>Service de m\u00e9nage quotidien<\/li><li>Wifi (gratuit)<\/li><\/ul>\t\t\t\t\t\t<\/div>\n\t\t\t\t<\/div>\n\t\t\t\t\t<\/div>\n\t\t<\/div>\n\t\t\t\t<div class=\"elementor-column elementor-col-50 elementor-top-column elementor-element elementor-element-a941bb2\" data-id=\"a941bb2\" data-element_type=\"column\">\n\t\t\t<div class=\"elementor-widget-wrap elementor-element-populated\">\n\t\t\t\t\t\t<div class=\"elementor-element elementor-element-6e24bf6 elementor-widget elementor-widget-text-editor\" data-id=\"6e24bf6\" data-element_type=\"widget\" data-widget_type=\"text-editor.default\">\n\t\t\t\t<div class=\"elementor-widget-container\">\n\t\t\t\t\t\t\t<ul><li>Peignoir de douche, pantoufles<\/li><li>Articles de toilette gratuits<\/li><li>Salle de bain avec douche<\/li><li>S\u00e8che-cheveux<\/li><li>Service de blanchisserie (suppl\u00e9ment)<\/li><li>Fer \u00e0 repasser<\/li><li>Miroir grossissant<\/li><li>Coffre-fort<\/li><li>Salon<\/li><li>Canap\u00e9-lit<\/li><li>Armoire<\/li><li>Bureau<\/li><li>Fen\u00eatres insonorisantes, moustiquaires<\/li><li>\u00c9tendoir \u00e0 linge<\/li><li>Parking gratuit<\/li><\/ul>\t\t\t\t\t\t<\/div>\n\t\t\t\t<\/div>\n\t\t\t\t\t<\/div>\n\t\t<\/div>\n\t\t\t\t\t<\/div>\n\t\t<\/section>\n\t\t\t\t<section class=\"elementor-section elementor-top-section elementor-element elementor-element-5c9fd76 elementor-section-full_width elementor-section-stretched elementor-section-height-default elementor-section-height-default magic-button-disabled-no qodef-elementor-content-no\" data-id=\"5c9fd76\" data-element_type=\"section\" data-settings=\"{&quot;stretch_section&quot;:&quot;section-stretched&quot;}\">\n\t\t\t\t\t\t<div class=\"elementor-container elementor-column-gap-no\">\n\t\t\t\t\t<div class=\"elementor-column elementor-col-100 elementor-top-column elementor-element elementor-element-1ca1f353\" data-id=\"1ca1f353\" data-element_type=\"column\">\n\t\t\t<div class=\"elementor-widget-wrap elementor-element-populated\">\n\t\t\t\t\t\t<div class=\"elementor-element elementor-element-5984f68 elementor-widget elementor-widget-spacer\" data-id=\"5984f68\" data-element_type=\"widget\" data-widget_type=\"spacer.default\">\n\t\t\t\t<div class=\"elementor-widget-container\">\n\t\t\t\t\t<div class=\"elementor-spacer\">\n\t\t\t<div class=\"elementor-spacer-inner\"><\/div>\n\t\t<\/div>\n\t\t\t\t<\/div>\n\t\t\t\t<\/div>\n\t\t\t\t<div class=\"elementor-element elementor-element-48dade8 elementor-widget elementor-widget-alloggio_core_centered_slider\" data-id=\"48dade8\" data-element_type=\"widget\" data-widget_type=\"alloggio_core_centered_slider.default\">\n\t\t\t\t<div class=\"elementor-widget-container\">\n\t\t\t<div class=\"qodef-shortcode qodef-m  qodef-centered-slider qodef-swiper-container qodef---has-hover\" data-options=\"{&quot;slidesPerView&quot;:&quot;auto&quot;,&quot;slidesPerView1440&quot;:&quot;auto&quot;,&quot;slidesPerView1366&quot;:&quot;auto&quot;,&quot;slidesPerView1024&quot;:&quot;auto&quot;,&quot;slidesPerView768&quot;:&quot;1&quot;,&quot;centeredSlides&quot;:&quot;true&quot;}\">\n\t<div class=\"swiper-wrapper\">\n\t\t\t\t\t<div class=\"qodef-m-item swiper-slide\">\n\t\t\t\t\t\t\t\t\t<div class=\"qodef-m-image-holder\"><div class=\"qodef-m-image\">\n\t\t\t\t\t\t<img decoding=\"async\" src=\"https:\/\/terraminoika.com\/wp-content\/uploads\/2024\/07\/1-Copy-3.jpg\" alt=\"\"\/>\n\t\t\t\t\t<\/div><\/div>\n\t\t\t\t\t\t\t\t\t\t\t\t\t\t\t<\/div>\n\t\t\t\t\t<div class=\"qodef-m-item swiper-slide\">\n\t\t\t\t\t\t\t\t\t<div class=\"qodef-m-image-holder\"><div class=\"qodef-m-image\">\n\t\t\t\t\t\t<img decoding=\"async\" src=\"https:\/\/terraminoika.com\/wp-content\/uploads\/2024\/07\/2-Copy-2.jpg\" alt=\"\"\/>\n\t\t\t\t\t<\/div><\/div>\n\t\t\t\t\t\t\t\t\t\t\t\t\t\t\t<\/div>\n\t\t\t\t\t<div class=\"qodef-m-item swiper-slide\">\n\t\t\t\t\t\t\t\t\t<div class=\"qodef-m-image-holder\"><div class=\"qodef-m-image\">\n\t\t\t\t\t\t<img decoding=\"async\" src=\"https:\/\/terraminoika.com\/wp-content\/uploads\/2024\/07\/3-Copy-2.jpg\" alt=\"\"\/>\n\t\t\t\t\t<\/div><\/div>\n\t\t\t\t\t\t\t\t\t\t\t\t\t\t\t<\/div>\n\t\t\t\t\t<div class=\"qodef-m-item swiper-slide\">\n\t\t\t\t\t\t\t\t\t<div class=\"qodef-m-image-holder\"><div class=\"qodef-m-image\">\n\t\t\t\t\t\t<img decoding=\"async\" src=\"https:\/\/terraminoika.com\/wp-content\/uploads\/2024\/07\/5-Copy-2.jpg\" alt=\"\"\/>\n\t\t\t\t\t<\/div><\/div>\n\t\t\t\t\t\t\t\t\t\t\t\t\t\t\t<\/div>\n\t\t\t\t\t<div class=\"qodef-m-item swiper-slide\">\n\t\t\t\t\t\t\t\t\t<div class=\"qodef-m-image-holder\"><div class=\"qodef-m-image\">\n\t\t\t\t\t\t<img decoding=\"async\" src=\"https:\/\/terraminoika.com\/wp-content\/uploads\/2024\/07\/6-Copy-2.jpg\" alt=\"\"\/>\n\t\t\t\t\t<\/div><\/div>\n\t\t\t\t\t\t\t\t\t\t\t\t\t\t\t<\/div>\n\t\t\t\t\t<div class=\"qodef-m-item swiper-slide\">\n\t\t\t\t\t\t\t\t\t<div class=\"qodef-m-image-holder\"><div class=\"qodef-m-image\">\n\t\t\t\t\t\t<img decoding=\"async\" src=\"https:\/\/terraminoika.com\/wp-content\/uploads\/2024\/07\/7-Copy-2.jpg\" alt=\"\"\/>\n\t\t\t\t\t<\/div><\/div>\n\t\t\t\t\t\t\t\t\t\t\t\t\t\t\t<\/div>\n\t\t\t\t\t<div class=\"qodef-m-item swiper-slide\">\n\t\t\t\t\t\t\t\t\t<div class=\"qodef-m-image-holder\"><div class=\"qodef-m-image\">\n\t\t\t\t\t\t<img decoding=\"async\" src=\"https:\/\/terraminoika.com\/wp-content\/uploads\/2024\/07\/19-Copy.jpg\" alt=\"\"\/>\n\t\t\t\t\t<\/div><\/div>\n\t\t\t\t\t\t\t\t\t\t\t\t\t\t\t<\/div>\n\t\t\t\t\t<div class=\"qodef-m-item swiper-slide\">\n\t\t\t\t\t\t\t\t\t<div class=\"qodef-m-image-holder\"><div class=\"qodef-m-image\">\n\t\t\t\t\t\t<img decoding=\"async\" src=\"https:\/\/terraminoika.com\/wp-content\/uploads\/2024\/07\/20-Copy.jpg\" alt=\"\"\/>\n\t\t\t\t\t<\/div><\/div>\n\t\t\t\t\t\t\t\t\t\t\t\t\t\t\t<\/div>\n\t\t\t\t\t<div class=\"qodef-m-item swiper-slide\">\n\t\t\t\t\t\t\t\t\t<div class=\"qodef-m-image-holder\"><div class=\"qodef-m-image\">\n\t\t\t\t\t\t<img decoding=\"async\" src=\"https:\/\/terraminoika.com\/wp-content\/uploads\/2024\/07\/11-Copy-2.jpg\" alt=\"\"\/>\n\t\t\t\t\t<\/div><\/div>\n\t\t\t\t\t\t\t\t\t\t\t\t\t\t\t<\/div>\n\t\t\t\t\t<div class=\"qodef-m-item swiper-slide\">\n\t\t\t\t\t\t\t\t\t<div class=\"qodef-m-image-holder\"><div class=\"qodef-m-image\">\n\t\t\t\t\t\t<img decoding=\"async\" src=\"https:\/\/terraminoika.com\/wp-content\/uploads\/2024\/07\/10-Copy-2.jpg\" alt=\"\"\/>\n\t\t\t\t\t<\/div><\/div>\n\t\t\t\t\t\t\t\t\t\t\t\t\t\t\t<\/div>\n\t\t\t\t\t<div class=\"qodef-m-item swiper-slide\">\n\t\t\t\t\t\t\t\t\t<div class=\"qodef-m-image-holder\"><div class=\"qodef-m-image\">\n\t\t\t\t\t\t<img decoding=\"async\" src=\"https:\/\/terraminoika.com\/wp-content\/uploads\/2024\/07\/13-Copy-2-1.jpg\" alt=\"\"\/>\n\t\t\t\t\t<\/div><\/div>\n\t\t\t\t\t\t\t\t\t\t\t\t\t\t\t<\/div>\n\t\t\t\t\t<div class=\"qodef-m-item swiper-slide\">\n\t\t\t\t\t\t\t\t\t<div class=\"qodef-m-image-holder\"><div class=\"qodef-m-image\">\n\t\t\t\t\t\t<img decoding=\"async\" src=\"https:\/\/terraminoika.com\/wp-content\/uploads\/2024\/07\/12-Copy-2.jpg\" alt=\"\"\/>\n\t\t\t\t\t<\/div><\/div>\n\t\t\t\t\t\t\t\t\t\t\t\t\t\t\t<\/div>\n\t\t\t\t\t<div class=\"qodef-m-item swiper-slide\">\n\t\t\t\t\t\t\t\t\t<div class=\"qodef-m-image-holder\"><div class=\"qodef-m-image\">\n\t\t\t\t\t\t<img decoding=\"async\" src=\"https:\/\/terraminoika.com\/wp-content\/uploads\/2024\/07\/15-Copy-2-1.jpg\" alt=\"\"\/>\n\t\t\t\t\t<\/div><\/div>\n\t\t\t\t\t\t\t\t\t\t\t\t\t\t\t<\/div>\n\t\t\t\t\t<div class=\"qodef-m-item swiper-slide\">\n\t\t\t\t\t\t\t\t\t<div class=\"qodef-m-image-holder\"><div class=\"qodef-m-image\">\n\t\t\t\t\t\t<img decoding=\"async\" src=\"https:\/\/terraminoika.com\/wp-content\/uploads\/2024\/07\/16-Copy-1.jpg\" alt=\"\"\/>\n\t\t\t\t\t<\/div><\/div>\n\t\t\t\t\t\t\t\t\t\t\t\t\t\t\t<\/div>\n\t\t\t\t\t<div class=\"qodef-m-item swiper-slide\">\n\t\t\t\t\t\t\t\t\t<div class=\"qodef-m-image-holder\"><div class=\"qodef-m-image\">\n\t\t\t\t\t\t<img decoding=\"async\" src=\"https:\/\/terraminoika.com\/wp-content\/uploads\/2024\/07\/17-Copy-1.jpg\" alt=\"\"\/>\n\t\t\t\t\t<\/div><\/div>\n\t\t\t\t\t\t\t\t\t\t\t\t\t\t\t<\/div>\n\t\t\t\t\t<div class=\"qodef-m-item swiper-slide\">\n\t\t\t\t\t\t\t\t\t<div class=\"qodef-m-image-holder\"><div class=\"qodef-m-image\">\n\t\t\t\t\t\t<img decoding=\"async\" src=\"https:\/\/terraminoika.com\/wp-content\/uploads\/2024\/07\/18-Copy.jpg\" alt=\"\"\/>\n\t\t\t\t\t<\/div><\/div>\n\t\t\t\t\t\t\t\t\t\t\t\t\t\t\t<\/div>\n\t\t\t<\/div>\n\t\t<div class=\"swiper-pagination\"><\/div><\/div>\t\t<\/div>\n\t\t\t\t<\/div>\n\t\t\t\t\t<\/div>\n\t\t<\/div>\n\t\t\t\t\t<\/div>\n\t\t<\/section>\n\t\t\t\t<\/div>\n\t\t","protected":false},"excerpt":{"rendered":"<p>L\u2019appartement familial Appartement Deux Chambres (40 m\u00b2) avec Terrasse Priv\u00e9e Cet appartement chaleureux et accueillant dispose de deux chambres s\u00e9par\u00e9es \u2014 l\u2019une avec un lit double, l\u2019autre avec deux lits simples \u2014 ce qui en fait un choix id\u00e9al pour les familles ou les groupes d\u2019amis. Il comprend \u00e9galement un coin salon confortable avec canap\u00e9-lit, [&hellip;]<\/p>\n","protected":false},"author":1,"featured_media":0,"parent":0,"menu_order":30,"comment_status":"closed","ping_status":"closed","template":"","meta":{"footnotes":""},"yoast_head":"<!-- This site is optimized with the Yoast SEO plugin v22.9 - https:\/\/yoast.com\/wordpress\/plugins\/seo\/ -->\n<title>Appartement familial au rez-de-chauss\u00e9e - Terra Minoika<\/title>\n<meta name=\"robots\" content=\"index, follow, max-snippet:-1, max-image-preview:large, max-video-preview:-1\" \/>\n<link rel=\"canonical\" href=\"https:\/\/terraminoika.com\/family-apartment-base-floor\/\" \/>\n<meta property=\"og:locale\" content=\"fr_FR\" \/>\n<meta property=\"og:type\" content=\"article\" \/>\n<meta property=\"og:title\" content=\"Appartement familial au rez-de-chauss\u00e9e - Terra Minoika\" \/>\n<meta property=\"og:description\" content=\"L\u2019appartement familial Appartement Deux Chambres (40 m\u00b2) avec Terrasse Priv\u00e9e Cet appartement chaleureux et accueillant dispose de deux chambres s\u00e9par\u00e9es \u2014 l\u2019une avec un lit double, l\u2019autre avec deux lits simples \u2014 ce qui en fait un choix id\u00e9al pour les familles ou les groupes d\u2019amis. Il comprend \u00e9galement un coin salon confortable avec canap\u00e9-lit, [&hellip;]\" \/>\n<meta property=\"og:url\" content=\"https:\/\/terraminoika.com\/family-apartment-base-floor\/\" \/>\n<meta property=\"og:site_name\" content=\"Terra Minoika\" \/>\n<meta property=\"article:modified_time\" content=\"2025-10-16T10:23:49+00:00\" \/>\n<meta property=\"og:image\" content=\"https:\/\/terraminoika.com\/wp-content\/uploads\/2024\/07\/6-Crop-620x787.jpg\" \/>\n<meta name=\"twitter:card\" content=\"summary_large_image\" \/>\n<meta name=\"twitter:label1\" content=\"Dur\u00e9e de lecture estim\u00e9e\" \/>\n\t<meta name=\"twitter:data1\" content=\"12 minutes\" \/>\n<script type=\"application\/ld+json\" class=\"yoast-schema-graph\">{\"@context\":\"https:\/\/schema.org\",\"@graph\":[{\"@type\":\"WebPage\",\"@id\":\"https:\/\/terraminoika.com\/family-apartment-base-floor\/\",\"url\":\"https:\/\/terraminoika.com\/family-apartment-base-floor\/\",\"name\":\"Appartement familial au rez-de-chauss\u00e9e - Terra Minoika\",\"isPartOf\":{\"@id\":\"https:\/\/terraminoika.com\/#website\"},\"primaryImageOfPage\":{\"@id\":\"https:\/\/terraminoika.com\/family-apartment-base-floor\/#primaryimage\"},\"image\":{\"@id\":\"https:\/\/terraminoika.com\/family-apartment-base-floor\/#primaryimage\"},\"thumbnailUrl\":\"https:\/\/terraminoika.com\/wp-content\/uploads\/2024\/07\/6-Crop-620x787.jpg\",\"datePublished\":\"2020-06-29T09:14:39+00:00\",\"dateModified\":\"2025-10-16T10:23:49+00:00\",\"breadcrumb\":{\"@id\":\"https:\/\/terraminoika.com\/family-apartment-base-floor\/#breadcrumb\"},\"inLanguage\":\"fr-FR\",\"potentialAction\":[{\"@type\":\"ReadAction\",\"target\":[\"https:\/\/terraminoika.com\/family-apartment-base-floor\/\"]}]},{\"@type\":\"ImageObject\",\"inLanguage\":\"fr-FR\",\"@id\":\"https:\/\/terraminoika.com\/family-apartment-base-floor\/#primaryimage\",\"url\":\"https:\/\/terraminoika.com\/wp-content\/uploads\/2024\/07\/6-Crop-620x787.jpg\",\"contentUrl\":\"https:\/\/terraminoika.com\/wp-content\/uploads\/2024\/07\/6-Crop-620x787.jpg\"},{\"@type\":\"BreadcrumbList\",\"@id\":\"https:\/\/terraminoika.com\/family-apartment-base-floor\/#breadcrumb\",\"itemListElement\":[{\"@type\":\"ListItem\",\"position\":1,\"name\":\"\u0391\u03c1\u03c7\u03b9\u03ba\u03ae\",\"item\":\"https:\/\/terraminoika.com\/\"},{\"@type\":\"ListItem\",\"position\":2,\"name\":\"Appartement familial au rez-de-chauss\u00e9e\"}]},{\"@type\":\"WebSite\",\"@id\":\"https:\/\/terraminoika.com\/#website\",\"url\":\"https:\/\/terraminoika.com\/\",\"name\":\"Terra Minoika\",\"description\":\"Kato Zakros, East Crete\",\"potentialAction\":[{\"@type\":\"SearchAction\",\"target\":{\"@type\":\"EntryPoint\",\"urlTemplate\":\"https:\/\/terraminoika.com\/?s={search_term_string}\"},\"query-input\":\"required name=search_term_string\"}],\"inLanguage\":\"fr-FR\"}]}<\/script>\n<!-- \/ Yoast SEO plugin. -->","yoast_head_json":{"title":"Appartement familial au rez-de-chauss\u00e9e - Terra Minoika","robots":{"index":"index","follow":"follow","max-snippet":"max-snippet:-1","max-image-preview":"max-image-preview:large","max-video-preview":"max-video-preview:-1"},"canonical":"https:\/\/terraminoika.com\/family-apartment-base-floor\/","og_locale":"fr_FR","og_type":"article","og_title":"Appartement familial au rez-de-chauss\u00e9e - Terra Minoika","og_description":"L\u2019appartement familial Appartement Deux Chambres (40 m\u00b2) avec Terrasse Priv\u00e9e Cet appartement chaleureux et accueillant dispose de deux chambres s\u00e9par\u00e9es \u2014 l\u2019une avec un lit double, l\u2019autre avec deux lits simples \u2014 ce qui en fait un choix id\u00e9al pour les familles ou les groupes d\u2019amis. Il comprend \u00e9galement un coin salon confortable avec canap\u00e9-lit, [&hellip;]","og_url":"https:\/\/terraminoika.com\/family-apartment-base-floor\/","og_site_name":"Terra Minoika","article_modified_time":"2025-10-16T10:23:49+00:00","og_image":[{"url":"https:\/\/terraminoika.com\/wp-content\/uploads\/2024\/07\/6-Crop-620x787.jpg"}],"twitter_card":"summary_large_image","twitter_misc":{"Dur\u00e9e de lecture estim\u00e9e":"12 minutes"},"schema":{"@context":"https:\/\/schema.org","@graph":[{"@type":"WebPage","@id":"https:\/\/terraminoika.com\/family-apartment-base-floor\/","url":"https:\/\/terraminoika.com\/family-apartment-base-floor\/","name":"Appartement familial au rez-de-chauss\u00e9e - Terra Minoika","isPartOf":{"@id":"https:\/\/terraminoika.com\/#website"},"primaryImageOfPage":{"@id":"https:\/\/terraminoika.com\/family-apartment-base-floor\/#primaryimage"},"image":{"@id":"https:\/\/terraminoika.com\/family-apartment-base-floor\/#primaryimage"},"thumbnailUrl":"https:\/\/terraminoika.com\/wp-content\/uploads\/2024\/07\/6-Crop-620x787.jpg","datePublished":"2020-06-29T09:14:39+00:00","dateModified":"2025-10-16T10:23:49+00:00","breadcrumb":{"@id":"https:\/\/terraminoika.com\/family-apartment-base-floor\/#breadcrumb"},"inLanguage":"fr-FR","potentialAction":[{"@type":"ReadAction","target":["https:\/\/terraminoika.com\/family-apartment-base-floor\/"]}]},{"@type":"ImageObject","inLanguage":"fr-FR","@id":"https:\/\/terraminoika.com\/family-apartment-base-floor\/#primaryimage","url":"https:\/\/terraminoika.com\/wp-content\/uploads\/2024\/07\/6-Crop-620x787.jpg","contentUrl":"https:\/\/terraminoika.com\/wp-content\/uploads\/2024\/07\/6-Crop-620x787.jpg"},{"@type":"BreadcrumbList","@id":"https:\/\/terraminoika.com\/family-apartment-base-floor\/#breadcrumb","itemListElement":[{"@type":"ListItem","position":1,"name":"\u0391\u03c1\u03c7\u03b9\u03ba\u03ae","item":"https:\/\/terraminoika.com\/"},{"@type":"ListItem","position":2,"name":"Appartement familial au rez-de-chauss\u00e9e"}]},{"@type":"WebSite","@id":"https:\/\/terraminoika.com\/#website","url":"https:\/\/terraminoika.com\/","name":"Terra Minoika","description":"Kato Zakros, East Crete","potentialAction":[{"@type":"SearchAction","target":{"@type":"EntryPoint","urlTemplate":"https:\/\/terraminoika.com\/?s={search_term_string}"},"query-input":"required name=search_term_string"}],"inLanguage":"fr-FR"}]}},"_links":{"self":[{"href":"https:\/\/terraminoika.com\/fr\/wp-json\/wp\/v2\/pages\/11463"}],"collection":[{"href":"https:\/\/terraminoika.com\/fr\/wp-json\/wp\/v2\/pages"}],"about":[{"href":"https:\/\/terraminoika.com\/fr\/wp-json\/wp\/v2\/types\/page"}],"author":[{"embeddable":true,"href":"https:\/\/terraminoika.com\/fr\/wp-json\/wp\/v2\/users\/1"}],"replies":[{"embeddable":true,"href":"https:\/\/terraminoika.com\/fr\/wp-json\/wp\/v2\/comments?post=11463"}],"version-history":[{"count":59,"href":"https:\/\/terraminoika.com\/fr\/wp-json\/wp\/v2\/pages\/11463\/revisions"}],"predecessor-version":[{"id":15983,"href":"https:\/\/terraminoika.com\/fr\/wp-json\/wp\/v2\/pages\/11463\/revisions\/15983"}],"wp:attachment":[{"href":"https:\/\/terraminoika.com\/fr\/wp-json\/wp\/v2\/media?parent=11463"}],"curies":[{"name":"wp","href":"https:\/\/api.w.org\/{rel}","templated":true}]}}