{"id":11462,"date":"2020-06-29T07:27:34","date_gmt":"2020-06-29T07:27:34","guid":{"rendered":"https:\/\/terraminoika.com\/suite-sea-view\/"},"modified":"2025-10-16T09:54:35","modified_gmt":"2025-10-16T09:54:35","slug":"suite-sea-view","status":"publish","type":"page","link":"https:\/\/terraminoika.com\/fr\/suite-sea-view\/","title":{"rendered":"Suite avec vue sur mer"},"content":{"rendered":"\t\t<div data-elementor-type=\"wp-page\" data-elementor-id=\"11462\" class=\"elementor elementor-11462 elementor-5699\">\n\t\t\t\t\t\t<section class=\"elementor-section elementor-top-section elementor-element elementor-element-3e9f10eb elementor-section-full_width elementor-section-stretched elementor-section-height-default elementor-section-height-default magic-button-disabled-no qodef-elementor-content-no\" data-id=\"3e9f10eb\" data-element_type=\"section\" data-settings=\"{&quot;stretch_section&quot;:&quot;section-stretched&quot;}\">\n\t\t\t\t\t\t<div class=\"elementor-container elementor-column-gap-no\">\n\t\t\t\t\t<div class=\"elementor-column elementor-col-100 elementor-top-column elementor-element elementor-element-73f0bc2c\" data-id=\"73f0bc2c\" data-element_type=\"column\">\n\t\t\t<div class=\"elementor-widget-wrap elementor-element-populated\">\n\t\t\t\t\t\t<div class=\"elementor-element elementor-element-332dbf8d elementor-widget elementor-widget-alloggio_core_info_card\" data-id=\"332dbf8d\" data-element_type=\"widget\" data-widget_type=\"alloggio_core_info_card.default\">\n\t\t\t\t<div class=\"elementor-widget-container\">\n\t\t\t<div class=\"qodef-shortcode qodef-m qodef-button-inverted-hover qodef-info-card qodef-image--right qodef--has-parallax\">\n\t<div class=\"qodef-m-image\">\n\t<img fetchpriority=\"high\" decoding=\"async\" src=\"https:\/\/terraminoika.com\/wp-content\/uploads\/2024\/06\/110-Copy-620x787.jpg\" alt=\"\" width=\"620\" height=\"787\" \/><\/div>\t<div class=\"qodef-m-content\" style=\"background-color: #FFFFFF\">\n\t\t\t<h2 class=\"qodef-m-title\" style=\"color: #3D3D3D\">La suite avec vue sur mer<\/h2>\n\t\t\t<span class=\"qodef-m-subtitle\" style=\"margin-top: 15px;color: #B8B8B8\">\n<\/span>\n\t\t\t<p class=\"qodef-m-text\" style=\"margin-top: 24px;color: #9F9F9F\">Suite (40 m\u00b2) avec Balcon Priv\u00e9 et Vue Imprenable sur la Mer\n\nCette spacieuse suite dispose d\u2019un balcon priv\u00e9 offrant une vue spectaculaire sur la mer, ainsi que d\u2019une terrasse ensoleill\u00e9e avec table \u00e0 manger, parfaite pour se d\u00e9tendre en plein air.\nLa chambre, \u00e9l\u00e9gamment s\u00e9par\u00e9e par une arche en pierre traditionnelle, est \u00e9quip\u00e9e d\u2019un lit queen-size avec matelas de haute qualit\u00e9 et surmatelas pour un confort optimal.\nLe coin salon chaleureux comprend un canap\u00e9 convertible, id\u00e9al pour un adulte ou un enfant.\nLa cuisine enti\u00e8rement \u00e9quip\u00e9e offre tout le confort d\u2019une vraie maison.\nCapacit\u00e9 d\u2019accueil : jusqu\u2019\u00e0 3 personnes.<\/p>\n\t\t\t<div class=\"qodef-m-button\">\n\t\t<a class=\"qodef-shortcode qodef-m  qodef-button qodef-layout--filled  qodef-html--link\" href=\"https:\/\/terraminoika.reserve-online.net\/\" target=\"_self\" data-hover-background-color=\"#56C4C4\" style=\"color: #FFFFFF;background-color: #56C4C4;margin: -5px 0 0 0\">\t<span class=\"qodef-m-text\">RESERVEZ<\/span>\t<span class=\"qodef-m-background-holder\" style=\"background-color: #56C4C4\"><\/span><\/a>\t<\/div>\n\t\t\t<\/div>\n<\/div>\t\t<\/div>\n\t\t\t\t<\/div>\n\t\t\t\t\t<\/div>\n\t\t<\/div>\n\t\t\t\t\t<\/div>\n\t\t<\/section>\n\t\t\t\t<section class=\"elementor-section elementor-top-section elementor-element elementor-element-d03393a elementor-section-boxed elementor-section-height-default elementor-section-height-default magic-button-disabled-no qodef-elementor-content-no\" data-id=\"d03393a\" data-element_type=\"section\">\n\t\t\t\t\t\t<div class=\"elementor-container elementor-column-gap-default\">\n\t\t\t\t\t<div class=\"elementor-column elementor-col-100 elementor-top-column elementor-element elementor-element-63af269\" data-id=\"63af269\" data-element_type=\"column\">\n\t\t\t<div class=\"elementor-widget-wrap elementor-element-populated\">\n\t\t\t\t\t\t<div class=\"elementor-element elementor-element-a6df67d elementor-widget elementor-widget-heading\" data-id=\"a6df67d\" data-element_type=\"widget\" data-widget_type=\"heading.default\">\n\t\t\t\t<div class=\"elementor-widget-container\">\n\t\t\t<h2 class=\"elementor-heading-title elementor-size-default\">Equipements et services\n<\/h2>\t\t<\/div>\n\t\t\t\t<\/div>\n\t\t\t\t<div class=\"elementor-element elementor-element-bc1d3d0 elementor-widget elementor-widget-spacer\" data-id=\"bc1d3d0\" data-element_type=\"widget\" data-widget_type=\"spacer.default\">\n\t\t\t\t<div class=\"elementor-widget-container\">\n\t\t\t\t\t<div class=\"elementor-spacer\">\n\t\t\t<div class=\"elementor-spacer-inner\"><\/div>\n\t\t<\/div>\n\t\t\t\t<\/div>\n\t\t\t\t<\/div>\n\t\t\t\t\t<\/div>\n\t\t<\/div>\n\t\t\t\t\t<\/div>\n\t\t<\/section>\n\t\t\t\t<section class=\"elementor-section elementor-top-section elementor-element elementor-element-ac77773 elementor-section-boxed elementor-section-height-default elementor-section-height-default magic-button-disabled-no qodef-elementor-content-no\" data-id=\"ac77773\" data-element_type=\"section\">\n\t\t\t\t\t\t<div class=\"elementor-container elementor-column-gap-default\">\n\t\t\t\t\t<div class=\"elementor-column elementor-col-50 elementor-top-column elementor-element elementor-element-44120b7\" data-id=\"44120b7\" data-element_type=\"column\">\n\t\t\t<div class=\"elementor-widget-wrap elementor-element-populated\">\n\t\t\t\t\t\t<div class=\"elementor-element elementor-element-6d6b74d elementor-widget elementor-widget-text-editor\" data-id=\"6d6b74d\" data-element_type=\"widget\" data-widget_type=\"text-editor.default\">\n\t\t\t\t<div class=\"elementor-widget-container\">\n\t\t\t\t\t\t\t<ul><li>Vue panoramique sur la mer<\/li><li>Vue sur le jardin et la montagne<\/li><li>Climatisation<\/li><li>Balcon priv\u00e9, patio et jardin meubl\u00e9<\/li><li>Fen\u00eatres insonoris\u00e9es avec moustiquaires<\/li><li>Chambres non-fumeurs disponibles<\/li><li>Coin salon avec canap\u00e9-lit<\/li><li>Table \u00e0 manger et bureau<\/li><li>Armoire et miroir en pied<\/li><li>Kitchenette enti\u00e8rement \u00e9quip\u00e9e<\/li><li>R\u00e9frig\u00e9rateur<\/li><li>Machine \u00e0 caf\u00e9 \u00e0 capsules, cafeti\u00e8re, bouilloire, grille-pain et th\u00e9i\u00e8re<\/li><li>Caf\u00e9 et th\u00e9 offertst<\/li><\/ul>\t\t\t\t\t\t<\/div>\n\t\t\t\t<\/div>\n\t\t\t\t\t<\/div>\n\t\t<\/div>\n\t\t\t\t<div class=\"elementor-column elementor-col-50 elementor-top-column elementor-element elementor-element-ed09980\" data-id=\"ed09980\" data-element_type=\"column\">\n\t\t\t<div class=\"elementor-widget-wrap elementor-element-populated\">\n\t\t\t\t\t\t<div class=\"elementor-element elementor-element-4fe7210 elementor-widget elementor-widget-text-editor\" data-id=\"4fe7210\" data-element_type=\"widget\" data-widget_type=\"text-editor.default\">\n\t\t\t\t<div class=\"elementor-widget-container\">\n\t\t\t\t\t\t\t<ul>\n <li>Huile d\u2019olive locale et eau de source de Zakros<\/li>\n \t<li>Salle de bain avec douche<\/li>\n \t<li>Peignoirs et chaussons<\/li>\n \t<li>Articles de toilette gratuits<\/li>\n \t<li>S\u00e8che-cheveux et miroir grossissant<\/li>\n \t<li>T\u00e9l\u00e9vision connect\u00e9e \u00e0 \u00e9cran plat<\/li>\n \t<li>Wi-Fi gratuit<\/li>\n \t<li>Coffre-fort<\/li>\n \t<li>Service de m\u00e9nage quotidien<\/li>\n \t<li>Service de blanchisserie (en suppl\u00e9ment)<\/li>\n \t<li>Fer et planche \u00e0 repasser<\/li>\n \t<li>Serviettes de plage<\/li>\n \t<li>Parking gratuit<\/li>\n \t<li>Service de m\u00e9nage quotidien<\/li>\n<\/ul>\t\t\t\t\t\t<\/div>\n\t\t\t\t<\/div>\n\t\t\t\t\t<\/div>\n\t\t<\/div>\n\t\t\t\t\t<\/div>\n\t\t<\/section>\n\t\t\t\t<section class=\"elementor-section elementor-top-section elementor-element elementor-element-2bf358b elementor-section-full_width elementor-section-stretched elementor-section-height-default elementor-section-height-default magic-button-disabled-no qodef-elementor-content-no\" data-id=\"2bf358b\" data-element_type=\"section\" data-settings=\"{&quot;stretch_section&quot;:&quot;section-stretched&quot;}\">\n\t\t\t\t\t\t<div class=\"elementor-container elementor-column-gap-no\">\n\t\t\t\t\t<div class=\"elementor-column elementor-col-100 elementor-top-column elementor-element elementor-element-6bdbaea\" data-id=\"6bdbaea\" data-element_type=\"column\">\n\t\t\t<div class=\"elementor-widget-wrap elementor-element-populated\">\n\t\t\t\t\t\t<div class=\"elementor-element elementor-element-0ed19c9 elementor-widget elementor-widget-spacer\" data-id=\"0ed19c9\" data-element_type=\"widget\" data-widget_type=\"spacer.default\">\n\t\t\t\t<div class=\"elementor-widget-container\">\n\t\t\t\t\t<div class=\"elementor-spacer\">\n\t\t\t<div class=\"elementor-spacer-inner\"><\/div>\n\t\t<\/div>\n\t\t\t\t<\/div>\n\t\t\t\t<\/div>\n\t\t\t\t<div class=\"elementor-element elementor-element-602c107 elementor-widget elementor-widget-alloggio_core_centered_slider\" data-id=\"602c107\" data-element_type=\"widget\" data-widget_type=\"alloggio_core_centered_slider.default\">\n\t\t\t\t<div class=\"elementor-widget-container\">\n\t\t\t<div class=\"qodef-shortcode qodef-m  qodef-centered-slider qodef-swiper-container qodef---has-hover\" data-options=\"{&quot;slidesPerView&quot;:&quot;auto&quot;,&quot;slidesPerView1440&quot;:&quot;auto&quot;,&quot;slidesPerView1366&quot;:&quot;auto&quot;,&quot;slidesPerView1024&quot;:&quot;auto&quot;,&quot;slidesPerView768&quot;:&quot;1&quot;,&quot;centeredSlides&quot;:&quot;true&quot;}\">\n\t<div class=\"swiper-wrapper\">\n\t\t\t\t\t<div class=\"qodef-m-item swiper-slide\">\n\t\t\t\t\t\t\t\t\t<div class=\"qodef-m-image-holder\"><div class=\"qodef-m-image\">\n\t\t\t\t\t\t<img decoding=\"async\" src=\"https:\/\/terraminoika.com\/wp-content\/uploads\/2024\/07\/1-Copy-2.jpg\" alt=\"\"\/>\n\t\t\t\t\t<\/div><\/div>\n\t\t\t\t\t\t\t\t\t\t\t\t\t\t\t<\/div>\n\t\t\t\t\t<div class=\"qodef-m-item swiper-slide\">\n\t\t\t\t\t\t\t\t\t<div class=\"qodef-m-image-holder\"><div class=\"qodef-m-image\">\n\t\t\t\t\t\t<img decoding=\"async\" src=\"https:\/\/terraminoika.com\/wp-content\/uploads\/2024\/07\/2-Copy-1-1.jpg\" alt=\"\"\/>\n\t\t\t\t\t<\/div><\/div>\n\t\t\t\t\t\t\t\t\t\t\t\t\t\t\t<\/div>\n\t\t\t\t\t<div class=\"qodef-m-item swiper-slide\">\n\t\t\t\t\t\t\t\t\t<div class=\"qodef-m-image-holder\"><div class=\"qodef-m-image\">\n\t\t\t\t\t\t<img decoding=\"async\" src=\"https:\/\/terraminoika.com\/wp-content\/uploads\/2024\/07\/3-Copy-1-1.jpg\" alt=\"\"\/>\n\t\t\t\t\t<\/div><\/div>\n\t\t\t\t\t\t\t\t\t\t\t\t\t\t\t<\/div>\n\t\t\t\t\t<div class=\"qodef-m-item swiper-slide\">\n\t\t\t\t\t\t\t\t\t<div class=\"qodef-m-image-holder\"><div class=\"qodef-m-image\">\n\t\t\t\t\t\t<img decoding=\"async\" src=\"https:\/\/terraminoika.com\/wp-content\/uploads\/2024\/07\/4-Copy-1.jpg\" alt=\"\"\/>\n\t\t\t\t\t<\/div><\/div>\n\t\t\t\t\t\t\t\t\t\t\t\t\t\t\t<\/div>\n\t\t\t\t\t<div class=\"qodef-m-item swiper-slide\">\n\t\t\t\t\t\t\t\t\t<div class=\"qodef-m-image-holder\"><div class=\"qodef-m-image\">\n\t\t\t\t\t\t<img decoding=\"async\" src=\"https:\/\/terraminoika.com\/wp-content\/uploads\/2024\/07\/5-Copy-1-1.jpg\" alt=\"\"\/>\n\t\t\t\t\t<\/div><\/div>\n\t\t\t\t\t\t\t\t\t\t\t\t\t\t\t<\/div>\n\t\t\t\t\t<div class=\"qodef-m-item swiper-slide\">\n\t\t\t\t\t\t\t\t\t<div class=\"qodef-m-image-holder\"><div class=\"qodef-m-image\">\n\t\t\t\t\t\t<img decoding=\"async\" src=\"https:\/\/terraminoika.com\/wp-content\/uploads\/2024\/07\/13-Copy-1-1.jpg\" alt=\"\"\/>\n\t\t\t\t\t<\/div><\/div>\n\t\t\t\t\t\t\t\t\t\t\t\t\t\t\t<\/div>\n\t\t\t\t\t<div class=\"qodef-m-item swiper-slide\">\n\t\t\t\t\t\t\t\t\t<div class=\"qodef-m-image-holder\"><div class=\"qodef-m-image\">\n\t\t\t\t\t\t<img decoding=\"async\" src=\"https:\/\/terraminoika.com\/wp-content\/uploads\/2024\/07\/7-Copy-1.jpg\" alt=\"\"\/>\n\t\t\t\t\t<\/div><\/div>\n\t\t\t\t\t\t\t\t\t\t\t\t\t\t\t<\/div>\n\t\t\t\t\t<div class=\"qodef-m-item swiper-slide\">\n\t\t\t\t\t\t\t\t\t<div class=\"qodef-m-image-holder\"><div class=\"qodef-m-image\">\n\t\t\t\t\t\t<img decoding=\"async\" src=\"https:\/\/terraminoika.com\/wp-content\/uploads\/2024\/07\/10-Copy-1-e1719324766970.jpg\" alt=\"\"\/>\n\t\t\t\t\t<\/div><\/div>\n\t\t\t\t\t\t\t\t\t\t\t\t\t\t\t<\/div>\n\t\t\t\t\t<div class=\"qodef-m-item swiper-slide\">\n\t\t\t\t\t\t\t\t\t<div class=\"qodef-m-image-holder\"><div class=\"qodef-m-image\">\n\t\t\t\t\t\t<img decoding=\"async\" src=\"https:\/\/terraminoika.com\/wp-content\/uploads\/2024\/07\/14-Copy-1-1.jpg\" alt=\"\"\/>\n\t\t\t\t\t<\/div><\/div>\n\t\t\t\t\t\t\t\t\t\t\t\t\t\t\t<\/div>\n\t\t\t\t\t<div class=\"qodef-m-item swiper-slide\">\n\t\t\t\t\t\t\t\t\t<div class=\"qodef-m-image-holder\"><div class=\"qodef-m-image\">\n\t\t\t\t\t\t<img decoding=\"async\" src=\"https:\/\/terraminoika.com\/wp-content\/uploads\/2024\/07\/9-Copy-1-1.jpg\" alt=\"\"\/>\n\t\t\t\t\t<\/div><\/div>\n\t\t\t\t\t\t\t\t\t\t\t\t\t\t\t<\/div>\n\t\t\t\t\t<div class=\"qodef-m-item swiper-slide\">\n\t\t\t\t\t\t\t\t\t<div class=\"qodef-m-image-holder\"><div class=\"qodef-m-image\">\n\t\t\t\t\t\t<img decoding=\"async\" src=\"https:\/\/terraminoika.com\/wp-content\/uploads\/2024\/07\/12-Copy-1-1.jpg\" alt=\"\"\/>\n\t\t\t\t\t<\/div><\/div>\n\t\t\t\t\t\t\t\t\t\t\t\t\t\t\t<\/div>\n\t\t\t\t\t<div class=\"qodef-m-item swiper-slide\">\n\t\t\t\t\t\t\t\t\t<div class=\"qodef-m-image-holder\"><div class=\"qodef-m-image\">\n\t\t\t\t\t\t<img decoding=\"async\" src=\"https:\/\/terraminoika.com\/wp-content\/uploads\/2024\/07\/11-Copy-1-1.jpg\" alt=\"\"\/>\n\t\t\t\t\t<\/div><\/div>\n\t\t\t\t\t\t\t\t\t\t\t\t\t\t\t<\/div>\n\t\t\t\t\t<div class=\"qodef-m-item swiper-slide\">\n\t\t\t\t\t\t\t\t\t<div class=\"qodef-m-image-holder\"><div class=\"qodef-m-image\">\n\t\t\t\t\t\t<img decoding=\"async\" src=\"https:\/\/terraminoika.com\/wp-content\/uploads\/2024\/07\/15-Copy-1.jpg\" alt=\"\"\/>\n\t\t\t\t\t<\/div><\/div>\n\t\t\t\t\t\t\t\t\t\t\t\t\t\t\t<\/div>\n\t\t\t<\/div>\n\t\t<div class=\"swiper-pagination\"><\/div><\/div>\t\t<\/div>\n\t\t\t\t<\/div>\n\t\t\t\t<div class=\"elementor-element elementor-element-8439231 elementor-widget elementor-widget-heading\" data-id=\"8439231\" data-element_type=\"widget\" data-widget_type=\"heading.default\">\n\t\t\t\t<div class=\"elementor-widget-container\">\n\t\t\t<h2 class=\"elementor-heading-title elementor-size-default\">\n<\/h2>\t\t<\/div>\n\t\t\t\t<\/div>\n\t\t\t\t<div class=\"elementor-element elementor-element-50876f8 elementor-widget elementor-widget-spacer\" data-id=\"50876f8\" data-element_type=\"widget\" data-widget_type=\"spacer.default\">\n\t\t\t\t<div class=\"elementor-widget-container\">\n\t\t\t\t\t<div class=\"elementor-spacer\">\n\t\t\t<div class=\"elementor-spacer-inner\"><\/div>\n\t\t<\/div>\n\t\t\t\t<\/div>\n\t\t\t\t<\/div>\n\t\t\t\t\t<\/div>\n\t\t<\/div>\n\t\t\t\t\t<\/div>\n\t\t<\/section>\n\t\t\t\t<\/div>\n\t\t","protected":false},"excerpt":{"rendered":"<p>La suite avec vue sur mer Suite (40 m\u00b2) avec Balcon Priv\u00e9 et Vue Imprenable sur la Mer Cette spacieuse suite dispose d\u2019un balcon priv\u00e9 offrant une vue spectaculaire sur la mer, ainsi que d\u2019une terrasse ensoleill\u00e9e avec table \u00e0 manger, parfaite pour se d\u00e9tendre en plein air. La chambre, \u00e9l\u00e9gamment s\u00e9par\u00e9e par une arche [&hellip;]<\/p>\n","protected":false},"author":1,"featured_media":0,"parent":0,"menu_order":58,"comment_status":"closed","ping_status":"closed","template":"","meta":{"footnotes":""},"yoast_head":"<!-- This site is optimized with the Yoast SEO plugin v22.9 - https:\/\/yoast.com\/wordpress\/plugins\/seo\/ -->\n<title>Suite avec vue sur mer - Terra Minoika<\/title>\n<meta name=\"robots\" content=\"index, follow, max-snippet:-1, max-image-preview:large, max-video-preview:-1\" \/>\n<link rel=\"canonical\" href=\"https:\/\/terraminoika.com\/suite-sea-view\/\" \/>\n<meta property=\"og:locale\" content=\"fr_FR\" \/>\n<meta property=\"og:type\" content=\"article\" \/>\n<meta property=\"og:title\" content=\"Suite avec vue sur mer - Terra Minoika\" \/>\n<meta property=\"og:description\" content=\"La suite avec vue sur mer Suite (40 m\u00b2) avec Balcon Priv\u00e9 et Vue Imprenable sur la Mer Cette spacieuse suite dispose d\u2019un balcon priv\u00e9 offrant une vue spectaculaire sur la mer, ainsi que d\u2019une terrasse ensoleill\u00e9e avec table \u00e0 manger, parfaite pour se d\u00e9tendre en plein air. La chambre, \u00e9l\u00e9gamment s\u00e9par\u00e9e par une arche [&hellip;]\" \/>\n<meta property=\"og:url\" content=\"https:\/\/terraminoika.com\/suite-sea-view\/\" \/>\n<meta property=\"og:site_name\" content=\"Terra Minoika\" \/>\n<meta property=\"article:modified_time\" content=\"2025-10-16T09:54:35+00:00\" \/>\n<meta property=\"og:image\" content=\"https:\/\/terraminoika.com\/wp-content\/uploads\/2024\/06\/110-Copy-620x787.jpg\" \/>\n<meta name=\"twitter:card\" content=\"summary_large_image\" \/>\n<meta name=\"twitter:label1\" content=\"Dur\u00e9e de lecture estim\u00e9e\" \/>\n\t<meta name=\"twitter:data1\" content=\"10 minutes\" \/>\n<script type=\"application\/ld+json\" class=\"yoast-schema-graph\">{\"@context\":\"https:\/\/schema.org\",\"@graph\":[{\"@type\":\"WebPage\",\"@id\":\"https:\/\/terraminoika.com\/suite-sea-view\/\",\"url\":\"https:\/\/terraminoika.com\/suite-sea-view\/\",\"name\":\"Suite avec vue sur mer - Terra Minoika\",\"isPartOf\":{\"@id\":\"https:\/\/terraminoika.com\/#website\"},\"primaryImageOfPage\":{\"@id\":\"https:\/\/terraminoika.com\/suite-sea-view\/#primaryimage\"},\"image\":{\"@id\":\"https:\/\/terraminoika.com\/suite-sea-view\/#primaryimage\"},\"thumbnailUrl\":\"https:\/\/terraminoika.com\/wp-content\/uploads\/2024\/06\/110-Copy-620x787.jpg\",\"datePublished\":\"2020-06-29T07:27:34+00:00\",\"dateModified\":\"2025-10-16T09:54:35+00:00\",\"breadcrumb\":{\"@id\":\"https:\/\/terraminoika.com\/suite-sea-view\/#breadcrumb\"},\"inLanguage\":\"fr-FR\",\"potentialAction\":[{\"@type\":\"ReadAction\",\"target\":[\"https:\/\/terraminoika.com\/suite-sea-view\/\"]}]},{\"@type\":\"ImageObject\",\"inLanguage\":\"fr-FR\",\"@id\":\"https:\/\/terraminoika.com\/suite-sea-view\/#primaryimage\",\"url\":\"https:\/\/terraminoika.com\/wp-content\/uploads\/2024\/06\/110-Copy-620x787.jpg\",\"contentUrl\":\"https:\/\/terraminoika.com\/wp-content\/uploads\/2024\/06\/110-Copy-620x787.jpg\"},{\"@type\":\"BreadcrumbList\",\"@id\":\"https:\/\/terraminoika.com\/suite-sea-view\/#breadcrumb\",\"itemListElement\":[{\"@type\":\"ListItem\",\"position\":1,\"name\":\"\u0391\u03c1\u03c7\u03b9\u03ba\u03ae\",\"item\":\"https:\/\/terraminoika.com\/\"},{\"@type\":\"ListItem\",\"position\":2,\"name\":\"Suite avec vue sur mer\"}]},{\"@type\":\"WebSite\",\"@id\":\"https:\/\/terraminoika.com\/#website\",\"url\":\"https:\/\/terraminoika.com\/\",\"name\":\"Terra Minoika\",\"description\":\"Kato Zakros, East Crete\",\"potentialAction\":[{\"@type\":\"SearchAction\",\"target\":{\"@type\":\"EntryPoint\",\"urlTemplate\":\"https:\/\/terraminoika.com\/?s={search_term_string}\"},\"query-input\":\"required name=search_term_string\"}],\"inLanguage\":\"fr-FR\"}]}<\/script>\n<!-- \/ Yoast SEO plugin. -->","yoast_head_json":{"title":"Suite avec vue sur mer - Terra Minoika","robots":{"index":"index","follow":"follow","max-snippet":"max-snippet:-1","max-image-preview":"max-image-preview:large","max-video-preview":"max-video-preview:-1"},"canonical":"https:\/\/terraminoika.com\/suite-sea-view\/","og_locale":"fr_FR","og_type":"article","og_title":"Suite avec vue sur mer - Terra Minoika","og_description":"La suite avec vue sur mer Suite (40 m\u00b2) avec Balcon Priv\u00e9 et Vue Imprenable sur la Mer Cette spacieuse suite dispose d\u2019un balcon priv\u00e9 offrant une vue spectaculaire sur la mer, ainsi que d\u2019une terrasse ensoleill\u00e9e avec table \u00e0 manger, parfaite pour se d\u00e9tendre en plein air. La chambre, \u00e9l\u00e9gamment s\u00e9par\u00e9e par une arche [&hellip;]","og_url":"https:\/\/terraminoika.com\/suite-sea-view\/","og_site_name":"Terra Minoika","article_modified_time":"2025-10-16T09:54:35+00:00","og_image":[{"url":"https:\/\/terraminoika.com\/wp-content\/uploads\/2024\/06\/110-Copy-620x787.jpg"}],"twitter_card":"summary_large_image","twitter_misc":{"Dur\u00e9e de lecture estim\u00e9e":"10 minutes"},"schema":{"@context":"https:\/\/schema.org","@graph":[{"@type":"WebPage","@id":"https:\/\/terraminoika.com\/suite-sea-view\/","url":"https:\/\/terraminoika.com\/suite-sea-view\/","name":"Suite avec vue sur mer - Terra Minoika","isPartOf":{"@id":"https:\/\/terraminoika.com\/#website"},"primaryImageOfPage":{"@id":"https:\/\/terraminoika.com\/suite-sea-view\/#primaryimage"},"image":{"@id":"https:\/\/terraminoika.com\/suite-sea-view\/#primaryimage"},"thumbnailUrl":"https:\/\/terraminoika.com\/wp-content\/uploads\/2024\/06\/110-Copy-620x787.jpg","datePublished":"2020-06-29T07:27:34+00:00","dateModified":"2025-10-16T09:54:35+00:00","breadcrumb":{"@id":"https:\/\/terraminoika.com\/suite-sea-view\/#breadcrumb"},"inLanguage":"fr-FR","potentialAction":[{"@type":"ReadAction","target":["https:\/\/terraminoika.com\/suite-sea-view\/"]}]},{"@type":"ImageObject","inLanguage":"fr-FR","@id":"https:\/\/terraminoika.com\/suite-sea-view\/#primaryimage","url":"https:\/\/terraminoika.com\/wp-content\/uploads\/2024\/06\/110-Copy-620x787.jpg","contentUrl":"https:\/\/terraminoika.com\/wp-content\/uploads\/2024\/06\/110-Copy-620x787.jpg"},{"@type":"BreadcrumbList","@id":"https:\/\/terraminoika.com\/suite-sea-view\/#breadcrumb","itemListElement":[{"@type":"ListItem","position":1,"name":"\u0391\u03c1\u03c7\u03b9\u03ba\u03ae","item":"https:\/\/terraminoika.com\/"},{"@type":"ListItem","position":2,"name":"Suite avec vue sur mer"}]},{"@type":"WebSite","@id":"https:\/\/terraminoika.com\/#website","url":"https:\/\/terraminoika.com\/","name":"Terra Minoika","description":"Kato Zakros, East Crete","potentialAction":[{"@type":"SearchAction","target":{"@type":"EntryPoint","urlTemplate":"https:\/\/terraminoika.com\/?s={search_term_string}"},"query-input":"required name=search_term_string"}],"inLanguage":"fr-FR"}]}},"_links":{"self":[{"href":"https:\/\/terraminoika.com\/fr\/wp-json\/wp\/v2\/pages\/11462"}],"collection":[{"href":"https:\/\/terraminoika.com\/fr\/wp-json\/wp\/v2\/pages"}],"about":[{"href":"https:\/\/terraminoika.com\/fr\/wp-json\/wp\/v2\/types\/page"}],"author":[{"embeddable":true,"href":"https:\/\/terraminoika.com\/fr\/wp-json\/wp\/v2\/users\/1"}],"replies":[{"embeddable":true,"href":"https:\/\/terraminoika.com\/fr\/wp-json\/wp\/v2\/comments?post=11462"}],"version-history":[{"count":65,"href":"https:\/\/terraminoika.com\/fr\/wp-json\/wp\/v2\/pages\/11462\/revisions"}],"predecessor-version":[{"id":15961,"href":"https:\/\/terraminoika.com\/fr\/wp-json\/wp\/v2\/pages\/11462\/revisions\/15961"}],"wp:attachment":[{"href":"https:\/\/terraminoika.com\/fr\/wp-json\/wp\/v2\/media?parent=11462"}],"curies":[{"name":"wp","href":"https:\/\/api.w.org\/{rel}","templated":true}]}}