{"id":11431,"date":"2020-06-11T13:49:29","date_gmt":"2020-06-11T13:49:29","guid":{"rendered":"https:\/\/terraminoika.com\/accommodation\/"},"modified":"2025-10-16T09:32:23","modified_gmt":"2025-10-16T09:32:23","slug":"accommodation","status":"publish","type":"page","link":"https:\/\/terraminoika.com\/fr\/accommodation\/","title":{"rendered":"H\u00e9bergement"},"content":{"rendered":"\t\t<div data-elementor-type=\"wp-page\" data-elementor-id=\"11431\" class=\"elementor elementor-11431 elementor-5496\">\n\t\t\t\t\t\t<section class=\"elementor-section elementor-top-section elementor-element elementor-element-5bafb286 elementor-section-full_width qodef-elementor-content-grid elementor-section-stretched elementor-section-height-default elementor-section-height-default magic-button-disabled-no\" data-id=\"5bafb286\" data-element_type=\"section\" data-settings=\"{&quot;stretch_section&quot;:&quot;section-stretched&quot;}\">\n\t\t\t\t\t\t<div class=\"elementor-container elementor-column-gap-no\">\n\t\t\t\t\t<div class=\"elementor-column elementor-col-33 elementor-top-column elementor-element elementor-element-25d446ec\" data-id=\"25d446ec\" data-element_type=\"column\">\n\t\t\t<div class=\"elementor-widget-wrap elementor-element-populated\">\n\t\t\t\t\t\t<div class=\"elementor-element elementor-element-628fb05c elementor-widget elementor-widget-text-editor\" data-id=\"628fb05c\" data-element_type=\"widget\" data-widget_type=\"text-editor.default\">\n\t\t\t\t<div class=\"elementor-widget-container\">\n\t\t\t\t\t\t\t<p style=\"text-align: right; font-size: 34px; line-height: 40px;\">Un coin de paradis, fa\u00e7onn\u00e9 avec passion, cr\u00e9ativit\u00e9 et respect de la terre, dans un recoin isol\u00e9 et magnifique de la Cr\u00e8te orientale.<\/p>\t\t\t\t\t\t<\/div>\n\t\t\t\t<\/div>\n\t\t\t\t\t<\/div>\n\t\t<\/div>\n\t\t\t\t<div class=\"elementor-column elementor-col-66 elementor-top-column elementor-element elementor-element-104b74c8\" data-id=\"104b74c8\" data-element_type=\"column\">\n\t\t\t<div class=\"elementor-widget-wrap elementor-element-populated\">\n\t\t\t\t\t\t<div class=\"elementor-element elementor-element-a090e79 elementor-widget elementor-widget-alloggio_core_dropcaps\" data-id=\"a090e79\" data-element_type=\"widget\" data-widget_type=\"alloggio_core_dropcaps.default\">\n\t\t\t\t<div class=\"elementor-widget-container\">\n\t\t\t<div class=\"qodef-shortcode qodef-m  qodef-dropcaps qodef-type--simple\">\n\t<span class=\"qodef-m-letter\" style=\"color: #56C4C4\">L<\/span>\n\t\t\t<p class=\"qodef-m-text\" >Le Terra Minoika Boutique Resort se compose de cinq b\u00e2timents en pierre \u00e0 deux \u00e9tages, abritant des suites \u00e9l\u00e9gantes, de spacieux appartements familiaux ainsi qu\u2019une salle de sport enti\u00e8rement \u00e9quip\u00e9e.\nDe larges espaces de d\u00e9tente s\u2019ouvrent sur une vue spectaculaire sur la baie de Kato Zakros, tandis que les jardins paysagers se fondent harmonieusement dans l\u2019environnement naturel.<\/p>\n\t<\/div>\t\t<\/div>\n\t\t\t\t<\/div>\n\t\t\t\t<div class=\"elementor-element elementor-element-4b1f57c0 elementor-widget elementor-widget-alloggio_core_dropcaps\" data-id=\"4b1f57c0\" data-element_type=\"widget\" data-widget_type=\"alloggio_core_dropcaps.default\">\n\t\t\t\t<div class=\"elementor-widget-container\">\n\t\t\t<div class=\"qodef-shortcode qodef-m  qodef-dropcaps qodef-type--simple\">\n\t<span class=\"qodef-m-letter\" style=\"color: #C0A937\"><\/span>\n\t\t\t<p class=\"qodef-m-text\" >L\u2019architecture artisanale, le mobilier sur mesure et les d\u00e9tails artistiques diss\u00e9min\u00e9s dans tout le complexe cr\u00e9ent une atmosph\u00e8re unique.\nChaque recoin refl\u00e8te le soin, la cr\u00e9ativit\u00e9 et une v\u00e9ritable passion pour l\u2019hospitalit\u00e9, offrant aux h\u00f4tes bien plus qu\u2019un simple h\u00e9bergement \u2014 une exp\u00e9rience inspirante.<\/p>\n\t<\/div>\t\t<\/div>\n\t\t\t\t<\/div>\n\t\t\t\t\t<\/div>\n\t\t<\/div>\n\t\t\t\t\t<\/div>\n\t\t<\/section>\n\t\t\t\t<section class=\"elementor-section elementor-top-section elementor-element elementor-element-53a2677 elementor-section-full_width elementor-section-stretched elementor-section-height-default elementor-section-height-default magic-button-disabled-no qodef-elementor-content-no\" data-id=\"53a2677\" data-element_type=\"section\" data-settings=\"{&quot;stretch_section&quot;:&quot;section-stretched&quot;}\">\n\t\t\t\t\t\t<div class=\"elementor-container elementor-column-gap-no\">\n\t\t\t\t\t<div class=\"elementor-column elementor-col-100 elementor-top-column elementor-element elementor-element-5a234fa\" data-id=\"5a234fa\" data-element_type=\"column\">\n\t\t\t<div class=\"elementor-widget-wrap elementor-element-populated\">\n\t\t\t\t\t\t<div class=\"elementor-element elementor-element-a3aa4b5 elementor-widget elementor-widget-alloggio_core_info_card\" data-id=\"a3aa4b5\" data-element_type=\"widget\" data-widget_type=\"alloggio_core_info_card.default\">\n\t\t\t\t<div class=\"elementor-widget-container\">\n\t\t\t<div class=\"qodef-shortcode qodef-m qodef-button-inverted-hover qodef-info-card qodef-image--right qodef--has-parallax\">\n\t<div class=\"qodef-m-image\">\n\t<img fetchpriority=\"high\" decoding=\"async\" src=\"https:\/\/terraminoika.com\/wp-content\/uploads\/2024\/06\/105-Copy-620x787.jpg\" alt=\"\" width=\"620\" height=\"787\" \/><\/div>\t<div class=\"qodef-m-content\" style=\"background-color: #FFFFFF\">\n\t\t\t<h2 class=\"qodef-m-title\" style=\"color: #3D3D3D\">Suite de luxe avec vue sur mer<\/h2>\n\t\t\t<span class=\"qodef-m-subtitle\" style=\"margin-top: 15px;color: #B8B8B8\">\n\n<\/span>\n\t\t\t<p class=\"qodef-m-text\" style=\"margin-top: 24px;color: #9F9F9F\">Une suite enti\u00e8rement \u00e9quip\u00e9e avec deux v\u00e9randas priv\u00e9es, offrant une vue panoramique \u00e0 couper le souffle sur la mer et la montagne.\nPeut accueillir confortablement jusqu\u2019\u00e0 3 personnes.\n(40 m\u00b2)<\/p>\n\t\t\t<div class=\"qodef-m-button\">\n\t\t<a class=\"qodef-shortcode qodef-m  qodef-button qodef-layout--filled  qodef-html--link\" href=\"https:\/\/terraminoika.com\/fr\/superior-suite\/\" target=\"_self\" data-hover-background-color=\"#56C4C4\" style=\"color: #FFFFFF;background-color: #56C4C4;margin: -5px 0 0 0\">\t<span class=\"qodef-m-text\">LIRE PLUS<\/span>\t<span class=\"qodef-m-background-holder\" style=\"background-color: #56C4C4\"><\/span><\/a>\t<\/div>\n\t\t\t<\/div>\n<\/div>\t\t<\/div>\n\t\t\t\t<\/div>\n\t\t\t\t\t<\/div>\n\t\t<\/div>\n\t\t\t\t\t<\/div>\n\t\t<\/section>\n\t\t\t\t<section class=\"elementor-section elementor-top-section elementor-element elementor-element-7252bb4 elementor-section-full_width elementor-section-stretched elementor-section-height-default elementor-section-height-default magic-button-disabled-no qodef-elementor-content-no\" data-id=\"7252bb4\" data-element_type=\"section\" data-settings=\"{&quot;stretch_section&quot;:&quot;section-stretched&quot;}\">\n\t\t\t\t\t\t<div class=\"elementor-container elementor-column-gap-no\">\n\t\t\t\t\t<div class=\"elementor-column elementor-col-100 elementor-top-column elementor-element elementor-element-7a3fbb1\" data-id=\"7a3fbb1\" data-element_type=\"column\">\n\t\t\t<div class=\"elementor-widget-wrap elementor-element-populated\">\n\t\t\t\t\t\t<div class=\"elementor-element elementor-element-01601e1 elementor-widget elementor-widget-alloggio_core_info_card\" data-id=\"01601e1\" data-element_type=\"widget\" data-widget_type=\"alloggio_core_info_card.default\">\n\t\t\t\t<div class=\"elementor-widget-container\">\n\t\t\t<div class=\"qodef-shortcode qodef-m qodef-button-inverted-hover qodef-info-card qodef-image--right qodef--has-parallax\">\n\t<div class=\"qodef-m-image\">\n\t<img decoding=\"async\" src=\"https:\/\/terraminoika.com\/wp-content\/uploads\/2024\/07\/6-Crop-620x787.jpg\" alt=\"\" width=\"620\" height=\"787\" \/><\/div>\t<div class=\"qodef-m-content\" style=\"background-color: #FFFFFF\">\n\t\t\t<h2 class=\"qodef-m-title\" style=\"color: #3D3D3D\">Appartement familial au rez-de-chauss\u00e9e<\/h2>\n\t\t\t<span class=\"qodef-m-subtitle\" style=\"margin-top: 15px;color: #B8B8B8\">\n\n<\/span>\n\t\t\t<p class=\"qodef-m-text\" style=\"margin-top: 24px;color: #9F9F9F\">Un appartement enti\u00e8rement \u00e9quip\u00e9 de deux chambres, dot\u00e9 d\u2019une cour priv\u00e9e, id\u00e9al pour une famille ou deux couples.\nProfitez de la vue sur les jardins am\u00e9nag\u00e9s et pleins de charme et d\u00e9tendez-vous dans un espace salon priv\u00e9 avec vue sur la mer, \u00e0 seulement quelques pas.\nPeut accueillir jusqu\u2019\u00e0 4 personnes.\n(40 m\u00b2)<\/p>\n\t\t\t<div class=\"qodef-m-button\">\n\t\t<a class=\"qodef-shortcode qodef-m  qodef-button qodef-layout--filled  qodef-html--link\" href=\"https:\/\/terraminoika.com\/fr\/family-apartment-base-floor\/\" target=\"_self\" data-hover-background-color=\"#56C4C4\" style=\"color: #FFFFFF;background-color: #56C4C4;margin: -5px 0 0 0\">\t<span class=\"qodef-m-text\">LIRE PLUS<\/span>\t<span class=\"qodef-m-background-holder\" style=\"background-color: #56C4C4\"><\/span><\/a>\t<\/div>\n\t\t\t<\/div>\n<\/div>\t\t<\/div>\n\t\t\t\t<\/div>\n\t\t\t\t<div class=\"elementor-element elementor-element-9af1107 elementor-widget elementor-widget-alloggio_core_info_card\" data-id=\"9af1107\" data-element_type=\"widget\" data-widget_type=\"alloggio_core_info_card.default\">\n\t\t\t\t<div class=\"elementor-widget-container\">\n\t\t\t<div class=\"qodef-shortcode qodef-m qodef-button-inverted-hover qodef-info-card qodef-image--right qodef--has-parallax\">\n\t<div class=\"qodef-m-image\">\n\t<img decoding=\"async\" src=\"https:\/\/terraminoika.com\/wp-content\/uploads\/2024\/07\/3-Crop-1-620x787.jpg\" alt=\"\" width=\"620\" height=\"787\" \/><\/div>\t<div class=\"qodef-m-content\" style=\"background-color: #FFFFFF\">\n\t\t\t<h2 class=\"qodef-m-title\" style=\"color: #3D3D3D\">Suite avec vue sur mer<\/h2>\n\t\t\t\t\t<p class=\"qodef-m-text\" style=\"margin-top: 24px;color: #9F9F9F\">Une suite enti\u00e8rement \u00e9quip\u00e9e avec balcon priv\u00e9 et une vue imprenable sur la mer, id\u00e9ale pour accueillir jusqu\u2019\u00e0 3 personnes.\n(40 m\u00b2)<\/p>\n\t\t\t<div class=\"qodef-m-button\">\n\t\t<a class=\"qodef-shortcode qodef-m  qodef-button qodef-layout--filled  qodef-html--link\" href=\"https:\/\/terraminoika.com\/fr\/suite-sea-view\/\" target=\"_self\" data-hover-background-color=\"#56C4C4\" style=\"color: #FFFFFF;background-color: #56C4C4;margin: -5px 0 0 0\">\t<span class=\"qodef-m-text\">LIRE PLUS<\/span>\t<span class=\"qodef-m-background-holder\" style=\"background-color: #56C4C4\"><\/span><\/a>\t<\/div>\n\t\t\t<\/div>\n<\/div>\t\t<\/div>\n\t\t\t\t<\/div>\n\t\t\t\t<div class=\"elementor-element elementor-element-5093d81 elementor-widget elementor-widget-alloggio_core_info_card\" data-id=\"5093d81\" data-element_type=\"widget\" data-widget_type=\"alloggio_core_info_card.default\">\n\t\t\t\t<div class=\"elementor-widget-container\">\n\t\t\t<div class=\"qodef-shortcode qodef-m qodef-button-inverted-hover qodef-info-card qodef-image--right qodef--has-parallax\">\n\t<div class=\"qodef-m-image\">\n\t<img loading=\"lazy\" decoding=\"async\" src=\"https:\/\/terraminoika.com\/wp-content\/uploads\/2024\/07\/9-Crop-620x787.jpg\" alt=\"\" width=\"620\" height=\"787\" \/><\/div>\t<div class=\"qodef-m-content\" style=\"background-color: #FFFFFF\">\n\t\t\t<h2 class=\"qodef-m-title\" style=\"color: #3D3D3D\">Appartement sup\u00e9rieur<\/h2>\n\t\t\t<span class=\"qodef-m-subtitle\" style=\"margin-top: 15px;color: #B8B8B8\">\n<\/span>\n\t\t\t<p class=\"qodef-m-text\" style=\"margin-top: 24px;color: #9F9F9F\">Un appartement enti\u00e8rement \u00e9quip\u00e9 d\u2019une chambre avec cour priv\u00e9e, id\u00e9al pour un couple ou une petite famille.\nProfitez d\u2019une vue sur la montagne depuis l\u2019appartement et d\u2019une vue spectaculaire sur la mer depuis votre espace salon priv\u00e9.\nPeut accueillir jusqu\u2019\u00e0 4 personnes.\n(40 m\u00b2)<\/p>\n\t\t\t<div class=\"qodef-m-button\">\n\t\t<a class=\"qodef-shortcode qodef-m  qodef-button qodef-layout--filled  qodef-html--link\" href=\"https:\/\/terraminoika.com\/fr\/superior-apartment\/\" target=\"_self\" data-hover-background-color=\"#56C4C4\" style=\"color: #FFFFFF;background-color: #56C4C4;margin: -5px 0 0 0\">\t<span class=\"qodef-m-text\">LIRE PLUS<\/span>\t<span class=\"qodef-m-background-holder\" style=\"background-color: #56C4C4\"><\/span><\/a>\t<\/div>\n\t\t\t<\/div>\n<\/div>\t\t<\/div>\n\t\t\t\t<\/div>\n\t\t\t\t\t<\/div>\n\t\t<\/div>\n\t\t\t\t\t<\/div>\n\t\t<\/section>\n\t\t\t\t<\/div>\n\t\t","protected":false},"excerpt":{"rendered":"<p>Un coin de paradis, fa\u00e7onn\u00e9 avec passion, cr\u00e9ativit\u00e9 et respect de la terre, dans un recoin isol\u00e9 et magnifique de la Cr\u00e8te orientale. L Le Terra Minoika Boutique Resort se compose de cinq b\u00e2timents en pierre \u00e0 deux \u00e9tages, abritant des suites \u00e9l\u00e9gantes, de spacieux appartements familiaux ainsi qu\u2019une salle de sport enti\u00e8rement \u00e9quip\u00e9e. De [&hellip;]<\/p>\n","protected":false},"author":1,"featured_media":0,"parent":0,"menu_order":10,"comment_status":"closed","ping_status":"closed","template":"","meta":{"footnotes":""},"yoast_head":"<!-- This site is optimized with the Yoast SEO plugin v22.9 - https:\/\/yoast.com\/wordpress\/plugins\/seo\/ -->\n<title>H\u00e9bergement - Terra Minoika<\/title>\n<meta name=\"robots\" content=\"index, follow, max-snippet:-1, max-image-preview:large, max-video-preview:-1\" \/>\n<link rel=\"canonical\" href=\"https:\/\/terraminoika.com\/accommodation\/\" \/>\n<meta property=\"og:locale\" content=\"fr_FR\" \/>\n<meta property=\"og:type\" content=\"article\" \/>\n<meta property=\"og:title\" content=\"H\u00e9bergement - Terra Minoika\" \/>\n<meta property=\"og:description\" content=\"Un coin de paradis, fa\u00e7onn\u00e9 avec passion, cr\u00e9ativit\u00e9 et respect de la terre, dans un recoin isol\u00e9 et magnifique de la Cr\u00e8te orientale. L Le Terra Minoika Boutique Resort se compose de cinq b\u00e2timents en pierre \u00e0 deux \u00e9tages, abritant des suites \u00e9l\u00e9gantes, de spacieux appartements familiaux ainsi qu\u2019une salle de sport enti\u00e8rement \u00e9quip\u00e9e. De [&hellip;]\" \/>\n<meta property=\"og:url\" content=\"https:\/\/terraminoika.com\/accommodation\/\" \/>\n<meta property=\"og:site_name\" content=\"Terra Minoika\" \/>\n<meta property=\"article:modified_time\" content=\"2025-10-16T09:32:23+00:00\" \/>\n<meta property=\"og:image\" content=\"https:\/\/terraminoika.com\/wp-content\/uploads\/2024\/06\/105-Copy-620x787.jpg\" \/>\n<meta name=\"twitter:card\" content=\"summary_large_image\" \/>\n<meta name=\"twitter:label1\" content=\"Dur\u00e9e de lecture estim\u00e9e\" \/>\n\t<meta name=\"twitter:data1\" content=\"3 minutes\" \/>\n<script type=\"application\/ld+json\" class=\"yoast-schema-graph\">{\"@context\":\"https:\/\/schema.org\",\"@graph\":[{\"@type\":\"WebPage\",\"@id\":\"https:\/\/terraminoika.com\/accommodation\/\",\"url\":\"https:\/\/terraminoika.com\/accommodation\/\",\"name\":\"H\u00e9bergement - Terra Minoika\",\"isPartOf\":{\"@id\":\"https:\/\/terraminoika.com\/#website\"},\"primaryImageOfPage\":{\"@id\":\"https:\/\/terraminoika.com\/accommodation\/#primaryimage\"},\"image\":{\"@id\":\"https:\/\/terraminoika.com\/accommodation\/#primaryimage\"},\"thumbnailUrl\":\"https:\/\/terraminoika.com\/wp-content\/uploads\/2024\/06\/105-Copy-620x787.jpg\",\"datePublished\":\"2020-06-11T13:49:29+00:00\",\"dateModified\":\"2025-10-16T09:32:23+00:00\",\"breadcrumb\":{\"@id\":\"https:\/\/terraminoika.com\/accommodation\/#breadcrumb\"},\"inLanguage\":\"fr-FR\",\"potentialAction\":[{\"@type\":\"ReadAction\",\"target\":[\"https:\/\/terraminoika.com\/accommodation\/\"]}]},{\"@type\":\"ImageObject\",\"inLanguage\":\"fr-FR\",\"@id\":\"https:\/\/terraminoika.com\/accommodation\/#primaryimage\",\"url\":\"https:\/\/terraminoika.com\/wp-content\/uploads\/2024\/06\/105-Copy-620x787.jpg\",\"contentUrl\":\"https:\/\/terraminoika.com\/wp-content\/uploads\/2024\/06\/105-Copy-620x787.jpg\"},{\"@type\":\"BreadcrumbList\",\"@id\":\"https:\/\/terraminoika.com\/accommodation\/#breadcrumb\",\"itemListElement\":[{\"@type\":\"ListItem\",\"position\":1,\"name\":\"\u0391\u03c1\u03c7\u03b9\u03ba\u03ae\",\"item\":\"https:\/\/terraminoika.com\/\"},{\"@type\":\"ListItem\",\"position\":2,\"name\":\"H\u00e9bergement\"}]},{\"@type\":\"WebSite\",\"@id\":\"https:\/\/terraminoika.com\/#website\",\"url\":\"https:\/\/terraminoika.com\/\",\"name\":\"Terra Minoika\",\"description\":\"Kato Zakros, East Crete\",\"potentialAction\":[{\"@type\":\"SearchAction\",\"target\":{\"@type\":\"EntryPoint\",\"urlTemplate\":\"https:\/\/terraminoika.com\/?s={search_term_string}\"},\"query-input\":\"required name=search_term_string\"}],\"inLanguage\":\"fr-FR\"}]}<\/script>\n<!-- \/ Yoast SEO plugin. -->","yoast_head_json":{"title":"H\u00e9bergement - Terra Minoika","robots":{"index":"index","follow":"follow","max-snippet":"max-snippet:-1","max-image-preview":"max-image-preview:large","max-video-preview":"max-video-preview:-1"},"canonical":"https:\/\/terraminoika.com\/accommodation\/","og_locale":"fr_FR","og_type":"article","og_title":"H\u00e9bergement - Terra Minoika","og_description":"Un coin de paradis, fa\u00e7onn\u00e9 avec passion, cr\u00e9ativit\u00e9 et respect de la terre, dans un recoin isol\u00e9 et magnifique de la Cr\u00e8te orientale. L Le Terra Minoika Boutique Resort se compose de cinq b\u00e2timents en pierre \u00e0 deux \u00e9tages, abritant des suites \u00e9l\u00e9gantes, de spacieux appartements familiaux ainsi qu\u2019une salle de sport enti\u00e8rement \u00e9quip\u00e9e. De [&hellip;]","og_url":"https:\/\/terraminoika.com\/accommodation\/","og_site_name":"Terra Minoika","article_modified_time":"2025-10-16T09:32:23+00:00","og_image":[{"url":"https:\/\/terraminoika.com\/wp-content\/uploads\/2024\/06\/105-Copy-620x787.jpg"}],"twitter_card":"summary_large_image","twitter_misc":{"Dur\u00e9e de lecture estim\u00e9e":"3 minutes"},"schema":{"@context":"https:\/\/schema.org","@graph":[{"@type":"WebPage","@id":"https:\/\/terraminoika.com\/accommodation\/","url":"https:\/\/terraminoika.com\/accommodation\/","name":"H\u00e9bergement - Terra Minoika","isPartOf":{"@id":"https:\/\/terraminoika.com\/#website"},"primaryImageOfPage":{"@id":"https:\/\/terraminoika.com\/accommodation\/#primaryimage"},"image":{"@id":"https:\/\/terraminoika.com\/accommodation\/#primaryimage"},"thumbnailUrl":"https:\/\/terraminoika.com\/wp-content\/uploads\/2024\/06\/105-Copy-620x787.jpg","datePublished":"2020-06-11T13:49:29+00:00","dateModified":"2025-10-16T09:32:23+00:00","breadcrumb":{"@id":"https:\/\/terraminoika.com\/accommodation\/#breadcrumb"},"inLanguage":"fr-FR","potentialAction":[{"@type":"ReadAction","target":["https:\/\/terraminoika.com\/accommodation\/"]}]},{"@type":"ImageObject","inLanguage":"fr-FR","@id":"https:\/\/terraminoika.com\/accommodation\/#primaryimage","url":"https:\/\/terraminoika.com\/wp-content\/uploads\/2024\/06\/105-Copy-620x787.jpg","contentUrl":"https:\/\/terraminoika.com\/wp-content\/uploads\/2024\/06\/105-Copy-620x787.jpg"},{"@type":"BreadcrumbList","@id":"https:\/\/terraminoika.com\/accommodation\/#breadcrumb","itemListElement":[{"@type":"ListItem","position":1,"name":"\u0391\u03c1\u03c7\u03b9\u03ba\u03ae","item":"https:\/\/terraminoika.com\/"},{"@type":"ListItem","position":2,"name":"H\u00e9bergement"}]},{"@type":"WebSite","@id":"https:\/\/terraminoika.com\/#website","url":"https:\/\/terraminoika.com\/","name":"Terra Minoika","description":"Kato Zakros, East Crete","potentialAction":[{"@type":"SearchAction","target":{"@type":"EntryPoint","urlTemplate":"https:\/\/terraminoika.com\/?s={search_term_string}"},"query-input":"required name=search_term_string"}],"inLanguage":"fr-FR"}]}},"_links":{"self":[{"href":"https:\/\/terraminoika.com\/fr\/wp-json\/wp\/v2\/pages\/11431"}],"collection":[{"href":"https:\/\/terraminoika.com\/fr\/wp-json\/wp\/v2\/pages"}],"about":[{"href":"https:\/\/terraminoika.com\/fr\/wp-json\/wp\/v2\/types\/page"}],"author":[{"embeddable":true,"href":"https:\/\/terraminoika.com\/fr\/wp-json\/wp\/v2\/users\/1"}],"replies":[{"embeddable":true,"href":"https:\/\/terraminoika.com\/fr\/wp-json\/wp\/v2\/comments?post=11431"}],"version-history":[{"count":93,"href":"https:\/\/terraminoika.com\/fr\/wp-json\/wp\/v2\/pages\/11431\/revisions"}],"predecessor-version":[{"id":15949,"href":"https:\/\/terraminoika.com\/fr\/wp-json\/wp\/v2\/pages\/11431\/revisions\/15949"}],"wp:attachment":[{"href":"https:\/\/terraminoika.com\/fr\/wp-json\/wp\/v2\/media?parent=11431"}],"curies":[{"name":"wp","href":"https:\/\/api.w.org\/{rel}","templated":true}]}}