{"id":11220,"date":"2020-06-11T14:01:15","date_gmt":"2020-06-11T14:01:15","guid":{"rendered":"https:\/\/terraminoika.com\/location\/"},"modified":"2025-10-16T11:04:18","modified_gmt":"2025-10-16T11:04:18","slug":"location","status":"publish","type":"page","link":"https:\/\/terraminoika.com\/fr\/location\/","title":{"rendered":"Situation Geographique"},"content":{"rendered":"\t\t<div data-elementor-type=\"wp-page\" data-elementor-id=\"11220\" class=\"elementor elementor-11220 elementor-5652\">\n\t\t\t\t\t\t<section class=\"elementor-section elementor-top-section elementor-element elementor-element-93c4f21 elementor-section-full_width qodef-elementor-content-grid elementor-section-stretched elementor-section-height-default elementor-section-height-default magic-button-disabled-no\" data-id=\"93c4f21\" data-element_type=\"section\" data-settings=\"{&quot;stretch_section&quot;:&quot;section-stretched&quot;}\">\n\t\t\t\t\t\t<div class=\"elementor-container elementor-column-gap-no\">\n\t\t\t\t\t<div class=\"elementor-column elementor-col-100 elementor-top-column elementor-element elementor-element-69d5f53\" data-id=\"69d5f53\" data-element_type=\"column\">\n\t\t\t<div class=\"elementor-widget-wrap elementor-element-populated\">\n\t\t\t\t\t\t<div class=\"elementor-element elementor-element-5161f15 elementor-widget elementor-widget-text-editor\" data-id=\"5161f15\" data-element_type=\"widget\" data-widget_type=\"text-editor.default\">\n\t\t\t\t<div class=\"elementor-widget-container\">\n\t\t\t\t\t\t\t<strong>KATO ZAKROS<\/strong>\n<h2>Un Joyau Cach\u00e9 de l\u2019Est de la Cr\u00e8te<\/h2>\t\t\t\t\t\t<\/div>\n\t\t\t\t<\/div>\n\t\t\t\t<div class=\"elementor-element elementor-element-7478029 elementor-widget elementor-widget-alloggio_core_dropcaps\" data-id=\"7478029\" data-element_type=\"widget\" data-widget_type=\"alloggio_core_dropcaps.default\">\n\t\t\t\t<div class=\"elementor-widget-container\">\n\t\t\t<div class=\"qodef-shortcode qodef-m  qodef-dropcaps qodef-type--simple\">\n\t<span class=\"qodef-m-letter\" style=\"color: #56C4C4\">L<\/span>\n\t\t\t<p class=\"qodef-m-text\" >e Terra Minoika Boutique Resort se dresse au-dessus de la route menant \u00e0 Kato Zakros, \u00e0 seulement 300 m de la mer et \u00e0 40 m d\u2019altitude, offrant une vue panoramique d\u00e9gag\u00e9e sur la baie et les environs.<\/p>\n\t<\/div>\t\t<\/div>\n\t\t\t\t<\/div>\n\t\t\t\t<div class=\"elementor-element elementor-element-99b0277 elementor-widget elementor-widget-alloggio_core_dropcaps\" data-id=\"99b0277\" data-element_type=\"widget\" data-widget_type=\"alloggio_core_dropcaps.default\">\n\t\t\t\t<div class=\"elementor-widget-container\">\n\t\t\t<div class=\"qodef-shortcode qodef-m  qodef-dropcaps qodef-type--simple\">\n\t<span class=\"qodef-m-letter\" style=\"color: #56C4C4\"><\/span>\n\t\t\t<p class=\"qodef-m-text\" >Kato Zakros, situ\u00e9e dans une baie naturellement prot\u00e9g\u00e9e \u00e0 l\u2019extr\u00e9mit\u00e9 orientale de la Cr\u00e8te, est rest\u00e9e pr\u00e9serv\u00e9e du tourisme de masse.\nC\u2019est une destination authentique, id\u00e9ale pour les voyageurs en qu\u00eate de vacances paisibles et de qualit\u00e9, dans un lieu o\u00f9 l\u2019histoire rencontre la nature.<\/p>\n\t<\/div>\t\t<\/div>\n\t\t\t\t<\/div>\n\t\t\t\t\t<\/div>\n\t\t<\/div>\n\t\t\t\t\t<\/div>\n\t\t<\/section>\n\t\t\t\t<section class=\"elementor-section elementor-top-section elementor-element elementor-element-2408cfd elementor-section-full_width qodef-elementor-content-grid elementor-section-stretched elementor-section-height-default elementor-section-height-default magic-button-disabled-no\" data-id=\"2408cfd\" data-element_type=\"section\" data-settings=\"{&quot;stretch_section&quot;:&quot;section-stretched&quot;}\">\n\t\t\t\t\t\t<div class=\"elementor-container elementor-column-gap-no\">\n\t\t\t\t\t<div class=\"elementor-column elementor-col-100 elementor-top-column elementor-element elementor-element-51f93333\" data-id=\"51f93333\" data-element_type=\"column\">\n\t\t\t<div class=\"elementor-widget-wrap elementor-element-populated\">\n\t\t\t\t\t\t<div class=\"elementor-element elementor-element-1f33e22e elementor-widget elementor-widget-alloggio_core_image_with_text\" data-id=\"1f33e22e\" data-element_type=\"widget\" data-widget_type=\"alloggio_core_image_with_text.default\">\n\t\t\t\t<div class=\"elementor-widget-container\">\n\t\t\t<div class=\"qodef-shortcode qodef-m  qodef-image-with-text qodef-layout--text-below  \">\n\t<div class=\"qodef-m-image\">\n\t\t\t\t\t\t\t\t\t<img fetchpriority=\"high\" decoding=\"async\" width=\"1600\" height=\"1200\" src=\"https:\/\/terraminoika.com\/wp-content\/uploads\/2023\/01\/Kato-Zakros-Copy.jpg\" class=\"qodef-e-main-image\" alt=\"\" srcset=\"https:\/\/terraminoika.com\/wp-content\/uploads\/2023\/01\/Kato-Zakros-Copy.jpg 1600w, https:\/\/terraminoika.com\/wp-content\/uploads\/2023\/01\/Kato-Zakros-Copy-300x225.jpg 300w, https:\/\/terraminoika.com\/wp-content\/uploads\/2023\/01\/Kato-Zakros-Copy-1024x768.jpg 1024w, https:\/\/terraminoika.com\/wp-content\/uploads\/2023\/01\/Kato-Zakros-Copy-768x576.jpg 768w, https:\/\/terraminoika.com\/wp-content\/uploads\/2023\/01\/Kato-Zakros-Copy-1536x1152.jpg 1536w\" sizes=\"(max-width: 1600px) 100vw, 1600px\" \/>\t\t\t\t\t\t\t\t\t<\/div>\t<div class=\"qodef-m-content\">\n\t\t\t\t\t<\/div>\n<\/div>\t\t<\/div>\n\t\t\t\t<\/div>\n\t\t\t\t<div class=\"elementor-element elementor-element-ee57064 elementor-widget elementor-widget-alloggio_core_dropcaps\" data-id=\"ee57064\" data-element_type=\"widget\" data-widget_type=\"alloggio_core_dropcaps.default\">\n\t\t\t\t<div class=\"elementor-widget-container\">\n\t\t\t<div class=\"qodef-shortcode qodef-m  qodef-dropcaps qodef-type--simple\">\n\t<span class=\"qodef-m-letter\" style=\"color: #56C4C4\">N<\/span>\n\t\t\t<p class=\"qodef-m-text\" >ich\u00e9e dans une baie naturellement prot\u00e9g\u00e9e, \u00e0 l\u2019extr\u00eame est de la Cr\u00e8te, Kato Zakros fut dans l\u2019Antiquit\u00e9 un port majeur et une porte maritime pour les navigateurs minoens.\nAujourd\u2019hui, elle demeure un village c\u00f4tier pr\u00e9serv\u00e9, situ\u00e9 dans la municipalit\u00e9 de Sitia, dans le district de Lassithi \u2014 \u00e0 seulement 9 km du village de Zakros et 45 km de la ville de Sitia.<\/p>\n\t<\/div>\t\t<\/div>\n\t\t\t\t<\/div>\n\t\t\t\t<div class=\"elementor-element elementor-element-36cc6d5 elementor-widget elementor-widget-alloggio_core_dropcaps\" data-id=\"36cc6d5\" data-element_type=\"widget\" data-widget_type=\"alloggio_core_dropcaps.default\">\n\t\t\t\t<div class=\"elementor-widget-container\">\n\t\t\t<div class=\"qodef-shortcode qodef-m  qodef-dropcaps qodef-type--simple\">\n\t<span class=\"qodef-m-letter\" style=\"color: #56C4C4\"><\/span>\n\t\t\t<p class=\"qodef-m-text\" >Loin de la foule et \u00e9pargn\u00e9e par le tourisme de masse, Kato Zakros offre une \u00e9vasion sereine et authentique, id\u00e9ale pour les voyageurs en qu\u00eate de calme, de beaut\u00e9 naturelle et de vacances durables de qualit\u00e9<\/p>\n\t<\/div>\t\t<\/div>\n\t\t\t\t<\/div>\n\t\t\t\t<div class=\"elementor-element elementor-element-ed21ef8 elementor-widget elementor-widget-alloggio_core_dropcaps\" data-id=\"ed21ef8\" data-element_type=\"widget\" data-widget_type=\"alloggio_core_dropcaps.default\">\n\t\t\t\t<div class=\"elementor-widget-container\">\n\t\t\t<div class=\"qodef-shortcode qodef-m  qodef-dropcaps qodef-type--simple\">\n\t<span class=\"qodef-m-letter\" style=\"color: #56C4C4\"><\/span>\n\t\t\t<p class=\"qodef-m-text\" >La r\u00e9gion \u00e9largie de Kato Zakros fait partie du G\u00e9oparc de Sitia, une zone d\u00e9sign\u00e9e par l\u2019UNESCO, dont une grande partie est int\u00e9gr\u00e9e au r\u00e9seau de sentiers Natura 2000.\nIci, la randonn\u00e9e, l\u2019exploration g\u00e9ologique, l\u2019observation de la nature et le tourisme \u00e9cologique prosp\u00e8rent en harmonie.\n\nDes formations g\u00e9ologiques spectaculaires fa\u00e7onn\u00e9es il y a des millions d\u2019ann\u00e9es, le palais minoen de Zakros, la Gorge des Morts, d\u2019anciens carri\u00e8res, des grottes souterraines, des sanctuaires en altitude, une riche avifaune et un littoral aux contours dentel\u00e9s se m\u00ealent au bleu profond de la mer et \u00e0 la chaleureuse hospitalit\u00e9 des habitants, pour composer une destination vraiment unique et m\u00e9morable.<\/p>\n\t<\/div>\t\t<\/div>\n\t\t\t\t<\/div>\n\t\t\t\t\t<\/div>\n\t\t<\/div>\n\t\t\t\t\t<\/div>\n\t\t<\/section>\n\t\t\t\t<section class=\"elementor-section elementor-top-section elementor-element elementor-element-a495e7c elementor-section-boxed elementor-section-height-default elementor-section-height-default magic-button-disabled-no qodef-elementor-content-no\" data-id=\"a495e7c\" data-element_type=\"section\">\n\t\t\t\t\t\t<div class=\"elementor-container elementor-column-gap-default\">\n\t\t\t\t\t<div class=\"elementor-column elementor-col-100 elementor-top-column elementor-element elementor-element-057abe2\" data-id=\"057abe2\" data-element_type=\"column\">\n\t\t\t<div class=\"elementor-widget-wrap elementor-element-populated\">\n\t\t\t\t\t\t<div class=\"elementor-element elementor-element-d2dbe4e elementor-widget elementor-widget-alloggio_core_image_gallery\" data-id=\"d2dbe4e\" data-element_type=\"widget\" data-widget_type=\"alloggio_core_image_gallery.default\">\n\t\t\t\t<div class=\"elementor-widget-container\">\n\t\t\t<div class=\"qodef-shortcode qodef-m  qodef-image-gallery      qodef-grid qodef-layout--columns  qodef-gutter--normal qodef-col-num--3  qodef-responsive--predefined\">\n    <div class=\"qodef-grid-inner clear\">\n\t\t<div class=\"qodef-e qodef-image-wrapper qodef-grid-item\">\n\t\t\t<img decoding=\"async\" width=\"1800\" height=\"1200\" src=\"https:\/\/terraminoika.com\/wp-content\/uploads\/2024\/08\/3.jpg\" class=\"attachment-full size-full\" alt=\"\" data-swiper-parallax=\"27%\" srcset=\"https:\/\/terraminoika.com\/wp-content\/uploads\/2024\/08\/3.jpg 1800w, https:\/\/terraminoika.com\/wp-content\/uploads\/2024\/08\/3-300x200.jpg 300w, https:\/\/terraminoika.com\/wp-content\/uploads\/2024\/08\/3-1024x683.jpg 1024w, https:\/\/terraminoika.com\/wp-content\/uploads\/2024\/08\/3-768x512.jpg 768w, https:\/\/terraminoika.com\/wp-content\/uploads\/2024\/08\/3-1536x1024.jpg 1536w\" sizes=\"(max-width: 1800px) 100vw, 1800px\" \/>\t<\/div><div class=\"qodef-e qodef-image-wrapper qodef-grid-item\">\n\t\t\t<img decoding=\"async\" width=\"1800\" height=\"1200\" src=\"https:\/\/terraminoika.com\/wp-content\/uploads\/2024\/08\/1-3.jpg\" class=\"attachment-full size-full\" alt=\"\" data-swiper-parallax=\"27%\" srcset=\"https:\/\/terraminoika.com\/wp-content\/uploads\/2024\/08\/1-3.jpg 1800w, https:\/\/terraminoika.com\/wp-content\/uploads\/2024\/08\/1-3-300x200.jpg 300w, https:\/\/terraminoika.com\/wp-content\/uploads\/2024\/08\/1-3-1024x683.jpg 1024w, https:\/\/terraminoika.com\/wp-content\/uploads\/2024\/08\/1-3-768x512.jpg 768w, https:\/\/terraminoika.com\/wp-content\/uploads\/2024\/08\/1-3-1536x1024.jpg 1536w\" sizes=\"(max-width: 1800px) 100vw, 1800px\" \/>\t<\/div><div class=\"qodef-e qodef-image-wrapper qodef-grid-item\">\n\t\t\t<img loading=\"lazy\" decoding=\"async\" width=\"1800\" height=\"1200\" src=\"https:\/\/terraminoika.com\/wp-content\/uploads\/2024\/08\/4.jpg\" class=\"attachment-full size-full\" alt=\"\" data-swiper-parallax=\"27%\" srcset=\"https:\/\/terraminoika.com\/wp-content\/uploads\/2024\/08\/4.jpg 1800w, https:\/\/terraminoika.com\/wp-content\/uploads\/2024\/08\/4-300x200.jpg 300w, https:\/\/terraminoika.com\/wp-content\/uploads\/2024\/08\/4-1024x683.jpg 1024w, https:\/\/terraminoika.com\/wp-content\/uploads\/2024\/08\/4-768x512.jpg 768w, https:\/\/terraminoika.com\/wp-content\/uploads\/2024\/08\/4-1536x1024.jpg 1536w\" sizes=\"(max-width: 1800px) 100vw, 1800px\" \/>\t<\/div><div class=\"qodef-e qodef-image-wrapper qodef-grid-item\">\n\t\t\t<img loading=\"lazy\" decoding=\"async\" width=\"1800\" height=\"1200\" src=\"https:\/\/terraminoika.com\/wp-content\/uploads\/2024\/08\/2-1.jpg\" class=\"attachment-full size-full\" alt=\"\" data-swiper-parallax=\"27%\" srcset=\"https:\/\/terraminoika.com\/wp-content\/uploads\/2024\/08\/2-1.jpg 1800w, https:\/\/terraminoika.com\/wp-content\/uploads\/2024\/08\/2-1-300x200.jpg 300w, https:\/\/terraminoika.com\/wp-content\/uploads\/2024\/08\/2-1-1024x683.jpg 1024w, https:\/\/terraminoika.com\/wp-content\/uploads\/2024\/08\/2-1-768x512.jpg 768w, https:\/\/terraminoika.com\/wp-content\/uploads\/2024\/08\/2-1-1536x1024.jpg 1536w\" sizes=\"(max-width: 1800px) 100vw, 1800px\" \/>\t<\/div><div class=\"qodef-e qodef-image-wrapper qodef-grid-item\">\n\t\t\t<img loading=\"lazy\" decoding=\"async\" width=\"1800\" height=\"1200\" src=\"https:\/\/terraminoika.com\/wp-content\/uploads\/2024\/08\/5.jpg\" class=\"attachment-full size-full\" alt=\"\" data-swiper-parallax=\"27%\" srcset=\"https:\/\/terraminoika.com\/wp-content\/uploads\/2024\/08\/5.jpg 1800w, https:\/\/terraminoika.com\/wp-content\/uploads\/2024\/08\/5-300x200.jpg 300w, https:\/\/terraminoika.com\/wp-content\/uploads\/2024\/08\/5-1024x683.jpg 1024w, https:\/\/terraminoika.com\/wp-content\/uploads\/2024\/08\/5-768x512.jpg 768w, https:\/\/terraminoika.com\/wp-content\/uploads\/2024\/08\/5-1536x1024.jpg 1536w\" sizes=\"(max-width: 1800px) 100vw, 1800px\" \/>\t<\/div><div class=\"qodef-e qodef-image-wrapper qodef-grid-item\">\n\t\t\t<img loading=\"lazy\" decoding=\"async\" width=\"1800\" height=\"1200\" src=\"https:\/\/terraminoika.com\/wp-content\/uploads\/2024\/08\/6.jpg\" class=\"attachment-full size-full\" alt=\"\" data-swiper-parallax=\"27%\" srcset=\"https:\/\/terraminoika.com\/wp-content\/uploads\/2024\/08\/6.jpg 1800w, https:\/\/terraminoika.com\/wp-content\/uploads\/2024\/08\/6-300x200.jpg 300w, https:\/\/terraminoika.com\/wp-content\/uploads\/2024\/08\/6-1024x683.jpg 1024w, https:\/\/terraminoika.com\/wp-content\/uploads\/2024\/08\/6-768x512.jpg 768w, https:\/\/terraminoika.com\/wp-content\/uploads\/2024\/08\/6-1536x1024.jpg 1536w\" sizes=\"(max-width: 1800px) 100vw, 1800px\" \/>\t<\/div>    <\/div>\n<\/div>\t\t<\/div>\n\t\t\t\t<\/div>\n\t\t\t\t\t<\/div>\n\t\t<\/div>\n\t\t\t\t\t<\/div>\n\t\t<\/section>\n\t\t\t\t<section class=\"elementor-section elementor-top-section elementor-element elementor-element-82fb24e elementor-section-stretched elementor-section-full_width elementor-section-height-default elementor-section-height-default magic-button-disabled-no qodef-elementor-content-no\" data-id=\"82fb24e\" data-element_type=\"section\" data-settings=\"{&quot;stretch_section&quot;:&quot;section-stretched&quot;}\">\n\t\t\t\t\t\t<div class=\"elementor-container elementor-column-gap-default\">\n\t\t\t\t\t<div class=\"elementor-column elementor-col-100 elementor-top-column elementor-element elementor-element-1afd35b\" data-id=\"1afd35b\" data-element_type=\"column\">\n\t\t\t<div class=\"elementor-widget-wrap elementor-element-populated\">\n\t\t\t\t\t\t<div class=\"elementor-element elementor-element-579f9e1 elementor-widget elementor-widget-google_maps\" data-id=\"579f9e1\" data-element_type=\"widget\" data-widget_type=\"google_maps.default\">\n\t\t\t\t<div class=\"elementor-widget-container\">\n\t\t\t\t\t<div class=\"elementor-custom-embed\">\n\t\t\t<iframe loading=\"lazy\"\n\t\t\t\t\tsrc=\"https:\/\/maps.google.com\/maps?q=terra%20minoika&#038;t=m&#038;z=10&#038;output=embed&#038;iwloc=near\"\n\t\t\t\t\ttitle=\"terra minoika\"\n\t\t\t\t\taria-label=\"terra minoika\"\n\t\t\t><\/iframe>\n\t\t<\/div>\n\t\t\t\t<\/div>\n\t\t\t\t<\/div>\n\t\t\t\t\t<\/div>\n\t\t<\/div>\n\t\t\t\t\t<\/div>\n\t\t<\/section>\n\t\t\t\t<\/div>\n\t\t","protected":false},"excerpt":{"rendered":"<p>KATO ZAKROS Un Joyau Cach\u00e9 de l\u2019Est de la Cr\u00e8te L e Terra Minoika Boutique Resort se dresse au-dessus de la route menant \u00e0 Kato Zakros, \u00e0 seulement 300 m de la mer et \u00e0 40 m d\u2019altitude, offrant une vue panoramique d\u00e9gag\u00e9e sur la baie et les environs. Kato Zakros, situ\u00e9e dans une baie [&hellip;]<\/p>\n","protected":false},"author":1,"featured_media":0,"parent":0,"menu_order":41,"comment_status":"closed","ping_status":"closed","template":"","meta":{"footnotes":""},"yoast_head":"<!-- This site is optimized with the Yoast SEO plugin v22.9 - https:\/\/yoast.com\/wordpress\/plugins\/seo\/ -->\n<title>Situation Geographique - Terra Minoika<\/title>\n<meta name=\"robots\" content=\"index, follow, max-snippet:-1, max-image-preview:large, max-video-preview:-1\" \/>\n<link rel=\"canonical\" href=\"https:\/\/terraminoika.com\/location\/\" \/>\n<meta property=\"og:locale\" content=\"fr_FR\" \/>\n<meta property=\"og:type\" content=\"article\" \/>\n<meta property=\"og:title\" content=\"Situation Geographique - Terra Minoika\" \/>\n<meta property=\"og:description\" content=\"KATO ZAKROS Un Joyau Cach\u00e9 de l\u2019Est de la Cr\u00e8te L e Terra Minoika Boutique Resort se dresse au-dessus de la route menant \u00e0 Kato Zakros, \u00e0 seulement 300 m de la mer et \u00e0 40 m d\u2019altitude, offrant une vue panoramique d\u00e9gag\u00e9e sur la baie et les environs. Kato Zakros, situ\u00e9e dans une baie [&hellip;]\" \/>\n<meta property=\"og:url\" content=\"https:\/\/terraminoika.com\/location\/\" \/>\n<meta property=\"og:site_name\" content=\"Terra Minoika\" \/>\n<meta property=\"article:modified_time\" content=\"2025-10-16T11:04:18+00:00\" \/>\n<meta property=\"og:image\" content=\"https:\/\/terraminoika.com\/wp-content\/uploads\/2023\/01\/Kato-Zakros-Copy.jpg\" \/>\n<meta name=\"twitter:card\" content=\"summary_large_image\" \/>\n<meta name=\"twitter:label1\" content=\"Dur\u00e9e de lecture estim\u00e9e\" \/>\n\t<meta name=\"twitter:data1\" content=\"3 minutes\" \/>\n<script type=\"application\/ld+json\" class=\"yoast-schema-graph\">{\"@context\":\"https:\/\/schema.org\",\"@graph\":[{\"@type\":\"WebPage\",\"@id\":\"https:\/\/terraminoika.com\/location\/\",\"url\":\"https:\/\/terraminoika.com\/location\/\",\"name\":\"Situation Geographique - Terra Minoika\",\"isPartOf\":{\"@id\":\"https:\/\/terraminoika.com\/#website\"},\"primaryImageOfPage\":{\"@id\":\"https:\/\/terraminoika.com\/location\/#primaryimage\"},\"image\":{\"@id\":\"https:\/\/terraminoika.com\/location\/#primaryimage\"},\"thumbnailUrl\":\"https:\/\/terraminoika.com\/wp-content\/uploads\/2023\/01\/Kato-Zakros-Copy.jpg\",\"datePublished\":\"2020-06-11T14:01:15+00:00\",\"dateModified\":\"2025-10-16T11:04:18+00:00\",\"breadcrumb\":{\"@id\":\"https:\/\/terraminoika.com\/location\/#breadcrumb\"},\"inLanguage\":\"fr-FR\",\"potentialAction\":[{\"@type\":\"ReadAction\",\"target\":[\"https:\/\/terraminoika.com\/location\/\"]}]},{\"@type\":\"ImageObject\",\"inLanguage\":\"fr-FR\",\"@id\":\"https:\/\/terraminoika.com\/location\/#primaryimage\",\"url\":\"https:\/\/terraminoika.com\/wp-content\/uploads\/2023\/01\/Kato-Zakros-Copy.jpg\",\"contentUrl\":\"https:\/\/terraminoika.com\/wp-content\/uploads\/2023\/01\/Kato-Zakros-Copy.jpg\"},{\"@type\":\"BreadcrumbList\",\"@id\":\"https:\/\/terraminoika.com\/location\/#breadcrumb\",\"itemListElement\":[{\"@type\":\"ListItem\",\"position\":1,\"name\":\"\u0391\u03c1\u03c7\u03b9\u03ba\u03ae\",\"item\":\"https:\/\/terraminoika.com\/\"},{\"@type\":\"ListItem\",\"position\":2,\"name\":\"Situation Geographique\"}]},{\"@type\":\"WebSite\",\"@id\":\"https:\/\/terraminoika.com\/#website\",\"url\":\"https:\/\/terraminoika.com\/\",\"name\":\"Terra Minoika\",\"description\":\"Kato Zakros, East Crete\",\"potentialAction\":[{\"@type\":\"SearchAction\",\"target\":{\"@type\":\"EntryPoint\",\"urlTemplate\":\"https:\/\/terraminoika.com\/?s={search_term_string}\"},\"query-input\":\"required name=search_term_string\"}],\"inLanguage\":\"fr-FR\"}]}<\/script>\n<!-- \/ Yoast SEO plugin. -->","yoast_head_json":{"title":"Situation Geographique - Terra Minoika","robots":{"index":"index","follow":"follow","max-snippet":"max-snippet:-1","max-image-preview":"max-image-preview:large","max-video-preview":"max-video-preview:-1"},"canonical":"https:\/\/terraminoika.com\/location\/","og_locale":"fr_FR","og_type":"article","og_title":"Situation Geographique - Terra Minoika","og_description":"KATO ZAKROS Un Joyau Cach\u00e9 de l\u2019Est de la Cr\u00e8te L e Terra Minoika Boutique Resort se dresse au-dessus de la route menant \u00e0 Kato Zakros, \u00e0 seulement 300 m de la mer et \u00e0 40 m d\u2019altitude, offrant une vue panoramique d\u00e9gag\u00e9e sur la baie et les environs. Kato Zakros, situ\u00e9e dans une baie [&hellip;]","og_url":"https:\/\/terraminoika.com\/location\/","og_site_name":"Terra Minoika","article_modified_time":"2025-10-16T11:04:18+00:00","og_image":[{"url":"https:\/\/terraminoika.com\/wp-content\/uploads\/2023\/01\/Kato-Zakros-Copy.jpg"}],"twitter_card":"summary_large_image","twitter_misc":{"Dur\u00e9e de lecture estim\u00e9e":"3 minutes"},"schema":{"@context":"https:\/\/schema.org","@graph":[{"@type":"WebPage","@id":"https:\/\/terraminoika.com\/location\/","url":"https:\/\/terraminoika.com\/location\/","name":"Situation Geographique - Terra Minoika","isPartOf":{"@id":"https:\/\/terraminoika.com\/#website"},"primaryImageOfPage":{"@id":"https:\/\/terraminoika.com\/location\/#primaryimage"},"image":{"@id":"https:\/\/terraminoika.com\/location\/#primaryimage"},"thumbnailUrl":"https:\/\/terraminoika.com\/wp-content\/uploads\/2023\/01\/Kato-Zakros-Copy.jpg","datePublished":"2020-06-11T14:01:15+00:00","dateModified":"2025-10-16T11:04:18+00:00","breadcrumb":{"@id":"https:\/\/terraminoika.com\/location\/#breadcrumb"},"inLanguage":"fr-FR","potentialAction":[{"@type":"ReadAction","target":["https:\/\/terraminoika.com\/location\/"]}]},{"@type":"ImageObject","inLanguage":"fr-FR","@id":"https:\/\/terraminoika.com\/location\/#primaryimage","url":"https:\/\/terraminoika.com\/wp-content\/uploads\/2023\/01\/Kato-Zakros-Copy.jpg","contentUrl":"https:\/\/terraminoika.com\/wp-content\/uploads\/2023\/01\/Kato-Zakros-Copy.jpg"},{"@type":"BreadcrumbList","@id":"https:\/\/terraminoika.com\/location\/#breadcrumb","itemListElement":[{"@type":"ListItem","position":1,"name":"\u0391\u03c1\u03c7\u03b9\u03ba\u03ae","item":"https:\/\/terraminoika.com\/"},{"@type":"ListItem","position":2,"name":"Situation Geographique"}]},{"@type":"WebSite","@id":"https:\/\/terraminoika.com\/#website","url":"https:\/\/terraminoika.com\/","name":"Terra Minoika","description":"Kato Zakros, East Crete","potentialAction":[{"@type":"SearchAction","target":{"@type":"EntryPoint","urlTemplate":"https:\/\/terraminoika.com\/?s={search_term_string}"},"query-input":"required name=search_term_string"}],"inLanguage":"fr-FR"}]}},"_links":{"self":[{"href":"https:\/\/terraminoika.com\/fr\/wp-json\/wp\/v2\/pages\/11220"}],"collection":[{"href":"https:\/\/terraminoika.com\/fr\/wp-json\/wp\/v2\/pages"}],"about":[{"href":"https:\/\/terraminoika.com\/fr\/wp-json\/wp\/v2\/types\/page"}],"author":[{"embeddable":true,"href":"https:\/\/terraminoika.com\/fr\/wp-json\/wp\/v2\/users\/1"}],"replies":[{"embeddable":true,"href":"https:\/\/terraminoika.com\/fr\/wp-json\/wp\/v2\/comments?post=11220"}],"version-history":[{"count":80,"href":"https:\/\/terraminoika.com\/fr\/wp-json\/wp\/v2\/pages\/11220\/revisions"}],"predecessor-version":[{"id":16012,"href":"https:\/\/terraminoika.com\/fr\/wp-json\/wp\/v2\/pages\/11220\/revisions\/16012"}],"wp:attachment":[{"href":"https:\/\/terraminoika.com\/fr\/wp-json\/wp\/v2\/media?parent=11220"}],"curies":[{"name":"wp","href":"https:\/\/api.w.org\/{rel}","templated":true}]}}