{"id":11167,"date":"2020-06-05T13:54:33","date_gmt":"2020-06-05T13:54:33","guid":{"rendered":"https:\/\/terraminoika.com\/services\/"},"modified":"2025-10-16T10:52:27","modified_gmt":"2025-10-16T10:52:27","slug":"services","status":"publish","type":"page","link":"https:\/\/terraminoika.com\/fr\/services\/","title":{"rendered":"Services"},"content":{"rendered":"\t\t<div data-elementor-type=\"wp-page\" data-elementor-id=\"11167\" class=\"elementor elementor-11167 elementor-5687\">\n\t\t\t\t\t\t<section class=\"elementor-section elementor-top-section elementor-element elementor-element-112a025 elementor-section-full_width elementor-section-height-default elementor-section-height-default magic-button-disabled-no qodef-elementor-content-no\" data-id=\"112a025\" data-element_type=\"section\">\n\t\t\t\t\t\t<div class=\"elementor-container elementor-column-gap-default\">\n\t\t\t\t\t<div class=\"elementor-column elementor-col-100 elementor-top-column elementor-element elementor-element-faa52eb\" data-id=\"faa52eb\" data-element_type=\"column\">\n\t\t\t<div class=\"elementor-widget-wrap elementor-element-populated\">\n\t\t\t\t\t\t<div class=\"elementor-element elementor-element-8c7cf6c elementor-widget elementor-widget-heading\" data-id=\"8c7cf6c\" data-element_type=\"widget\" data-widget_type=\"heading.default\">\n\t\t\t\t<div class=\"elementor-widget-container\">\n\t\t\t<h2 class=\"elementor-heading-title elementor-size-default\">Le petit-d\u00e9jeuner<\/h2>\t\t<\/div>\n\t\t\t\t<\/div>\n\t\t\t\t<div class=\"elementor-element elementor-element-668729d elementor-widget elementor-widget-alloggio_core_dropcaps\" data-id=\"668729d\" data-element_type=\"widget\" data-widget_type=\"alloggio_core_dropcaps.default\">\n\t\t\t\t<div class=\"elementor-widget-container\">\n\t\t\t<div class=\"qodef-shortcode qodef-m  qodef-dropcaps qodef-type--simple\">\n\t<span class=\"qodef-m-letter\" style=\"color: #56C4C4\">D<\/span>\n\t\t\t<p class=\"qodef-m-text\" >ans le plus grand respect du r\u00e9gime cr\u00e9tois et avec un accent mis sur des ingr\u00e9dients frais et naturels, notre petit-d\u00e9jeuner est pr\u00e9par\u00e9 \u00e0 partir des produits de nos jardins biologiques et de notre verger familial \u2014 herbes, arbres fruitiers et olives pour notre huile d\u2019olive extra vierge maison.\nCes produits sont compl\u00e9t\u00e9s par des produits locaux issus des agriculteurs du G\u00e9oparc de Sitia, garantissant l\u2019authenticit\u00e9 \u00e0 chaque bouch\u00e9e.<\/p>\n\t<\/div>\t\t<\/div>\n\t\t\t\t<\/div>\n\t\t\t\t<div class=\"elementor-element elementor-element-47a2246 elementor-widget elementor-widget-text-editor\" data-id=\"47a2246\" data-element_type=\"widget\" data-widget_type=\"text-editor.default\">\n\t\t\t\t<div class=\"elementor-widget-container\">\n\t\t\t\t\t\t\t<p>Nos h\u00f4tes peuvent d\u00e9guster des gourmandises fra\u00eechement pr\u00e9par\u00e9es, des produits laitiers, des confitures maison et des douceurs traditionnelles, ainsi que des sp\u00e9cialit\u00e9s de saison qui mettent en valeur la richesse de la Cr\u00e8te.<\/p><p>Au Terra Minoika, le petit-d\u00e9jeuner est bien plus qu\u2019un repas \u2014 c\u2019est une initiation \u00e0 l\u2019art de vivre cr\u00e9tois, profond\u00e9ment ancr\u00e9e dans la nature, la tradition et la philosophie slow food.<\/p>\t\t\t\t\t\t<\/div>\n\t\t\t\t<\/div>\n\t\t\t\t\t<\/div>\n\t\t<\/div>\n\t\t\t\t\t<\/div>\n\t\t<\/section>\n\t\t\t\t<section class=\"elementor-section elementor-top-section elementor-element elementor-element-88326a2 elementor-section-boxed elementor-section-height-default elementor-section-height-default magic-button-disabled-no qodef-elementor-content-no\" data-id=\"88326a2\" data-element_type=\"section\">\n\t\t\t\t\t\t<div class=\"elementor-container elementor-column-gap-default\">\n\t\t\t\t\t<div class=\"elementor-column elementor-col-100 elementor-top-column elementor-element elementor-element-9d4cae1\" data-id=\"9d4cae1\" data-element_type=\"column\">\n\t\t\t<div class=\"elementor-widget-wrap elementor-element-populated\">\n\t\t\t\t\t\t<div class=\"elementor-element elementor-element-313c044 elementor-widget elementor-widget-alloggio_core_image_gallery\" data-id=\"313c044\" data-element_type=\"widget\" data-widget_type=\"alloggio_core_image_gallery.default\">\n\t\t\t\t<div class=\"elementor-widget-container\">\n\t\t\t<div class=\"qodef-shortcode qodef-m  qodef-image-gallery      qodef-grid qodef-layout--columns  qodef-gutter--normal qodef-col-num--3  qodef-responsive--predefined\">\n    <div class=\"qodef-grid-inner clear\">\n\t\t<div class=\"qodef-e qodef-image-wrapper qodef-grid-item\">\n\t\t\t<img fetchpriority=\"high\" decoding=\"async\" width=\"1800\" height=\"1200\" src=\"https:\/\/terraminoika.com\/wp-content\/uploads\/2024\/06\/48-Copy.gif\" class=\"attachment-full size-full\" alt=\"\" data-swiper-parallax=\"27%\" \/>\t<\/div><div class=\"qodef-e qodef-image-wrapper qodef-grid-item\">\n\t\t\t<img decoding=\"async\" width=\"1800\" height=\"1200\" src=\"https:\/\/terraminoika.com\/wp-content\/uploads\/2024\/06\/50-Copy.gif\" class=\"attachment-full size-full\" alt=\"\" data-swiper-parallax=\"27%\" \/>\t<\/div><div class=\"qodef-e qodef-image-wrapper qodef-grid-item\">\n\t\t\t<img decoding=\"async\" width=\"1800\" height=\"1200\" src=\"https:\/\/terraminoika.com\/wp-content\/uploads\/2024\/06\/51-Copy.gif\" class=\"attachment-full size-full\" alt=\"\" data-swiper-parallax=\"27%\" \/>\t<\/div>    <\/div>\n<\/div>\t\t<\/div>\n\t\t\t\t<\/div>\n\t\t\t\t\t<\/div>\n\t\t<\/div>\n\t\t\t\t\t<\/div>\n\t\t<\/section>\n\t\t\t\t<section class=\"elementor-section elementor-top-section elementor-element elementor-element-6824967 elementor-section-full_width elementor-section-height-default elementor-section-height-default magic-button-disabled-no qodef-elementor-content-no\" data-id=\"6824967\" data-element_type=\"section\">\n\t\t\t\t\t\t<div class=\"elementor-container elementor-column-gap-default\">\n\t\t\t\t\t<div class=\"elementor-column elementor-col-100 elementor-top-column elementor-element elementor-element-78b7329\" data-id=\"78b7329\" data-element_type=\"column\">\n\t\t\t<div class=\"elementor-widget-wrap elementor-element-populated\">\n\t\t\t\t\t\t<div class=\"elementor-element elementor-element-3a94765 elementor-widget elementor-widget-heading\" data-id=\"3a94765\" data-element_type=\"widget\" data-widget_type=\"heading.default\">\n\t\t\t\t<div class=\"elementor-widget-container\">\n\t\t\t<h2 class=\"elementor-heading-title elementor-size-default\">Activit\u00e9s<\/h2>\t\t<\/div>\n\t\t\t\t<\/div>\n\t\t\t\t<div class=\"elementor-element elementor-element-32008fe elementor-widget elementor-widget-text-editor\" data-id=\"32008fe\" data-element_type=\"widget\" data-widget_type=\"text-editor.default\">\n\t\t\t\t<div class=\"elementor-widget-container\">\n\t\t\t\t\t\t\t<p>\u25cf Take along the beach bags, towels, and swim gear we provide and enjoy a swim in the crystal-clear waters of the nearby beaches.<\/p><p>\u25cf For hiking enthusiasts, graded trails start right from Kato Zakros and extend throughout the UNESCO-listed Sitia Geopark.<\/p><p>\u25cf Keep active in our gym, with weights, treadmill, or yoga mats.<\/p><p>\u25cf Challenge a co-player at our outdoor chess points.<\/p><p>\u25cf Retreat to an armchair, hammock, or chaise longue in one of our peaceful garden corners overlooking the Kato Zakros bay.<\/p><p>\u25cf Wander through the resort\u2019s art trail, where creativity meets nature.<\/p>\t\t\t\t\t\t<\/div>\n\t\t\t\t<\/div>\n\t\t\t\t\t<\/div>\n\t\t<\/div>\n\t\t\t\t\t<\/div>\n\t\t<\/section>\n\t\t\t\t<section class=\"elementor-section elementor-top-section elementor-element elementor-element-d6275a1 elementor-section-boxed elementor-section-height-default elementor-section-height-default magic-button-disabled-no qodef-elementor-content-no\" data-id=\"d6275a1\" data-element_type=\"section\">\n\t\t\t\t\t\t<div class=\"elementor-container elementor-column-gap-default\">\n\t\t\t\t\t<div class=\"elementor-column elementor-col-100 elementor-top-column elementor-element elementor-element-96a7f4c\" data-id=\"96a7f4c\" data-element_type=\"column\">\n\t\t\t<div class=\"elementor-widget-wrap elementor-element-populated\">\n\t\t\t\t\t\t<div class=\"elementor-element elementor-element-e7fe3b4 elementor-widget elementor-widget-alloggio_core_image_gallery\" data-id=\"e7fe3b4\" data-element_type=\"widget\" data-widget_type=\"alloggio_core_image_gallery.default\">\n\t\t\t\t<div class=\"elementor-widget-container\">\n\t\t\t<div class=\"qodef-shortcode qodef-m  qodef-image-gallery      qodef-grid qodef-layout--columns  qodef-gutter--normal qodef-col-num--3  qodef-responsive--predefined\">\n    <div class=\"qodef-grid-inner clear\">\n\t\t<div class=\"qodef-e qodef-image-wrapper qodef-grid-item\">\n\t\t\t<img loading=\"lazy\" decoding=\"async\" width=\"1800\" height=\"1350\" src=\"https:\/\/terraminoika.com\/wp-content\/uploads\/2024\/06\/53-Copy.jpg\" class=\"attachment-full size-full\" alt=\"\" data-swiper-parallax=\"27%\" srcset=\"https:\/\/terraminoika.com\/wp-content\/uploads\/2024\/06\/53-Copy.jpg 1800w, https:\/\/terraminoika.com\/wp-content\/uploads\/2024\/06\/53-Copy-300x225.jpg 300w, https:\/\/terraminoika.com\/wp-content\/uploads\/2024\/06\/53-Copy-1024x768.jpg 1024w, https:\/\/terraminoika.com\/wp-content\/uploads\/2024\/06\/53-Copy-768x576.jpg 768w, https:\/\/terraminoika.com\/wp-content\/uploads\/2024\/06\/53-Copy-1536x1152.jpg 1536w\" sizes=\"(max-width: 1800px) 100vw, 1800px\" \/>\t<\/div><div class=\"qodef-e qodef-image-wrapper qodef-grid-item\">\n\t\t\t<img loading=\"lazy\" decoding=\"async\" width=\"1800\" height=\"1350\" src=\"https:\/\/terraminoika.com\/wp-content\/uploads\/2024\/06\/54-Copy.jpg\" class=\"attachment-full size-full\" alt=\"\" data-swiper-parallax=\"27%\" srcset=\"https:\/\/terraminoika.com\/wp-content\/uploads\/2024\/06\/54-Copy.jpg 1800w, https:\/\/terraminoika.com\/wp-content\/uploads\/2024\/06\/54-Copy-300x225.jpg 300w, https:\/\/terraminoika.com\/wp-content\/uploads\/2024\/06\/54-Copy-1024x768.jpg 1024w, https:\/\/terraminoika.com\/wp-content\/uploads\/2024\/06\/54-Copy-768x576.jpg 768w, https:\/\/terraminoika.com\/wp-content\/uploads\/2024\/06\/54-Copy-1536x1152.jpg 1536w\" sizes=\"(max-width: 1800px) 100vw, 1800px\" \/>\t<\/div><div class=\"qodef-e qodef-image-wrapper qodef-grid-item\">\n\t\t\t<img loading=\"lazy\" decoding=\"async\" width=\"1800\" height=\"1350\" src=\"https:\/\/terraminoika.com\/wp-content\/uploads\/2024\/06\/55-Copy.jpg\" class=\"attachment-full size-full\" alt=\"\" data-swiper-parallax=\"27%\" srcset=\"https:\/\/terraminoika.com\/wp-content\/uploads\/2024\/06\/55-Copy.jpg 1800w, https:\/\/terraminoika.com\/wp-content\/uploads\/2024\/06\/55-Copy-300x225.jpg 300w, https:\/\/terraminoika.com\/wp-content\/uploads\/2024\/06\/55-Copy-1024x768.jpg 1024w, https:\/\/terraminoika.com\/wp-content\/uploads\/2024\/06\/55-Copy-768x576.jpg 768w, https:\/\/terraminoika.com\/wp-content\/uploads\/2024\/06\/55-Copy-1536x1152.jpg 1536w\" sizes=\"(max-width: 1800px) 100vw, 1800px\" \/>\t<\/div>    <\/div>\n<\/div>\t\t<\/div>\n\t\t\t\t<\/div>\n\t\t\t\t\t<\/div>\n\t\t<\/div>\n\t\t\t\t\t<\/div>\n\t\t<\/section>\n\t\t\t\t<section class=\"elementor-section elementor-top-section elementor-element elementor-element-ed3e095 elementor-section-boxed elementor-section-height-default elementor-section-height-default magic-button-disabled-no qodef-elementor-content-no\" data-id=\"ed3e095\" data-element_type=\"section\">\n\t\t\t\t\t\t<div class=\"elementor-container elementor-column-gap-default\">\n\t\t\t\t\t<div class=\"elementor-column elementor-col-100 elementor-top-column elementor-element elementor-element-86819b5\" data-id=\"86819b5\" data-element_type=\"column\">\n\t\t\t<div class=\"elementor-widget-wrap elementor-element-populated\">\n\t\t\t\t\t\t<div class=\"elementor-element elementor-element-eaf2950 elementor-widget elementor-widget-alloggio_core_image_gallery\" data-id=\"eaf2950\" data-element_type=\"widget\" data-widget_type=\"alloggio_core_image_gallery.default\">\n\t\t\t\t<div class=\"elementor-widget-container\">\n\t\t\t<div class=\"qodef-shortcode qodef-m  qodef-image-gallery      qodef-grid qodef-layout--columns  qodef-gutter--normal qodef-col-num--3  qodef-responsive--predefined\">\n    <div class=\"qodef-grid-inner clear\">\n\t\t<div class=\"qodef-e qodef-image-wrapper qodef-grid-item\">\n\t\t\t<img loading=\"lazy\" decoding=\"async\" width=\"1800\" height=\"1200\" src=\"https:\/\/terraminoika.com\/wp-content\/uploads\/2024\/06\/57-Copy.jpg\" class=\"attachment-full size-full\" alt=\"\" data-swiper-parallax=\"27%\" srcset=\"https:\/\/terraminoika.com\/wp-content\/uploads\/2024\/06\/57-Copy.jpg 1800w, https:\/\/terraminoika.com\/wp-content\/uploads\/2024\/06\/57-Copy-300x200.jpg 300w, https:\/\/terraminoika.com\/wp-content\/uploads\/2024\/06\/57-Copy-1024x683.jpg 1024w, https:\/\/terraminoika.com\/wp-content\/uploads\/2024\/06\/57-Copy-768x512.jpg 768w, https:\/\/terraminoika.com\/wp-content\/uploads\/2024\/06\/57-Copy-1536x1024.jpg 1536w\" sizes=\"(max-width: 1800px) 100vw, 1800px\" \/>\t<\/div><div class=\"qodef-e qodef-image-wrapper qodef-grid-item\">\n\t\t\t<img loading=\"lazy\" decoding=\"async\" width=\"1179\" height=\"884\" src=\"https:\/\/terraminoika.com\/wp-content\/uploads\/2024\/06\/59-Copy.jpg\" class=\"attachment-full size-full\" alt=\"\" data-swiper-parallax=\"27%\" srcset=\"https:\/\/terraminoika.com\/wp-content\/uploads\/2024\/06\/59-Copy.jpg 1179w, https:\/\/terraminoika.com\/wp-content\/uploads\/2024\/06\/59-Copy-300x225.jpg 300w, https:\/\/terraminoika.com\/wp-content\/uploads\/2024\/06\/59-Copy-1024x768.jpg 1024w, https:\/\/terraminoika.com\/wp-content\/uploads\/2024\/06\/59-Copy-768x576.jpg 768w\" sizes=\"(max-width: 1179px) 100vw, 1179px\" \/>\t<\/div><div class=\"qodef-e qodef-image-wrapper qodef-grid-item\">\n\t\t\t<img loading=\"lazy\" decoding=\"async\" width=\"1800\" height=\"1200\" src=\"https:\/\/terraminoika.com\/wp-content\/uploads\/2024\/06\/58-Copy.jpg\" class=\"attachment-full size-full\" alt=\"\" data-swiper-parallax=\"27%\" srcset=\"https:\/\/terraminoika.com\/wp-content\/uploads\/2024\/06\/58-Copy.jpg 1800w, https:\/\/terraminoika.com\/wp-content\/uploads\/2024\/06\/58-Copy-300x200.jpg 300w, https:\/\/terraminoika.com\/wp-content\/uploads\/2024\/06\/58-Copy-1024x683.jpg 1024w, https:\/\/terraminoika.com\/wp-content\/uploads\/2024\/06\/58-Copy-768x512.jpg 768w, https:\/\/terraminoika.com\/wp-content\/uploads\/2024\/06\/58-Copy-1536x1024.jpg 1536w\" sizes=\"(max-width: 1800px) 100vw, 1800px\" \/>\t<\/div>    <\/div>\n<\/div>\t\t<\/div>\n\t\t\t\t<\/div>\n\t\t\t\t\t<\/div>\n\t\t<\/div>\n\t\t\t\t\t<\/div>\n\t\t<\/section>\n\t\t\t\t<section class=\"elementor-section elementor-top-section elementor-element elementor-element-1216ae3 elementor-section-boxed elementor-section-height-default elementor-section-height-default magic-button-disabled-no qodef-elementor-content-no\" data-id=\"1216ae3\" data-element_type=\"section\">\n\t\t\t\t\t\t<div class=\"elementor-container elementor-column-gap-default\">\n\t\t\t\t\t<div class=\"elementor-column elementor-col-100 elementor-top-column elementor-element elementor-element-aef48fe\" data-id=\"aef48fe\" data-element_type=\"column\">\n\t\t\t<div class=\"elementor-widget-wrap elementor-element-populated\">\n\t\t\t\t\t\t<div class=\"elementor-element elementor-element-b4a5301 elementor-widget elementor-widget-alloggio_core_image_gallery\" data-id=\"b4a5301\" data-element_type=\"widget\" data-widget_type=\"alloggio_core_image_gallery.default\">\n\t\t\t\t<div class=\"elementor-widget-container\">\n\t\t\t<div class=\"qodef-shortcode qodef-m  qodef-image-gallery      qodef-grid qodef-layout--columns  qodef-gutter--normal qodef-col-num--3  qodef-responsive--predefined\">\n    <div class=\"qodef-grid-inner clear\">\n\t\t<div class=\"qodef-e qodef-image-wrapper qodef-grid-item\">\n\t\t\t<img loading=\"lazy\" decoding=\"async\" width=\"1800\" height=\"1200\" src=\"https:\/\/terraminoika.com\/wp-content\/uploads\/2024\/06\/61-Copy.jpg\" class=\"attachment-full size-full\" alt=\"\" data-swiper-parallax=\"27%\" srcset=\"https:\/\/terraminoika.com\/wp-content\/uploads\/2024\/06\/61-Copy.jpg 1800w, https:\/\/terraminoika.com\/wp-content\/uploads\/2024\/06\/61-Copy-300x200.jpg 300w, https:\/\/terraminoika.com\/wp-content\/uploads\/2024\/06\/61-Copy-1024x683.jpg 1024w, https:\/\/terraminoika.com\/wp-content\/uploads\/2024\/06\/61-Copy-768x512.jpg 768w, https:\/\/terraminoika.com\/wp-content\/uploads\/2024\/06\/61-Copy-1536x1024.jpg 1536w\" sizes=\"(max-width: 1800px) 100vw, 1800px\" \/>\t<\/div><div class=\"qodef-e qodef-image-wrapper qodef-grid-item\">\n\t\t\t<img loading=\"lazy\" decoding=\"async\" width=\"1800\" height=\"1200\" src=\"https:\/\/terraminoika.com\/wp-content\/uploads\/2024\/06\/62-Copy.jpg\" class=\"attachment-full size-full\" alt=\"\" data-swiper-parallax=\"27%\" srcset=\"https:\/\/terraminoika.com\/wp-content\/uploads\/2024\/06\/62-Copy.jpg 1800w, https:\/\/terraminoika.com\/wp-content\/uploads\/2024\/06\/62-Copy-300x200.jpg 300w, https:\/\/terraminoika.com\/wp-content\/uploads\/2024\/06\/62-Copy-1024x683.jpg 1024w, https:\/\/terraminoika.com\/wp-content\/uploads\/2024\/06\/62-Copy-768x512.jpg 768w, https:\/\/terraminoika.com\/wp-content\/uploads\/2024\/06\/62-Copy-1536x1024.jpg 1536w\" sizes=\"(max-width: 1800px) 100vw, 1800px\" \/>\t<\/div><div class=\"qodef-e qodef-image-wrapper qodef-grid-item\">\n\t\t\t<img loading=\"lazy\" decoding=\"async\" width=\"1800\" height=\"1200\" src=\"https:\/\/terraminoika.com\/wp-content\/uploads\/2024\/06\/63-Copy.jpg\" class=\"attachment-full size-full\" alt=\"\" data-swiper-parallax=\"27%\" srcset=\"https:\/\/terraminoika.com\/wp-content\/uploads\/2024\/06\/63-Copy.jpg 1800w, https:\/\/terraminoika.com\/wp-content\/uploads\/2024\/06\/63-Copy-300x200.jpg 300w, https:\/\/terraminoika.com\/wp-content\/uploads\/2024\/06\/63-Copy-1024x683.jpg 1024w, https:\/\/terraminoika.com\/wp-content\/uploads\/2024\/06\/63-Copy-768x512.jpg 768w, https:\/\/terraminoika.com\/wp-content\/uploads\/2024\/06\/63-Copy-1536x1024.jpg 1536w\" sizes=\"(max-width: 1800px) 100vw, 1800px\" \/>\t<\/div>    <\/div>\n<\/div>\t\t<\/div>\n\t\t\t\t<\/div>\n\t\t\t\t\t<\/div>\n\t\t<\/div>\n\t\t\t\t\t<\/div>\n\t\t<\/section>\n\t\t\t\t<\/div>\n\t\t","protected":false},"excerpt":{"rendered":"<p>Le petit-d\u00e9jeuner D ans le plus grand respect du r\u00e9gime cr\u00e9tois et avec un accent mis sur des ingr\u00e9dients frais et naturels, notre petit-d\u00e9jeuner est pr\u00e9par\u00e9 \u00e0 partir des produits de nos jardins biologiques et de notre verger familial \u2014 herbes, arbres fruitiers et olives pour notre huile d\u2019olive extra vierge maison. Ces produits sont [&hellip;]<\/p>\n","protected":false},"author":1,"featured_media":0,"parent":0,"menu_order":11,"comment_status":"closed","ping_status":"closed","template":"","meta":{"footnotes":""},"yoast_head":"<!-- This site is optimized with the Yoast SEO plugin v22.9 - https:\/\/yoast.com\/wordpress\/plugins\/seo\/ -->\n<title>Services - Terra Minoika<\/title>\n<meta name=\"robots\" content=\"index, follow, max-snippet:-1, max-image-preview:large, max-video-preview:-1\" \/>\n<link rel=\"canonical\" href=\"https:\/\/terraminoika.com\/services\/\" \/>\n<meta property=\"og:locale\" content=\"fr_FR\" \/>\n<meta property=\"og:type\" content=\"article\" \/>\n<meta property=\"og:title\" content=\"Services - Terra Minoika\" \/>\n<meta property=\"og:description\" content=\"Le petit-d\u00e9jeuner D ans le plus grand respect du r\u00e9gime cr\u00e9tois et avec un accent mis sur des ingr\u00e9dients frais et naturels, notre petit-d\u00e9jeuner est pr\u00e9par\u00e9 \u00e0 partir des produits de nos jardins biologiques et de notre verger familial \u2014 herbes, arbres fruitiers et olives pour notre huile d\u2019olive extra vierge maison. Ces produits sont [&hellip;]\" \/>\n<meta property=\"og:url\" content=\"https:\/\/terraminoika.com\/services\/\" \/>\n<meta property=\"og:site_name\" content=\"Terra Minoika\" \/>\n<meta property=\"article:modified_time\" content=\"2025-10-16T10:52:27+00:00\" \/>\n<meta property=\"og:image\" content=\"https:\/\/terraminoika.com\/wp-content\/uploads\/2024\/06\/48-Copy.gif\" \/>\n<meta name=\"twitter:card\" content=\"summary_large_image\" \/>\n<meta name=\"twitter:label1\" content=\"Dur\u00e9e de lecture estim\u00e9e\" \/>\n\t<meta name=\"twitter:data1\" content=\"4 minutes\" \/>\n<script type=\"application\/ld+json\" class=\"yoast-schema-graph\">{\"@context\":\"https:\/\/schema.org\",\"@graph\":[{\"@type\":\"WebPage\",\"@id\":\"https:\/\/terraminoika.com\/services\/\",\"url\":\"https:\/\/terraminoika.com\/services\/\",\"name\":\"Services - Terra Minoika\",\"isPartOf\":{\"@id\":\"https:\/\/terraminoika.com\/#website\"},\"primaryImageOfPage\":{\"@id\":\"https:\/\/terraminoika.com\/services\/#primaryimage\"},\"image\":{\"@id\":\"https:\/\/terraminoika.com\/services\/#primaryimage\"},\"thumbnailUrl\":\"https:\/\/terraminoika.com\/wp-content\/uploads\/2024\/06\/48-Copy.gif\",\"datePublished\":\"2020-06-05T13:54:33+00:00\",\"dateModified\":\"2025-10-16T10:52:27+00:00\",\"breadcrumb\":{\"@id\":\"https:\/\/terraminoika.com\/services\/#breadcrumb\"},\"inLanguage\":\"fr-FR\",\"potentialAction\":[{\"@type\":\"ReadAction\",\"target\":[\"https:\/\/terraminoika.com\/services\/\"]}]},{\"@type\":\"ImageObject\",\"inLanguage\":\"fr-FR\",\"@id\":\"https:\/\/terraminoika.com\/services\/#primaryimage\",\"url\":\"https:\/\/terraminoika.com\/wp-content\/uploads\/2024\/06\/48-Copy.gif\",\"contentUrl\":\"https:\/\/terraminoika.com\/wp-content\/uploads\/2024\/06\/48-Copy.gif\"},{\"@type\":\"BreadcrumbList\",\"@id\":\"https:\/\/terraminoika.com\/services\/#breadcrumb\",\"itemListElement\":[{\"@type\":\"ListItem\",\"position\":1,\"name\":\"\u0391\u03c1\u03c7\u03b9\u03ba\u03ae\",\"item\":\"https:\/\/terraminoika.com\/\"},{\"@type\":\"ListItem\",\"position\":2,\"name\":\"Services\"}]},{\"@type\":\"WebSite\",\"@id\":\"https:\/\/terraminoika.com\/#website\",\"url\":\"https:\/\/terraminoika.com\/\",\"name\":\"Terra Minoika\",\"description\":\"Kato Zakros, East Crete\",\"potentialAction\":[{\"@type\":\"SearchAction\",\"target\":{\"@type\":\"EntryPoint\",\"urlTemplate\":\"https:\/\/terraminoika.com\/?s={search_term_string}\"},\"query-input\":\"required name=search_term_string\"}],\"inLanguage\":\"fr-FR\"}]}<\/script>\n<!-- \/ Yoast SEO plugin. -->","yoast_head_json":{"title":"Services - Terra Minoika","robots":{"index":"index","follow":"follow","max-snippet":"max-snippet:-1","max-image-preview":"max-image-preview:large","max-video-preview":"max-video-preview:-1"},"canonical":"https:\/\/terraminoika.com\/services\/","og_locale":"fr_FR","og_type":"article","og_title":"Services - Terra Minoika","og_description":"Le petit-d\u00e9jeuner D ans le plus grand respect du r\u00e9gime cr\u00e9tois et avec un accent mis sur des ingr\u00e9dients frais et naturels, notre petit-d\u00e9jeuner est pr\u00e9par\u00e9 \u00e0 partir des produits de nos jardins biologiques et de notre verger familial \u2014 herbes, arbres fruitiers et olives pour notre huile d\u2019olive extra vierge maison. Ces produits sont [&hellip;]","og_url":"https:\/\/terraminoika.com\/services\/","og_site_name":"Terra Minoika","article_modified_time":"2025-10-16T10:52:27+00:00","og_image":[{"url":"https:\/\/terraminoika.com\/wp-content\/uploads\/2024\/06\/48-Copy.gif"}],"twitter_card":"summary_large_image","twitter_misc":{"Dur\u00e9e de lecture estim\u00e9e":"4 minutes"},"schema":{"@context":"https:\/\/schema.org","@graph":[{"@type":"WebPage","@id":"https:\/\/terraminoika.com\/services\/","url":"https:\/\/terraminoika.com\/services\/","name":"Services - Terra Minoika","isPartOf":{"@id":"https:\/\/terraminoika.com\/#website"},"primaryImageOfPage":{"@id":"https:\/\/terraminoika.com\/services\/#primaryimage"},"image":{"@id":"https:\/\/terraminoika.com\/services\/#primaryimage"},"thumbnailUrl":"https:\/\/terraminoika.com\/wp-content\/uploads\/2024\/06\/48-Copy.gif","datePublished":"2020-06-05T13:54:33+00:00","dateModified":"2025-10-16T10:52:27+00:00","breadcrumb":{"@id":"https:\/\/terraminoika.com\/services\/#breadcrumb"},"inLanguage":"fr-FR","potentialAction":[{"@type":"ReadAction","target":["https:\/\/terraminoika.com\/services\/"]}]},{"@type":"ImageObject","inLanguage":"fr-FR","@id":"https:\/\/terraminoika.com\/services\/#primaryimage","url":"https:\/\/terraminoika.com\/wp-content\/uploads\/2024\/06\/48-Copy.gif","contentUrl":"https:\/\/terraminoika.com\/wp-content\/uploads\/2024\/06\/48-Copy.gif"},{"@type":"BreadcrumbList","@id":"https:\/\/terraminoika.com\/services\/#breadcrumb","itemListElement":[{"@type":"ListItem","position":1,"name":"\u0391\u03c1\u03c7\u03b9\u03ba\u03ae","item":"https:\/\/terraminoika.com\/"},{"@type":"ListItem","position":2,"name":"Services"}]},{"@type":"WebSite","@id":"https:\/\/terraminoika.com\/#website","url":"https:\/\/terraminoika.com\/","name":"Terra Minoika","description":"Kato Zakros, East Crete","potentialAction":[{"@type":"SearchAction","target":{"@type":"EntryPoint","urlTemplate":"https:\/\/terraminoika.com\/?s={search_term_string}"},"query-input":"required name=search_term_string"}],"inLanguage":"fr-FR"}]}},"_links":{"self":[{"href":"https:\/\/terraminoika.com\/fr\/wp-json\/wp\/v2\/pages\/11167"}],"collection":[{"href":"https:\/\/terraminoika.com\/fr\/wp-json\/wp\/v2\/pages"}],"about":[{"href":"https:\/\/terraminoika.com\/fr\/wp-json\/wp\/v2\/types\/page"}],"author":[{"embeddable":true,"href":"https:\/\/terraminoika.com\/fr\/wp-json\/wp\/v2\/users\/1"}],"replies":[{"embeddable":true,"href":"https:\/\/terraminoika.com\/fr\/wp-json\/wp\/v2\/comments?post=11167"}],"version-history":[{"count":101,"href":"https:\/\/terraminoika.com\/fr\/wp-json\/wp\/v2\/pages\/11167\/revisions"}],"predecessor-version":[{"id":15996,"href":"https:\/\/terraminoika.com\/fr\/wp-json\/wp\/v2\/pages\/11167\/revisions\/15996"}],"wp:attachment":[{"href":"https:\/\/terraminoika.com\/fr\/wp-json\/wp\/v2\/media?parent=11167"}],"curies":[{"name":"wp","href":"https:\/\/api.w.org\/{rel}","templated":true}]}}