{"id":11131,"date":"2020-06-29T08:25:26","date_gmt":"2020-06-29T08:25:26","guid":{"rendered":"https:\/\/terraminoika.com\/deluxe-suite-sea-view\/"},"modified":"2025-10-16T10:10:22","modified_gmt":"2025-10-16T10:10:22","slug":"deluxe-suite-sea-view","status":"publish","type":"page","link":"https:\/\/terraminoika.com\/fr\/deluxe-suite-sea-view\/","title":{"rendered":"Suite de luxe avec vue sur mer"},"content":{"rendered":"\t\t<div data-elementor-type=\"wp-page\" data-elementor-id=\"11131\" class=\"elementor elementor-11131 elementor-5697\">\n\t\t\t\t\t\t<section class=\"elementor-section elementor-top-section elementor-element elementor-element-57a98815 elementor-section-full_width elementor-section-stretched elementor-section-height-default elementor-section-height-default magic-button-disabled-no qodef-elementor-content-no\" data-id=\"57a98815\" data-element_type=\"section\" data-settings=\"{&quot;stretch_section&quot;:&quot;section-stretched&quot;}\">\n\t\t\t\t\t\t<div class=\"elementor-container elementor-column-gap-no\">\n\t\t\t\t\t<div class=\"elementor-column elementor-col-100 elementor-top-column elementor-element elementor-element-7df72959\" data-id=\"7df72959\" data-element_type=\"column\">\n\t\t\t<div class=\"elementor-widget-wrap elementor-element-populated\">\n\t\t\t\t\t\t<div class=\"elementor-element elementor-element-132e5c2b elementor-widget elementor-widget-alloggio_core_info_card\" data-id=\"132e5c2b\" data-element_type=\"widget\" data-widget_type=\"alloggio_core_info_card.default\">\n\t\t\t\t<div class=\"elementor-widget-container\">\n\t\t\t<div class=\"qodef-shortcode qodef-m qodef-button-inverted-hover qodef-info-card qodef-image--right qodef--has-parallax\">\n\t<div class=\"qodef-m-image\">\n\t<img fetchpriority=\"high\" decoding=\"async\" src=\"https:\/\/terraminoika.com\/wp-content\/uploads\/2024\/06\/105-Copy-620x787.jpg\" alt=\"\" width=\"620\" height=\"787\" \/><\/div>\t<div class=\"qodef-m-content\" style=\"background-color: #FFFFFF\">\n\t\t\t<h2 class=\"qodef-m-title\" style=\"color: #3D3D3D\">Suite de luxe avec vue sur mer<\/h2>\n\t\t\t\t\t<p class=\"qodef-m-text\" style=\"margin-top: 24px;color: #9F9F9F\">Situ\u00e9e en hauteur, la Suite Deluxe offre une vue panoramique imprenable sur la mer, la Gorge des Morts et le site arch\u00e9ologique voisin.\nAvec deux balcons priv\u00e9s \u2014 l\u2019un orient\u00e9 \u00e0 l\u2019est, l\u2019autre \u00e0 l\u2019ouest \u2014 les h\u00f4tes peuvent admirer des levers et couchers de soleil spectaculaires dans une atmosph\u00e8re de s\u00e9r\u00e9nit\u00e9 absolue.\n\nCon\u00e7ue avec soin pour 2 \u00e0 3 personnes, la suite comprend une chambre spacieuse \u00e9quip\u00e9e d\u2019un matelas de haute qualit\u00e9, un salon confortable et une cuisine enti\u00e8rement \u00e9quip\u00e9e.\nLa d\u00e9coration soign\u00e9e capture le charme authentique de la Cr\u00e8te, alliant tradition et confort moderne.\nUn choix id\u00e9al pour ceux qui recherchent intimit\u00e9, calme et une connexion profonde avec le paysage naturel et historique environnant.<\/p>\n\t\t\t<div class=\"qodef-m-button\">\n\t\t<a class=\"qodef-shortcode qodef-m  qodef-button qodef-layout--filled  qodef-html--link\" href=\"https:\/\/terraminoika.reserve-online.net\/\" target=\"_self\" data-hover-background-color=\"#56C4C4\" style=\"color: #FFFFFF;background-color: #56C4C4;margin: -5px 0 0 0\">\t<span class=\"qodef-m-text\">RESERVEZ<\/span>\t<span class=\"qodef-m-background-holder\" style=\"background-color: #56C4C4\"><\/span><\/a>\t<\/div>\n\t\t\t<\/div>\n<\/div>\t\t<\/div>\n\t\t\t\t<\/div>\n\t\t\t\t\t<\/div>\n\t\t<\/div>\n\t\t\t\t\t<\/div>\n\t\t<\/section>\n\t\t\t\t<section class=\"elementor-section elementor-top-section elementor-element elementor-element-1235879 elementor-section-boxed elementor-section-height-default elementor-section-height-default magic-button-disabled-no qodef-elementor-content-no\" data-id=\"1235879\" data-element_type=\"section\">\n\t\t\t\t\t\t<div class=\"elementor-container elementor-column-gap-default\">\n\t\t\t\t\t<div class=\"elementor-column elementor-col-100 elementor-top-column elementor-element elementor-element-1c55ec8\" data-id=\"1c55ec8\" data-element_type=\"column\">\n\t\t\t<div class=\"elementor-widget-wrap elementor-element-populated\">\n\t\t\t\t\t\t<div class=\"elementor-element elementor-element-f5aa6e7 elementor-widget elementor-widget-heading\" data-id=\"f5aa6e7\" data-element_type=\"widget\" data-widget_type=\"heading.default\">\n\t\t\t\t<div class=\"elementor-widget-container\">\n\t\t\t<h2 class=\"elementor-heading-title elementor-size-default\">Equipements et services<\/h2>\t\t<\/div>\n\t\t\t\t<\/div>\n\t\t\t\t<div class=\"elementor-element elementor-element-dea665e elementor-widget elementor-widget-spacer\" data-id=\"dea665e\" data-element_type=\"widget\" data-widget_type=\"spacer.default\">\n\t\t\t\t<div class=\"elementor-widget-container\">\n\t\t\t\t\t<div class=\"elementor-spacer\">\n\t\t\t<div class=\"elementor-spacer-inner\"><\/div>\n\t\t<\/div>\n\t\t\t\t<\/div>\n\t\t\t\t<\/div>\n\t\t\t\t\t<\/div>\n\t\t<\/div>\n\t\t\t\t\t<\/div>\n\t\t<\/section>\n\t\t\t\t<section class=\"elementor-section elementor-top-section elementor-element elementor-element-785e6ee elementor-section-boxed elementor-section-height-default elementor-section-height-default magic-button-disabled-no qodef-elementor-content-no\" data-id=\"785e6ee\" data-element_type=\"section\">\n\t\t\t\t\t\t<div class=\"elementor-container elementor-column-gap-default\">\n\t\t\t\t\t<div class=\"elementor-column elementor-col-50 elementor-top-column elementor-element elementor-element-c807b95\" data-id=\"c807b95\" data-element_type=\"column\">\n\t\t\t<div class=\"elementor-widget-wrap elementor-element-populated\">\n\t\t\t\t\t\t<div class=\"elementor-element elementor-element-0899953 elementor-widget elementor-widget-text-editor\" data-id=\"0899953\" data-element_type=\"widget\" data-widget_type=\"text-editor.default\">\n\t\t\t\t<div class=\"elementor-widget-container\">\n\t\t\t\t\t\t\t<ul><li>Vue panoramique sur la mer et la montagne<\/li><li>Deux balcons priv\u00e9s avec treillis en bois<\/li><li>Climatisation<\/li><li>Petit-d\u00e9jeuner gratuit<\/li><li>Fen\u00eatres insonoris\u00e9es avec moustiquaires<\/li><li>Coin salon avec canap\u00e9-lit<\/li><li>Table \u00e0 manger et bureau<\/li><li>Armoire et \u00e9tendoir \u00e0 linge<\/li><li>Kitchenette enti\u00e8rement \u00e9quip\u00e9e<\/li><li>R\u00e9frig\u00e9rateur<\/li><li>Machine \u00e0 caf\u00e9 \u00e0 capsules, cafeti\u00e8re, bouilloire, grille-pain et th\u00e9i\u00e8re<\/li><li>Huile d\u2019olive locale et eau de source de Zakros<\/li><\/ul>\t\t\t\t\t\t<\/div>\n\t\t\t\t<\/div>\n\t\t\t\t\t<\/div>\n\t\t<\/div>\n\t\t\t\t<div class=\"elementor-column elementor-col-50 elementor-top-column elementor-element elementor-element-509a59c\" data-id=\"509a59c\" data-element_type=\"column\">\n\t\t\t<div class=\"elementor-widget-wrap elementor-element-populated\">\n\t\t\t\t\t\t<div class=\"elementor-element elementor-element-c83af26 elementor-widget elementor-widget-text-editor\" data-id=\"c83af26\" data-element_type=\"widget\" data-widget_type=\"text-editor.default\">\n\t\t\t\t<div class=\"elementor-widget-container\">\n\t\t\t\t\t\t\t<ul><li>Salle de bain avec colonne de douche hydromassante<\/li><li>Peignoirs et chaussons<\/li><li>Articles de toilette gratuits<\/li><li>S\u00e8che-cheveux et miroir grossissant<\/li><li>T\u00e9l\u00e9vision connect\u00e9e \u00e0 \u00e9cran plat<\/li><li>Coffre-fort<\/li><li>Service de m\u00e9nage quotidien<\/li><li>Serviettes de plage<\/li><li>Service de blanchisserie (en suppl\u00e9ment)<\/li><li>Fer et planche \u00e0 repasser<\/li><li>Parking gratuit sur place<\/li><li>Caf\u00e9 et th\u00e9 offerts<\/li><\/ul>\t\t\t\t\t\t<\/div>\n\t\t\t\t<\/div>\n\t\t\t\t\t<\/div>\n\t\t<\/div>\n\t\t\t\t\t<\/div>\n\t\t<\/section>\n\t\t\t\t<section class=\"elementor-section elementor-top-section elementor-element elementor-element-74f1cc2e elementor-section-full_width elementor-section-stretched elementor-section-height-default elementor-section-height-default magic-button-disabled-no qodef-elementor-content-no\" data-id=\"74f1cc2e\" data-element_type=\"section\" data-settings=\"{&quot;stretch_section&quot;:&quot;section-stretched&quot;}\">\n\t\t\t\t\t\t<div class=\"elementor-container elementor-column-gap-no\">\n\t\t\t\t\t<div class=\"elementor-column elementor-col-100 elementor-top-column elementor-element elementor-element-4870eaff\" data-id=\"4870eaff\" data-element_type=\"column\">\n\t\t\t<div class=\"elementor-widget-wrap elementor-element-populated\">\n\t\t\t\t\t\t<div class=\"elementor-element elementor-element-6c6e03c elementor-widget elementor-widget-spacer\" data-id=\"6c6e03c\" data-element_type=\"widget\" data-widget_type=\"spacer.default\">\n\t\t\t\t<div class=\"elementor-widget-container\">\n\t\t\t\t\t<div class=\"elementor-spacer\">\n\t\t\t<div class=\"elementor-spacer-inner\"><\/div>\n\t\t<\/div>\n\t\t\t\t<\/div>\n\t\t\t\t<\/div>\n\t\t\t\t<div class=\"elementor-element elementor-element-0987b7d elementor-widget__width-initial elementor-widget elementor-widget-alloggio_core_centered_slider\" data-id=\"0987b7d\" data-element_type=\"widget\" data-widget_type=\"alloggio_core_centered_slider.default\">\n\t\t\t\t<div class=\"elementor-widget-container\">\n\t\t\t<div class=\"qodef-shortcode qodef-m  qodef-centered-slider qodef-swiper-container qodef---has-hover\" data-options=\"{&quot;slidesPerView&quot;:&quot;auto&quot;,&quot;slidesPerView1440&quot;:&quot;auto&quot;,&quot;slidesPerView1366&quot;:&quot;auto&quot;,&quot;slidesPerView1024&quot;:&quot;auto&quot;,&quot;slidesPerView768&quot;:&quot;1&quot;,&quot;centeredSlides&quot;:&quot;true&quot;}\">\n\t<div class=\"swiper-wrapper\">\n\t\t\t\t\t<div class=\"qodef-m-item swiper-slide\">\n\t\t\t\t\t\t\t\t\t<div class=\"qodef-m-image-holder\"><div class=\"qodef-m-image\">\n\t\t\t\t\t\t<img decoding=\"async\" src=\"https:\/\/terraminoika.com\/wp-content\/uploads\/2024\/07\/1-Copy.jpg\" alt=\"\"\/>\n\t\t\t\t\t<\/div><\/div>\n\t\t\t\t\t\t\t\t\t\t\t\t\t\t\t<\/div>\n\t\t\t\t\t<div class=\"qodef-m-item swiper-slide\">\n\t\t\t\t\t\t\t\t\t<div class=\"qodef-m-image-holder\"><div class=\"qodef-m-image\">\n\t\t\t\t\t\t<img decoding=\"async\" src=\"https:\/\/terraminoika.com\/wp-content\/uploads\/2024\/07\/3-Copy-1.jpg\" alt=\"\"\/>\n\t\t\t\t\t<\/div><\/div>\n\t\t\t\t\t\t\t\t\t\t\t\t\t\t\t<\/div>\n\t\t\t\t\t<div class=\"qodef-m-item swiper-slide\">\n\t\t\t\t\t\t\t\t\t<div class=\"qodef-m-image-holder\"><div class=\"qodef-m-image\">\n\t\t\t\t\t\t<img decoding=\"async\" src=\"https:\/\/terraminoika.com\/wp-content\/uploads\/2024\/07\/4-Copy.jpg\" alt=\"\"\/>\n\t\t\t\t\t<\/div><\/div>\n\t\t\t\t\t\t\t\t\t\t\t\t\t\t\t<\/div>\n\t\t\t\t\t<div class=\"qodef-m-item swiper-slide\">\n\t\t\t\t\t\t\t\t\t<div class=\"qodef-m-image-holder\"><div class=\"qodef-m-image\">\n\t\t\t\t\t\t<img decoding=\"async\" src=\"https:\/\/terraminoika.com\/wp-content\/uploads\/2024\/07\/5-Copy.jpg\" alt=\"\"\/>\n\t\t\t\t\t<\/div><\/div>\n\t\t\t\t\t\t\t\t\t\t\t\t\t\t\t<\/div>\n\t\t\t\t\t<div class=\"qodef-m-item swiper-slide\">\n\t\t\t\t\t\t\t\t\t<div class=\"qodef-m-image-holder\"><div class=\"qodef-m-image\">\n\t\t\t\t\t\t<img decoding=\"async\" src=\"https:\/\/terraminoika.com\/wp-content\/uploads\/2024\/07\/12-Copy.jpg\" alt=\"\"\/>\n\t\t\t\t\t<\/div><\/div>\n\t\t\t\t\t\t\t\t\t\t\t\t\t\t\t<\/div>\n\t\t\t\t\t<div class=\"qodef-m-item swiper-slide\">\n\t\t\t\t\t\t\t\t\t<div class=\"qodef-m-image-holder\"><div class=\"qodef-m-image\">\n\t\t\t\t\t\t<img decoding=\"async\" src=\"https:\/\/terraminoika.com\/wp-content\/uploads\/2024\/07\/13-Copy.jpg\" alt=\"\"\/>\n\t\t\t\t\t<\/div><\/div>\n\t\t\t\t\t\t\t\t\t\t\t\t\t\t\t<\/div>\n\t\t\t\t\t<div class=\"qodef-m-item swiper-slide\">\n\t\t\t\t\t\t\t\t\t<div class=\"qodef-m-image-holder\"><div class=\"qodef-m-image\">\n\t\t\t\t\t\t<img decoding=\"async\" src=\"https:\/\/terraminoika.com\/wp-content\/uploads\/2024\/07\/6-Copy-1.jpg\" alt=\"\"\/>\n\t\t\t\t\t<\/div><\/div>\n\t\t\t\t\t\t\t\t\t\t\t\t\t\t\t<\/div>\n\t\t\t\t\t<div class=\"qodef-m-item swiper-slide\">\n\t\t\t\t\t\t\t\t\t<div class=\"qodef-m-image-holder\"><div class=\"qodef-m-image\">\n\t\t\t\t\t\t<img decoding=\"async\" src=\"https:\/\/terraminoika.com\/wp-content\/uploads\/2024\/07\/11-Copy.jpg\" alt=\"\"\/>\n\t\t\t\t\t<\/div><\/div>\n\t\t\t\t\t\t\t\t\t\t\t\t\t\t\t<\/div>\n\t\t\t\t\t<div class=\"qodef-m-item swiper-slide\">\n\t\t\t\t\t\t\t\t\t<div class=\"qodef-m-image-holder\"><div class=\"qodef-m-image\">\n\t\t\t\t\t\t<img decoding=\"async\" src=\"https:\/\/terraminoika.com\/wp-content\/uploads\/2024\/07\/9-Copy.jpg\" alt=\"\"\/>\n\t\t\t\t\t<\/div><\/div>\n\t\t\t\t\t\t\t\t\t\t\t\t\t\t\t<\/div>\n\t\t\t\t\t<div class=\"qodef-m-item swiper-slide\">\n\t\t\t\t\t\t\t\t\t<div class=\"qodef-m-image-holder\"><div class=\"qodef-m-image\">\n\t\t\t\t\t\t<img decoding=\"async\" src=\"https:\/\/terraminoika.com\/wp-content\/uploads\/2024\/07\/10-Copy.jpg\" alt=\"\"\/>\n\t\t\t\t\t<\/div><\/div>\n\t\t\t\t\t\t\t\t\t\t\t\t\t\t\t<\/div>\n\t\t\t\t\t<div class=\"qodef-m-item swiper-slide\">\n\t\t\t\t\t\t\t\t\t<div class=\"qodef-m-image-holder\"><div class=\"qodef-m-image\">\n\t\t\t\t\t\t<img decoding=\"async\" src=\"https:\/\/terraminoika.com\/wp-content\/uploads\/2024\/07\/14-Copy.jpg\" alt=\"\"\/>\n\t\t\t\t\t<\/div><\/div>\n\t\t\t\t\t\t\t\t\t\t\t\t\t\t\t<\/div>\n\t\t\t<\/div>\n\t\t<div class=\"swiper-pagination\"><\/div><\/div>\t\t<\/div>\n\t\t\t\t<\/div>\n\t\t\t\t\t<\/div>\n\t\t<\/div>\n\t\t\t\t\t<\/div>\n\t\t<\/section>\n\t\t\t\t<\/div>\n\t\t","protected":false},"excerpt":{"rendered":"<p>Suite de luxe avec vue sur mer Situ\u00e9e en hauteur, la Suite Deluxe offre une vue panoramique imprenable sur la mer, la Gorge des Morts et le site arch\u00e9ologique voisin. Avec deux balcons priv\u00e9s \u2014 l\u2019un orient\u00e9 \u00e0 l\u2019est, l\u2019autre \u00e0 l\u2019ouest \u2014 les h\u00f4tes peuvent admirer des levers et couchers de soleil spectaculaires dans [&hellip;]<\/p>\n","protected":false},"author":1,"featured_media":0,"parent":0,"menu_order":23,"comment_status":"closed","ping_status":"closed","template":"","meta":{"footnotes":""},"yoast_head":"<!-- This site is optimized with the Yoast SEO plugin v22.9 - https:\/\/yoast.com\/wordpress\/plugins\/seo\/ -->\n<title>Suite de luxe avec vue sur mer - Terra Minoika<\/title>\n<meta name=\"robots\" content=\"index, follow, max-snippet:-1, max-image-preview:large, max-video-preview:-1\" \/>\n<link rel=\"canonical\" href=\"https:\/\/terraminoika.com\/deluxe-suite-sea-view\/\" \/>\n<meta property=\"og:locale\" content=\"fr_FR\" \/>\n<meta property=\"og:type\" content=\"article\" \/>\n<meta property=\"og:title\" content=\"Suite de luxe avec vue sur mer - Terra Minoika\" \/>\n<meta property=\"og:description\" content=\"Suite de luxe avec vue sur mer Situ\u00e9e en hauteur, la Suite Deluxe offre une vue panoramique imprenable sur la mer, la Gorge des Morts et le site arch\u00e9ologique voisin. Avec deux balcons priv\u00e9s \u2014 l\u2019un orient\u00e9 \u00e0 l\u2019est, l\u2019autre \u00e0 l\u2019ouest \u2014 les h\u00f4tes peuvent admirer des levers et couchers de soleil spectaculaires dans [&hellip;]\" \/>\n<meta property=\"og:url\" content=\"https:\/\/terraminoika.com\/deluxe-suite-sea-view\/\" \/>\n<meta property=\"og:site_name\" content=\"Terra Minoika\" \/>\n<meta property=\"article:modified_time\" content=\"2025-10-16T10:10:22+00:00\" \/>\n<meta property=\"og:image\" content=\"https:\/\/terraminoika.com\/wp-content\/uploads\/2024\/06\/105-Copy-620x787.jpg\" \/>\n<meta name=\"twitter:card\" content=\"summary_large_image\" \/>\n<meta name=\"twitter:label1\" content=\"Dur\u00e9e de lecture estim\u00e9e\" \/>\n\t<meta name=\"twitter:data1\" content=\"8 minutes\" \/>\n<script type=\"application\/ld+json\" class=\"yoast-schema-graph\">{\"@context\":\"https:\/\/schema.org\",\"@graph\":[{\"@type\":\"WebPage\",\"@id\":\"https:\/\/terraminoika.com\/deluxe-suite-sea-view\/\",\"url\":\"https:\/\/terraminoika.com\/deluxe-suite-sea-view\/\",\"name\":\"Suite de luxe avec vue sur mer - Terra Minoika\",\"isPartOf\":{\"@id\":\"https:\/\/terraminoika.com\/#website\"},\"primaryImageOfPage\":{\"@id\":\"https:\/\/terraminoika.com\/deluxe-suite-sea-view\/#primaryimage\"},\"image\":{\"@id\":\"https:\/\/terraminoika.com\/deluxe-suite-sea-view\/#primaryimage\"},\"thumbnailUrl\":\"https:\/\/terraminoika.com\/wp-content\/uploads\/2024\/06\/105-Copy-620x787.jpg\",\"datePublished\":\"2020-06-29T08:25:26+00:00\",\"dateModified\":\"2025-10-16T10:10:22+00:00\",\"breadcrumb\":{\"@id\":\"https:\/\/terraminoika.com\/deluxe-suite-sea-view\/#breadcrumb\"},\"inLanguage\":\"fr-FR\",\"potentialAction\":[{\"@type\":\"ReadAction\",\"target\":[\"https:\/\/terraminoika.com\/deluxe-suite-sea-view\/\"]}]},{\"@type\":\"ImageObject\",\"inLanguage\":\"fr-FR\",\"@id\":\"https:\/\/terraminoika.com\/deluxe-suite-sea-view\/#primaryimage\",\"url\":\"https:\/\/terraminoika.com\/wp-content\/uploads\/2024\/06\/105-Copy-620x787.jpg\",\"contentUrl\":\"https:\/\/terraminoika.com\/wp-content\/uploads\/2024\/06\/105-Copy-620x787.jpg\"},{\"@type\":\"BreadcrumbList\",\"@id\":\"https:\/\/terraminoika.com\/deluxe-suite-sea-view\/#breadcrumb\",\"itemListElement\":[{\"@type\":\"ListItem\",\"position\":1,\"name\":\"\u0391\u03c1\u03c7\u03b9\u03ba\u03ae\",\"item\":\"https:\/\/terraminoika.com\/\"},{\"@type\":\"ListItem\",\"position\":2,\"name\":\"Suite de luxe avec vue sur mer\"}]},{\"@type\":\"WebSite\",\"@id\":\"https:\/\/terraminoika.com\/#website\",\"url\":\"https:\/\/terraminoika.com\/\",\"name\":\"Terra Minoika\",\"description\":\"Kato Zakros, East Crete\",\"potentialAction\":[{\"@type\":\"SearchAction\",\"target\":{\"@type\":\"EntryPoint\",\"urlTemplate\":\"https:\/\/terraminoika.com\/?s={search_term_string}\"},\"query-input\":\"required name=search_term_string\"}],\"inLanguage\":\"fr-FR\"}]}<\/script>\n<!-- \/ Yoast SEO plugin. -->","yoast_head_json":{"title":"Suite de luxe avec vue sur mer - Terra Minoika","robots":{"index":"index","follow":"follow","max-snippet":"max-snippet:-1","max-image-preview":"max-image-preview:large","max-video-preview":"max-video-preview:-1"},"canonical":"https:\/\/terraminoika.com\/deluxe-suite-sea-view\/","og_locale":"fr_FR","og_type":"article","og_title":"Suite de luxe avec vue sur mer - Terra Minoika","og_description":"Suite de luxe avec vue sur mer Situ\u00e9e en hauteur, la Suite Deluxe offre une vue panoramique imprenable sur la mer, la Gorge des Morts et le site arch\u00e9ologique voisin. Avec deux balcons priv\u00e9s \u2014 l\u2019un orient\u00e9 \u00e0 l\u2019est, l\u2019autre \u00e0 l\u2019ouest \u2014 les h\u00f4tes peuvent admirer des levers et couchers de soleil spectaculaires dans [&hellip;]","og_url":"https:\/\/terraminoika.com\/deluxe-suite-sea-view\/","og_site_name":"Terra Minoika","article_modified_time":"2025-10-16T10:10:22+00:00","og_image":[{"url":"https:\/\/terraminoika.com\/wp-content\/uploads\/2024\/06\/105-Copy-620x787.jpg"}],"twitter_card":"summary_large_image","twitter_misc":{"Dur\u00e9e de lecture estim\u00e9e":"8 minutes"},"schema":{"@context":"https:\/\/schema.org","@graph":[{"@type":"WebPage","@id":"https:\/\/terraminoika.com\/deluxe-suite-sea-view\/","url":"https:\/\/terraminoika.com\/deluxe-suite-sea-view\/","name":"Suite de luxe avec vue sur mer - Terra Minoika","isPartOf":{"@id":"https:\/\/terraminoika.com\/#website"},"primaryImageOfPage":{"@id":"https:\/\/terraminoika.com\/deluxe-suite-sea-view\/#primaryimage"},"image":{"@id":"https:\/\/terraminoika.com\/deluxe-suite-sea-view\/#primaryimage"},"thumbnailUrl":"https:\/\/terraminoika.com\/wp-content\/uploads\/2024\/06\/105-Copy-620x787.jpg","datePublished":"2020-06-29T08:25:26+00:00","dateModified":"2025-10-16T10:10:22+00:00","breadcrumb":{"@id":"https:\/\/terraminoika.com\/deluxe-suite-sea-view\/#breadcrumb"},"inLanguage":"fr-FR","potentialAction":[{"@type":"ReadAction","target":["https:\/\/terraminoika.com\/deluxe-suite-sea-view\/"]}]},{"@type":"ImageObject","inLanguage":"fr-FR","@id":"https:\/\/terraminoika.com\/deluxe-suite-sea-view\/#primaryimage","url":"https:\/\/terraminoika.com\/wp-content\/uploads\/2024\/06\/105-Copy-620x787.jpg","contentUrl":"https:\/\/terraminoika.com\/wp-content\/uploads\/2024\/06\/105-Copy-620x787.jpg"},{"@type":"BreadcrumbList","@id":"https:\/\/terraminoika.com\/deluxe-suite-sea-view\/#breadcrumb","itemListElement":[{"@type":"ListItem","position":1,"name":"\u0391\u03c1\u03c7\u03b9\u03ba\u03ae","item":"https:\/\/terraminoika.com\/"},{"@type":"ListItem","position":2,"name":"Suite de luxe avec vue sur mer"}]},{"@type":"WebSite","@id":"https:\/\/terraminoika.com\/#website","url":"https:\/\/terraminoika.com\/","name":"Terra Minoika","description":"Kato Zakros, East Crete","potentialAction":[{"@type":"SearchAction","target":{"@type":"EntryPoint","urlTemplate":"https:\/\/terraminoika.com\/?s={search_term_string}"},"query-input":"required name=search_term_string"}],"inLanguage":"fr-FR"}]}},"_links":{"self":[{"href":"https:\/\/terraminoika.com\/fr\/wp-json\/wp\/v2\/pages\/11131"}],"collection":[{"href":"https:\/\/terraminoika.com\/fr\/wp-json\/wp\/v2\/pages"}],"about":[{"href":"https:\/\/terraminoika.com\/fr\/wp-json\/wp\/v2\/types\/page"}],"author":[{"embeddable":true,"href":"https:\/\/terraminoika.com\/fr\/wp-json\/wp\/v2\/users\/1"}],"replies":[{"embeddable":true,"href":"https:\/\/terraminoika.com\/fr\/wp-json\/wp\/v2\/comments?post=11131"}],"version-history":[{"count":75,"href":"https:\/\/terraminoika.com\/fr\/wp-json\/wp\/v2\/pages\/11131\/revisions"}],"predecessor-version":[{"id":15970,"href":"https:\/\/terraminoika.com\/fr\/wp-json\/wp\/v2\/pages\/11131\/revisions\/15970"}],"wp:attachment":[{"href":"https:\/\/terraminoika.com\/fr\/wp-json\/wp\/v2\/media?parent=11131"}],"curies":[{"name":"wp","href":"https:\/\/api.w.org\/{rel}","templated":true}]}}